{"id":25585,"date":"2024-12-18T14:34:03","date_gmt":"2024-12-18T17:34:03","guid":{"rendered":"https:\/\/jugueterialudico.com.ar\/?post_type=product&#038;p=25585"},"modified":"2026-02-23T16:38:54","modified_gmt":"2026-02-23T19:38:54","slug":"pintapelo-lavable-069","status":"publish","type":"product","link":"https:\/\/jugueterialudico.com.ar\/?product=pintapelo-lavable-069","title":{"rendered":"PINTAPELO LAVABLE &#8211; 069"},"content":{"rendered":"<p>Est\u00e1n aprobados por Anmat para uso en ni\u00f1xs desde 3 a\u00f1os.<\/p>\n<p>Testeados dermatol\u00f3gicamente.<\/p>\n<p>No testeados en animales.<\/p>\n<p>Fabricados en un laboratorio argentino.<\/p>\n<p>&nbsp;<\/p>\n<p>Forma de uso: aplic\u00e1 un color sobre un mech\u00f3n de pelo limpio y seco utilizando el cepillo que incluye cada envase. Dej\u00e1 secar para evitar manchas en la ropa. Para retirar, lav\u00e1 con abundante agua.<\/p>\n<p>Contenido neto 2 unidades dobles de 4cc cada uno.<\/p>\n","protected":false},"excerpt":{"rendered":"<h3><strong><span style=\"color: #0000ff;\">Pin<\/span><span style=\"color: #339966;\">ta<\/span><span style=\"color: #ff00ff;\">pe<\/span><span style=\"color: #ffff00;\">lo<\/span> al agua:<\/strong><\/h3>\n<p><strong>4 colores con cepillo aplicador para lookearte y divertirte sin parar!<\/strong><\/p>\n<p><strong>Es super f\u00e1cil de aplicar y se lava con un poco de agua.<\/strong><\/p>\n<p>Super lavables!<\/p>\n","protected":false},"featured_media":25586,"comment_status":"open","ping_status":"closed","template":"","meta":{"site-sidebar-layout":"default","site-content-layout":"","ast-site-content-layout":"default","site-content-style":"default","site-sidebar-style":"default","ast-global-header-display":"","ast-banner-title-visibility":"","ast-main-header-display":"","ast-hfb-above-header-display":"","ast-hfb-below-header-display":"","ast-hfb-mobile-header-display":"","site-post-title":"","ast-breadcrumbs-content":"","ast-featured-img":"","footer-sml-layout":"","theme-transparent-header-meta":"default","adv-header-id-meta":"","stick-header-meta":"","header-above-stick-meta":"","header-main-stick-meta":"","header-below-stick-meta":"","astra-migrate-meta-layouts":"set","ast-page-background-enabled":"default","ast-page-background-meta":{"desktop":{"background-color":"","background-image":"","background-repeat":"repeat","background-position":"center center","background-size":"auto","background-attachment":"scroll","background-type":"","background-media":"","overlay-type":"","overlay-color":"","overlay-opacity":"","overlay-gradient":""},"tablet":{"background-color":"","background-image":"","background-repeat":"repeat","background-position":"center center","background-size":"auto","background-attachment":"scroll","background-type":"","background-media":"","overlay-type":"","overlay-color":"","overlay-opacity":"","overlay-gradient":""},"mobile":{"background-color":"","background-image":"","background-repeat":"repeat","background-position":"center center","background-size":"auto","background-attachment":"scroll","background-type":"","background-media":"","overlay-type":"","overlay-color":"","overlay-opacity":"","overlay-gradient":""}},"ast-content-background-meta":{"desktop":{"background-color":"var(--ast-global-color-5)","background-image":"","background-repeat":"repeat","background-position":"center center","background-size":"auto","background-attachment":"scroll","background-type":"","background-media":"","overlay-type":"","overlay-color":"","overlay-opacity":"","overlay-gradient":""},"tablet":{"background-color":"var(--ast-global-color-5)","background-image":"","background-repeat":"repeat","background-position":"center center","background-size":"auto","background-attachment":"scroll","background-type":"","background-media":"","overlay-type":"","overlay-color":"","overlay-opacity":"","overlay-gradient":""},"mobile":{"background-color":"var(--ast-global-color-5)","background-image":"","background-repeat":"repeat","background-position":"center center","background-size":"auto","background-attachment":"scroll","background-type":"","background-media":"","overlay-type":"","overlay-color":"","overlay-opacity":"","overlay-gradient":""}},"spay_email":""},"product_cat":[168,164,165,166,167,200,208],"product_tag":[],"_links":{"self":[{"href":"https:\/\/jugueterialudico.com.ar\/index.php?rest_route=\/wp\/v2\/product\/25585"}],"collection":[{"href":"https:\/\/jugueterialudico.com.ar\/index.php?rest_route=\/wp\/v2\/product"}],"about":[{"href":"https:\/\/jugueterialudico.com.ar\/index.php?rest_route=\/wp\/v2\/types\/product"}],"replies":[{"embeddable":true,"href":"https:\/\/jugueterialudico.com.ar\/index.php?rest_route=%2Fwp%2Fv2%2Fcomments&post=25585"}],"wp:featuredmedia":[{"embeddable":true,"href":"https:\/\/jugueterialudico.com.ar\/index.php?rest_route=\/wp\/v2\/media\/25586"}],"wp:attachment":[{"href":"https:\/\/jugueterialudico.com.ar\/index.php?rest_route=%2Fwp%2Fv2%2Fmedia&parent=25585"}],"wp:term":[{"taxonomy":"product_cat","embeddable":true,"href":"https:\/\/jugueterialudico.com.ar\/index.php?rest_route=%2Fwp%2Fv2%2Fproduct_cat&post=25585"},{"taxonomy":"product_tag","embeddable":true,"href":"https:\/\/jugueterialudico.com.ar\/index.php?rest_route=%2Fwp%2Fv2%2Fproduct_tag&post=25585"}],"curies":[{"name":"wp","href":"https:\/\/api.w.org\/{rel}","templated":true}]}}