{"id":25591,"date":"2024-12-18T15:33:13","date_gmt":"2024-12-18T18:33:13","guid":{"rendered":"https:\/\/jugueterialudico.com.ar\/?post_type=product&#038;p=25591"},"modified":"2026-02-18T16:17:16","modified_gmt":"2026-02-18T19:17:16","slug":"masomenos-035","status":"publish","type":"product","link":"https:\/\/jugueterialudico.com.ar\/?product=masomenos-035","title":{"rendered":"MASOMENOS &#8211; 035"},"content":{"rendered":"<p style=\"font-weight: 400;\">CONTENIDO<br \/>\n128 tarjetas, 8 fichas, 1tablero 10 cartas y reglamento del juego.<\/p>\n<p style=\"font-weight: 400;\">Cant. de Jugadores: 4 a 9<br \/>\nEdad: 14 a 99 a\u00f1os<br \/>\nTiempo: 30 minutos<\/p>\n","protected":false},"excerpt":{"rendered":"<h2><b><strong>PARTY GAME COOPERATIVO<\/strong><\/b><\/h2>\n<p style=\"font-weight: 400;\"><b><strong>MASOMENOS<\/strong><\/b>\u00a0un juego cooperativo de socializaci\u00f3n de lo m\u00e1s entretenido, donde deber\u00e1n ubicar\u00a0<b><strong>CUESTIONES ABSURDAS<\/strong><\/b>\u00a0en el orden correcto,<\/p>\n<p>Para cada tema, cada jugador tiene que inventar una respuesta y decirla. Pero la intensidad de la respuesta debe corresponder a el n\u00famero secreto que le haya tocado, del 1 (en verde) al 10 (en rojo). Entonces, si el CAPITAN pone las respuestas en el orden correcto, \u00a1el equipo gana!<br \/>\nGanar\u00e1n si logran poner en orden las respuestas seg\u00fan la intensidad de las mismas.<\/p>\n<p>Ejemplos de temas:<\/p>\n<p>\u00bfQu\u00e9 objeto les hubiese venido bien cuando se hundi\u00f3 el Titanic?\u00a0Del menos \u00fatil al m\u00e1s \u00fatil.<\/p>\n<p>M\u00edmica: el ba\u00f1o est\u00e1 ocupado y necesitas hacer pis.\u00a0De \u00abPuedo aguantar\u00bb a \u00abMe hago pis encima\u00bb.<\/p>\n<p>Batman quiere sustituir a Robin en la lucha contra el mal. Crea un nuevo d\u00fao: Batman y\u2026\u00a0De peor a mejor.<\/p>\n<p>M\u00e1s de 500 temas variados y originales para descostillarse de risa y delirar en grupo.<\/p>\n","protected":false},"featured_media":25594,"comment_status":"open","ping_status":"closed","template":"","meta":{"site-sidebar-layout":"default","site-content-layout":"","ast-site-content-layout":"default","site-content-style":"default","site-sidebar-style":"default","ast-global-header-display":"","ast-banner-title-visibility":"","ast-main-header-display":"","ast-hfb-above-header-display":"","ast-hfb-below-header-display":"","ast-hfb-mobile-header-display":"","site-post-title":"","ast-breadcrumbs-content":"","ast-featured-img":"","footer-sml-layout":"","theme-transparent-header-meta":"default","adv-header-id-meta":"","stick-header-meta":"","header-above-stick-meta":"","header-main-stick-meta":"","header-below-stick-meta":"","astra-migrate-meta-layouts":"set","ast-page-background-enabled":"default","ast-page-background-meta":{"desktop":{"background-color":"","background-image":"","background-repeat":"repeat","background-position":"center center","background-size":"auto","background-attachment":"scroll","background-type":"","background-media":"","overlay-type":"","overlay-color":"","overlay-opacity":"","overlay-gradient":""},"tablet":{"background-color":"","background-image":"","background-repeat":"repeat","background-position":"center center","background-size":"auto","background-attachment":"scroll","background-type":"","background-media":"","overlay-type":"","overlay-color":"","overlay-opacity":"","overlay-gradient":""},"mobile":{"background-color":"","background-image":"","background-repeat":"repeat","background-position":"center center","background-size":"auto","background-attachment":"scroll","background-type":"","background-media":"","overlay-type":"","overlay-color":"","overlay-opacity":"","overlay-gradient":""}},"ast-content-background-meta":{"desktop":{"background-color":"var(--ast-global-color-5)","background-image":"","background-repeat":"repeat","background-position":"center center","background-size":"auto","background-attachment":"scroll","background-type":"","background-media":"","overlay-type":"","overlay-color":"","overlay-opacity":"","overlay-gradient":""},"tablet":{"background-color":"var(--ast-global-color-5)","background-image":"","background-repeat":"repeat","background-position":"center center","background-size":"auto","background-attachment":"scroll","background-type":"","background-media":"","overlay-type":"","overlay-color":"","overlay-opacity":"","overlay-gradient":""},"mobile":{"background-color":"var(--ast-global-color-5)","background-image":"","background-repeat":"repeat","background-position":"center center","background-size":"auto","background-attachment":"scroll","background-type":"","background-media":"","overlay-type":"","overlay-color":"","overlay-opacity":"","overlay-gradient":""}},"spay_email":""},"product_cat":[185,168,74,208],"product_tag":[],"_links":{"self":[{"href":"https:\/\/jugueterialudico.com.ar\/index.php?rest_route=\/wp\/v2\/product\/25591"}],"collection":[{"href":"https:\/\/jugueterialudico.com.ar\/index.php?rest_route=\/wp\/v2\/product"}],"about":[{"href":"https:\/\/jugueterialudico.com.ar\/index.php?rest_route=\/wp\/v2\/types\/product"}],"replies":[{"embeddable":true,"href":"https:\/\/jugueterialudico.com.ar\/index.php?rest_route=%2Fwp%2Fv2%2Fcomments&post=25591"}],"wp:featuredmedia":[{"embeddable":true,"href":"https:\/\/jugueterialudico.com.ar\/index.php?rest_route=\/wp\/v2\/media\/25594"}],"wp:attachment":[{"href":"https:\/\/jugueterialudico.com.ar\/index.php?rest_route=%2Fwp%2Fv2%2Fmedia&parent=25591"}],"wp:term":[{"taxonomy":"product_cat","embeddable":true,"href":"https:\/\/jugueterialudico.com.ar\/index.php?rest_route=%2Fwp%2Fv2%2Fproduct_cat&post=25591"},{"taxonomy":"product_tag","embeddable":true,"href":"https:\/\/jugueterialudico.com.ar\/index.php?rest_route=%2Fwp%2Fv2%2Fproduct_tag&post=25591"}],"curies":[{"name":"wp","href":"https:\/\/api.w.org\/{rel}","templated":true}]}}