{"id":25600,"date":"2024-12-18T15:59:07","date_gmt":"2024-12-18T18:59:07","guid":{"rendered":"https:\/\/jugueterialudico.com.ar\/?post_type=product&#038;p=25600"},"modified":"2025-12-11T19:27:01","modified_gmt":"2025-12-11T22:27:01","slug":"taco-gatito-pizza-041","status":"publish","type":"product","link":"https:\/\/jugueterialudico.com.ar\/?product=taco-gatito-pizza-041","title":{"rendered":"TACO GATITO PIZZA &#8211; 041"},"content":{"rendered":"<p>JUGADORES: 2 a 6<\/p>\n<p>EDAD RECOMENDADA: 4+<\/p>\n<p>DURACI\u00d3N: 5&#8242;<\/p>\n","protected":false},"excerpt":{"rendered":"<div align=\"center\">\n<h3>\ud83d\udc47\u00a0<strong>\u00bfQu\u00e9 es Taco Gatito Pizza? <\/strong>\ud83d\udc47<\/h3>\n<div><\/div>\n<\/div>\n<p>\u00a1Lleg\u00f3 el Taco Gatito Pizza para que jueguen los m\u00e1s chicos!<\/p>\n<p>&nbsp;<\/p>\n<p>Al igual que la versi\u00f3n original de Taco Gato Cabra Queso Pizza, ten\u00e9s que ser el primero en deshacerte de todas tus cartas para ganar el juego.<\/p>\n<p>&nbsp;<\/p>\n<p>\u00bfC\u00f3mo se juega?<\/p>\n<p>&nbsp;<\/p>\n<p>Primero, ten\u00e9s que decir en voz alta una de las tres palabras del nombre del juego (la que quieras: taco, gatito o pizza) y despu\u00e9s ten\u00e9s que dar vuelta tu carta.<\/p>\n<p>Si la palabra corresponde a la carta, jug\u00e1s de nuevo y eleg\u00eds otra vez una de las tres palabras (pod\u00e9s repetir la anterior).<\/p>\n<p>Pero cuando aparece el Helado, todos ponen las manos arriba de la carta. \u00a1El \u00faltimo se lleva todas las cartas de la pila!<\/p>\n","protected":false},"featured_media":25604,"comment_status":"open","ping_status":"closed","template":"","meta":{"site-sidebar-layout":"default","site-content-layout":"","ast-site-content-layout":"default","site-content-style":"default","site-sidebar-style":"default","ast-global-header-display":"","ast-banner-title-visibility":"","ast-main-header-display":"","ast-hfb-above-header-display":"","ast-hfb-below-header-display":"","ast-hfb-mobile-header-display":"","site-post-title":"","ast-breadcrumbs-content":"","ast-featured-img":"","footer-sml-layout":"","theme-transparent-header-meta":"default","adv-header-id-meta":"","stick-header-meta":"","header-above-stick-meta":"","header-main-stick-meta":"","header-below-stick-meta":"","astra-migrate-meta-layouts":"set","ast-page-background-enabled":"default","ast-page-background-meta":{"desktop":{"background-color":"","background-image":"","background-repeat":"repeat","background-position":"center center","background-size":"auto","background-attachment":"scroll","background-type":"","background-media":"","overlay-type":"","overlay-color":"","overlay-opacity":"","overlay-gradient":""},"tablet":{"background-color":"","background-image":"","background-repeat":"repeat","background-position":"center center","background-size":"auto","background-attachment":"scroll","background-type":"","background-media":"","overlay-type":"","overlay-color":"","overlay-opacity":"","overlay-gradient":""},"mobile":{"background-color":"","background-image":"","background-repeat":"repeat","background-position":"center center","background-size":"auto","background-attachment":"scroll","background-type":"","background-media":"","overlay-type":"","overlay-color":"","overlay-opacity":"","overlay-gradient":""}},"ast-content-background-meta":{"desktop":{"background-color":"var(--ast-global-color-5)","background-image":"","background-repeat":"repeat","background-position":"center center","background-size":"auto","background-attachment":"scroll","background-type":"","background-media":"","overlay-type":"","overlay-color":"","overlay-opacity":"","overlay-gradient":""},"tablet":{"background-color":"var(--ast-global-color-5)","background-image":"","background-repeat":"repeat","background-position":"center center","background-size":"auto","background-attachment":"scroll","background-type":"","background-media":"","overlay-type":"","overlay-color":"","overlay-opacity":"","overlay-gradient":""},"mobile":{"background-color":"var(--ast-global-color-5)","background-image":"","background-repeat":"repeat","background-position":"center center","background-size":"auto","background-attachment":"scroll","background-type":"","background-media":"","overlay-type":"","overlay-color":"","overlay-opacity":"","overlay-gradient":""}},"spay_email":""},"product_cat":[168,165,166,167,74],"product_tag":[],"_links":{"self":[{"href":"https:\/\/jugueterialudico.com.ar\/index.php?rest_route=\/wp\/v2\/product\/25600"}],"collection":[{"href":"https:\/\/jugueterialudico.com.ar\/index.php?rest_route=\/wp\/v2\/product"}],"about":[{"href":"https:\/\/jugueterialudico.com.ar\/index.php?rest_route=\/wp\/v2\/types\/product"}],"replies":[{"embeddable":true,"href":"https:\/\/jugueterialudico.com.ar\/index.php?rest_route=%2Fwp%2Fv2%2Fcomments&post=25600"}],"wp:featuredmedia":[{"embeddable":true,"href":"https:\/\/jugueterialudico.com.ar\/index.php?rest_route=\/wp\/v2\/media\/25604"}],"wp:attachment":[{"href":"https:\/\/jugueterialudico.com.ar\/index.php?rest_route=%2Fwp%2Fv2%2Fmedia&parent=25600"}],"wp:term":[{"taxonomy":"product_cat","embeddable":true,"href":"https:\/\/jugueterialudico.com.ar\/index.php?rest_route=%2Fwp%2Fv2%2Fproduct_cat&post=25600"},{"taxonomy":"product_tag","embeddable":true,"href":"https:\/\/jugueterialudico.com.ar\/index.php?rest_route=%2Fwp%2Fv2%2Fproduct_tag&post=25600"}],"curies":[{"name":"wp","href":"https:\/\/api.w.org\/{rel}","templated":true}]}}