{"id":25635,"date":"2025-01-03T14:59:24","date_gmt":"2025-01-03T17:59:24","guid":{"rendered":"https:\/\/jugueterialudico.com.ar\/?post_type=product&#038;p=25635"},"modified":"2026-03-14T18:06:03","modified_gmt":"2026-03-14T21:06:03","slug":"ruidoso-107","status":"publish","type":"product","link":"https:\/\/jugueterialudico.com.ar\/?product=ruidoso-107","title":{"rendered":"RUIDOSOS &#8211; 107"},"content":{"rendered":"<p>\u00a1Descubre el emocionante Toyco Juego De Mesa Ruidoso &#8211; \u00a1chau Pantalla! Este juego de cartas es perfecto para aquellos que buscan una experiencia divertida y desafiante. El objetivo es hacer que tu equipo adivine la mayor cantidad de cartas en solo un minuto, utilizando solo sonidos y movimientos, mientras mantienes las manos detr\u00e1s de la espalda. Ideal para adultos y recomendado para mayores de 14 a\u00f1os, este juego fomenta la creatividad y la comunicaci\u00f3n no verbal. Con un total de 92 cartas, cada partida es \u00fanica y llena de risas. Dise\u00f1ado para un m\u00ednimo de 2 jugadores, es perfecto para reuniones con amigos o familiares. \u00a1Atr\u00e9vete a dejar las pantallas de lado y disfruta de momentos inolvidables con Ruidosos<\/p>\n","protected":false},"excerpt":{"rendered":"<p>\u00a1Descubre el emocionante Toyco Juego De Mesa Ruidoso &#8211; \u00a1chau Pantalla! Este juego de cartas es perfecto para aquellos que buscan una experiencia divertida y desafiante. El objetivo es hacer que tu equipo adivine la mayor cantidad de cartas en solo un minuto, utilizando solo sonidos y movimientos, mientras mantienes las manos detr\u00e1s de la [&hellip;]<\/p>\n","protected":false},"featured_media":25636,"comment_status":"open","ping_status":"closed","template":"","meta":{"site-sidebar-layout":"default","site-content-layout":"","ast-site-content-layout":"default","site-content-style":"default","site-sidebar-style":"default","ast-global-header-display":"","ast-banner-title-visibility":"","ast-main-header-display":"","ast-hfb-above-header-display":"","ast-hfb-below-header-display":"","ast-hfb-mobile-header-display":"","site-post-title":"","ast-breadcrumbs-content":"","ast-featured-img":"","footer-sml-layout":"","theme-transparent-header-meta":"default","adv-header-id-meta":"","stick-header-meta":"","header-above-stick-meta":"","header-main-stick-meta":"","header-below-stick-meta":"","astra-migrate-meta-layouts":"set","ast-page-background-enabled":"default","ast-page-background-meta":{"desktop":{"background-color":"","background-image":"","background-repeat":"repeat","background-position":"center center","background-size":"auto","background-attachment":"scroll","background-type":"","background-media":"","overlay-type":"","overlay-color":"","overlay-opacity":"","overlay-gradient":""},"tablet":{"background-color":"","background-image":"","background-repeat":"repeat","background-position":"center center","background-size":"auto","background-attachment":"scroll","background-type":"","background-media":"","overlay-type":"","overlay-color":"","overlay-opacity":"","overlay-gradient":""},"mobile":{"background-color":"","background-image":"","background-repeat":"repeat","background-position":"center center","background-size":"auto","background-attachment":"scroll","background-type":"","background-media":"","overlay-type":"","overlay-color":"","overlay-opacity":"","overlay-gradient":""}},"ast-content-background-meta":{"desktop":{"background-color":"var(--ast-global-color-5)","background-image":"","background-repeat":"repeat","background-position":"center center","background-size":"auto","background-attachment":"scroll","background-type":"","background-media":"","overlay-type":"","overlay-color":"","overlay-opacity":"","overlay-gradient":""},"tablet":{"background-color":"var(--ast-global-color-5)","background-image":"","background-repeat":"repeat","background-position":"center center","background-size":"auto","background-attachment":"scroll","background-type":"","background-media":"","overlay-type":"","overlay-color":"","overlay-opacity":"","overlay-gradient":""},"mobile":{"background-color":"var(--ast-global-color-5)","background-image":"","background-repeat":"repeat","background-position":"center center","background-size":"auto","background-attachment":"scroll","background-type":"","background-media":"","overlay-type":"","overlay-color":"","overlay-opacity":"","overlay-gradient":""}},"spay_email":""},"product_cat":[185,168,74],"product_tag":[],"_links":{"self":[{"href":"https:\/\/jugueterialudico.com.ar\/index.php?rest_route=\/wp\/v2\/product\/25635"}],"collection":[{"href":"https:\/\/jugueterialudico.com.ar\/index.php?rest_route=\/wp\/v2\/product"}],"about":[{"href":"https:\/\/jugueterialudico.com.ar\/index.php?rest_route=\/wp\/v2\/types\/product"}],"replies":[{"embeddable":true,"href":"https:\/\/jugueterialudico.com.ar\/index.php?rest_route=%2Fwp%2Fv2%2Fcomments&post=25635"}],"wp:featuredmedia":[{"embeddable":true,"href":"https:\/\/jugueterialudico.com.ar\/index.php?rest_route=\/wp\/v2\/media\/25636"}],"wp:attachment":[{"href":"https:\/\/jugueterialudico.com.ar\/index.php?rest_route=%2Fwp%2Fv2%2Fmedia&parent=25635"}],"wp:term":[{"taxonomy":"product_cat","embeddable":true,"href":"https:\/\/jugueterialudico.com.ar\/index.php?rest_route=%2Fwp%2Fv2%2Fproduct_cat&post=25635"},{"taxonomy":"product_tag","embeddable":true,"href":"https:\/\/jugueterialudico.com.ar\/index.php?rest_route=%2Fwp%2Fv2%2Fproduct_tag&post=25635"}],"curies":[{"name":"wp","href":"https:\/\/api.w.org\/{rel}","templated":true}]}}