{"id":25646,"date":"2025-01-13T16:53:42","date_gmt":"2025-01-13T19:53:42","guid":{"rendered":"https:\/\/jugueterialudico.com.ar\/?post_type=product&#038;p=25646"},"modified":"2026-01-30T15:28:55","modified_gmt":"2026-01-30T18:28:55","slug":"en-palabras-desconectados-198","status":"publish","type":"product","link":"https:\/\/jugueterialudico.com.ar\/?product=en-palabras-desconectados-198","title":{"rendered":"EN PALABRAS -DESCONECTADOS- 198"},"content":{"rendered":"<p><span style=\"font-weight: 300;\"><strong>Tiene cuatro secciones<\/strong>\u00a0con preguntas que te pasean por distintos estados de \u00e1nimo:<\/span><br style=\"font-weight: 300;\" \/><br style=\"font-weight: 300;\" \/><span style=\"font-weight: 300;\">\ud83e\udd13Perspectiva: cartas para debatir e intercambiar maneras de ver la vida<\/span><br style=\"font-weight: 300;\" \/><span style=\"font-weight: 300;\">\ud83d\ude01Presentaci\u00f3n: cartas sobre gustos y preferencias<\/span><br style=\"font-weight: 300;\" \/><span style=\"font-weight: 300;\">\ud83d\ude0cProfundidad: cartas para intimar<\/span><br style=\"font-weight: 300;\" \/><span style=\"font-weight: 300;\">\ud83d\ude1cDescomprimir: cartas para relajar y activar tu creatividad<\/span><br style=\"font-weight: 300;\" \/><br style=\"font-weight: 300;\" \/><span style=\"font-weight: 300;\">Tambi\u00e9n vas a encontrar cartas en blanco para que vos mismo\/a puedas crear las preguntas que te gustar\u00edan hacer y responder.<\/span><br style=\"font-weight: 300;\" \/><br style=\"font-weight: 300;\" \/><span style=\"font-weight: 300;\">Y, \u00bfte anim\u00e1s a descubrirte?<br \/>\n<strong>Poner En Palabras, es el primer paso para conectarnos.<\/strong><\/span><\/p>\n<p><strong>Contiene: 206 cartas<\/strong><\/p>\n<p><strong>Edad recomendada: +14<\/strong><\/p>\n<p><strong>Jugadores: 2 o +<\/strong><\/p>\n<p><strong>Duraci\u00f3n : 30-90 min<\/strong><\/p>\n","protected":false},"excerpt":{"rendered":"<h2>\u00bfCre\u00e9s que conoces todo de vos y de las personas que te rodean?<\/h2>\n<p>El ritmo acelerado en el que vivimos nos desconecta de lo que sentimos en el d\u00eda a d\u00eda. Fijate que en las juntadas con amigos\/as, familia y pareja es muy com\u00fan que los temas giren en torno al trabajo, el estudio, el f\u00fatbol e incluso la pol\u00edtica, dejando de lado, un verdadero y sentido\u00a0<em>\u00ab\u00bfC\u00f3mo est\u00e1s?\u00bb<\/em><\/p>\n<p>S\u00e9 que no es f\u00e1cil alejarse totalmente de este ritmo, pero s\u00ed hay una manera de recordarnos lo especiales que somos y lo valioso que es escucharnos: tener una conversaci\u00f3n sincera.<\/p>\n<p><strong>Desconectados es un juego que te invita a<\/strong>\u00a0ponerle pausa a tu rutina para vivir una conexi\u00f3n distinta con el grupo que desees. Un espacio donde podr\u00e1s\u00a0<strong>poner sobre la mesa diversos temas de la vida en general a trav\u00e9s de una charla sentida y profunda.<\/strong><\/p>\n","protected":false},"featured_media":25649,"comment_status":"open","ping_status":"closed","template":"","meta":{"site-sidebar-layout":"default","site-content-layout":"","ast-site-content-layout":"default","site-content-style":"default","site-sidebar-style":"default","ast-global-header-display":"","ast-banner-title-visibility":"","ast-main-header-display":"","ast-hfb-above-header-display":"","ast-hfb-below-header-display":"","ast-hfb-mobile-header-display":"","site-post-title":"","ast-breadcrumbs-content":"","ast-featured-img":"","footer-sml-layout":"","theme-transparent-header-meta":"default","adv-header-id-meta":"","stick-header-meta":"","header-above-stick-meta":"","header-main-stick-meta":"","header-below-stick-meta":"","astra-migrate-meta-layouts":"set","ast-page-background-enabled":"default","ast-page-background-meta":{"desktop":{"background-color":"","background-image":"","background-repeat":"repeat","background-position":"center center","background-size":"auto","background-attachment":"scroll","background-type":"","background-media":"","overlay-type":"","overlay-color":"","overlay-opacity":"","overlay-gradient":""},"tablet":{"background-color":"","background-image":"","background-repeat":"repeat","background-position":"center center","background-size":"auto","background-attachment":"scroll","background-type":"","background-media":"","overlay-type":"","overlay-color":"","overlay-opacity":"","overlay-gradient":""},"mobile":{"background-color":"","background-image":"","background-repeat":"repeat","background-position":"center center","background-size":"auto","background-attachment":"scroll","background-type":"","background-media":"","overlay-type":"","overlay-color":"","overlay-opacity":"","overlay-gradient":""}},"ast-content-background-meta":{"desktop":{"background-color":"var(--ast-global-color-5)","background-image":"","background-repeat":"repeat","background-position":"center center","background-size":"auto","background-attachment":"scroll","background-type":"","background-media":"","overlay-type":"","overlay-color":"","overlay-opacity":"","overlay-gradient":""},"tablet":{"background-color":"var(--ast-global-color-5)","background-image":"","background-repeat":"repeat","background-position":"center center","background-size":"auto","background-attachment":"scroll","background-type":"","background-media":"","overlay-type":"","overlay-color":"","overlay-opacity":"","overlay-gradient":""},"mobile":{"background-color":"var(--ast-global-color-5)","background-image":"","background-repeat":"repeat","background-position":"center center","background-size":"auto","background-attachment":"scroll","background-type":"","background-media":"","overlay-type":"","overlay-color":"","overlay-opacity":"","overlay-gradient":""}},"spay_email":""},"product_cat":[185,168,146,74,208],"product_tag":[],"_links":{"self":[{"href":"https:\/\/jugueterialudico.com.ar\/index.php?rest_route=\/wp\/v2\/product\/25646"}],"collection":[{"href":"https:\/\/jugueterialudico.com.ar\/index.php?rest_route=\/wp\/v2\/product"}],"about":[{"href":"https:\/\/jugueterialudico.com.ar\/index.php?rest_route=\/wp\/v2\/types\/product"}],"replies":[{"embeddable":true,"href":"https:\/\/jugueterialudico.com.ar\/index.php?rest_route=%2Fwp%2Fv2%2Fcomments&post=25646"}],"wp:featuredmedia":[{"embeddable":true,"href":"https:\/\/jugueterialudico.com.ar\/index.php?rest_route=\/wp\/v2\/media\/25649"}],"wp:attachment":[{"href":"https:\/\/jugueterialudico.com.ar\/index.php?rest_route=%2Fwp%2Fv2%2Fmedia&parent=25646"}],"wp:term":[{"taxonomy":"product_cat","embeddable":true,"href":"https:\/\/jugueterialudico.com.ar\/index.php?rest_route=%2Fwp%2Fv2%2Fproduct_cat&post=25646"},{"taxonomy":"product_tag","embeddable":true,"href":"https:\/\/jugueterialudico.com.ar\/index.php?rest_route=%2Fwp%2Fv2%2Fproduct_tag&post=25646"}],"curies":[{"name":"wp","href":"https:\/\/api.w.org\/{rel}","templated":true}]}}