{"id":25655,"date":"2025-01-13T17:04:03","date_gmt":"2025-01-13T20:04:03","guid":{"rendered":"https:\/\/jugueterialudico.com.ar\/?post_type=product&#038;p=25655"},"modified":"2025-09-18T13:14:24","modified_gmt":"2025-09-18T16:14:24","slug":"en-palabras-destapados-198","status":"publish","type":"product","link":"https:\/\/jugueterialudico.com.ar\/?product=en-palabras-destapados-198","title":{"rendered":"EN PALABRAS -DESTAPADOS- 198"},"content":{"rendered":"<p><span style=\"font-weight: 300;\"><strong>Sus cuatro secciones te pasean del picanteo al abrazo:<\/strong><\/span><br style=\"font-weight: 300;\" \/><br style=\"font-weight: 300;\" \/><span style=\"font-weight: 300;\">\ud83d\udd25Picantes: cartas que encienden tus experiencias<\/span><br style=\"font-weight: 300;\" \/><span style=\"font-weight: 300;\">\ud83c\udfb2Random: cartas para improvisar<\/span><br style=\"font-weight: 300;\" \/><span style=\"font-weight: 300;\">\ud83d\ude0cProfundidad: cartas para intimar<\/span><br style=\"font-weight: 300;\" \/><span style=\"font-weight: 300;\">\ud83e\udd13Perspectiva: cartas para debatir sobre las relaciones<\/span><br style=\"font-weight: 300;\" \/><br style=\"font-weight: 300;\" \/><span style=\"font-weight: 300;\">Tambi\u00e9n vas a encontrar cartas en blanco para que vos mismo\/a puedas crear las preguntas que te gustar\u00edan hacer y responder.<\/span><br style=\"font-weight: 300;\" \/><br style=\"font-weight: 300;\" \/><span style=\"font-weight: 300;\">\u00bfTe anim\u00e1s a encender tus deseos?<br \/>\n<strong>Poner En Palabras, es el primer paso para conectarnos.<\/strong><\/span><\/p>\n<p>&nbsp;<\/p>\n<p>Contenido: 200 cartas<\/p>\n<p>Edad recomendada:\u00a0 +16 a\u00f1os<\/p>\n<p>Jugadores: 2 o +<\/p>\n<p>Duraci\u00f3n : 30-90 min<\/p>\n","protected":false},"excerpt":{"rendered":"<p><span style=\"font-weight: 300;\"><b>\u00bfEn qu\u00e9 orden de prioridades est\u00e1 tu deseo sexual?<\/p>\n<p>Si busc\u00e1s reavivar la chispa de tu deseo pero no sabes por d\u00f3nde empezar, este juego te va a interesar.<\/b><\/span><br style=\"font-weight: 300;\" \/><br style=\"font-weight: 300;\" \/><span style=\"font-weight: 300;\">El cuerpo, el placer, el resultado, las exigencias, lo que s\u00ed hacer, lo que no hacer\u2026 \u00bfCu\u00e1nto de todo esto nos da vuelta por la cabeza cuando nos encontramos con un\/a otro\/a? \u00bfSer\u00e1n estos los motivos que ponen en segundo plano nuestro deseo sexual? \u00bfQui\u00e9nes somos para decirle a un otro\/a c\u00f3mo tiene que desear si ni siquiera sabemos qu\u00e9 deseamos nosotros\/as?<\/span><br style=\"font-weight: 300;\" \/><br style=\"font-weight: 300;\" \/><span style=\"font-weight: 300;\">Destapados te invita a vivir tu sexualidad libre de prejuicios y tab\u00faes, movilizandote a reflexionar y comunicar qu\u00e9 desear\u00edas experimentar dentro y fuera de la cama.\u00a0<strong>Es un s\u00faper plan para conocerte a fondo con tu pareja y divertirte con tus amigos\/as o desconocidos\/as.<\/strong><\/span><\/p>\n","protected":false},"featured_media":25662,"comment_status":"open","ping_status":"closed","template":"","meta":{"site-sidebar-layout":"default","site-content-layout":"","ast-site-content-layout":"default","site-content-style":"default","site-sidebar-style":"default","ast-global-header-display":"","ast-banner-title-visibility":"","ast-main-header-display":"","ast-hfb-above-header-display":"","ast-hfb-below-header-display":"","ast-hfb-mobile-header-display":"","site-post-title":"","ast-breadcrumbs-content":"","ast-featured-img":"","footer-sml-layout":"","theme-transparent-header-meta":"default","adv-header-id-meta":"","stick-header-meta":"","header-above-stick-meta":"","header-main-stick-meta":"","header-below-stick-meta":"","astra-migrate-meta-layouts":"set","ast-page-background-enabled":"default","ast-page-background-meta":{"desktop":{"background-color":"","background-image":"","background-repeat":"repeat","background-position":"center center","background-size":"auto","background-attachment":"scroll","background-type":"","background-media":"","overlay-type":"","overlay-color":"","overlay-opacity":"","overlay-gradient":""},"tablet":{"background-color":"","background-image":"","background-repeat":"repeat","background-position":"center center","background-size":"auto","background-attachment":"scroll","background-type":"","background-media":"","overlay-type":"","overlay-color":"","overlay-opacity":"","overlay-gradient":""},"mobile":{"background-color":"","background-image":"","background-repeat":"repeat","background-position":"center center","background-size":"auto","background-attachment":"scroll","background-type":"","background-media":"","overlay-type":"","overlay-color":"","overlay-opacity":"","overlay-gradient":""}},"ast-content-background-meta":{"desktop":{"background-color":"var(--ast-global-color-5)","background-image":"","background-repeat":"repeat","background-position":"center center","background-size":"auto","background-attachment":"scroll","background-type":"","background-media":"","overlay-type":"","overlay-color":"","overlay-opacity":"","overlay-gradient":""},"tablet":{"background-color":"var(--ast-global-color-5)","background-image":"","background-repeat":"repeat","background-position":"center center","background-size":"auto","background-attachment":"scroll","background-type":"","background-media":"","overlay-type":"","overlay-color":"","overlay-opacity":"","overlay-gradient":""},"mobile":{"background-color":"var(--ast-global-color-5)","background-image":"","background-repeat":"repeat","background-position":"center center","background-size":"auto","background-attachment":"scroll","background-type":"","background-media":"","overlay-type":"","overlay-color":"","overlay-opacity":"","overlay-gradient":""}},"spay_email":""},"product_cat":[185,74,208],"product_tag":[],"_links":{"self":[{"href":"https:\/\/jugueterialudico.com.ar\/index.php?rest_route=\/wp\/v2\/product\/25655"}],"collection":[{"href":"https:\/\/jugueterialudico.com.ar\/index.php?rest_route=\/wp\/v2\/product"}],"about":[{"href":"https:\/\/jugueterialudico.com.ar\/index.php?rest_route=\/wp\/v2\/types\/product"}],"replies":[{"embeddable":true,"href":"https:\/\/jugueterialudico.com.ar\/index.php?rest_route=%2Fwp%2Fv2%2Fcomments&post=25655"}],"wp:featuredmedia":[{"embeddable":true,"href":"https:\/\/jugueterialudico.com.ar\/index.php?rest_route=\/wp\/v2\/media\/25662"}],"wp:attachment":[{"href":"https:\/\/jugueterialudico.com.ar\/index.php?rest_route=%2Fwp%2Fv2%2Fmedia&parent=25655"}],"wp:term":[{"taxonomy":"product_cat","embeddable":true,"href":"https:\/\/jugueterialudico.com.ar\/index.php?rest_route=%2Fwp%2Fv2%2Fproduct_cat&post=25655"},{"taxonomy":"product_tag","embeddable":true,"href":"https:\/\/jugueterialudico.com.ar\/index.php?rest_route=%2Fwp%2Fv2%2Fproduct_tag&post=25655"}],"curies":[{"name":"wp","href":"https:\/\/api.w.org\/{rel}","templated":true}]}}