{"id":25665,"date":"2025-01-13T17:13:54","date_gmt":"2025-01-13T20:13:54","guid":{"rendered":"https:\/\/jugueterialudico.com.ar\/?post_type=product&#038;p=25665"},"modified":"2026-03-09T11:44:37","modified_gmt":"2026-03-09T14:44:37","slug":"en-palabras-descubriendo-198","status":"publish","type":"product","link":"https:\/\/jugueterialudico.com.ar\/?product=en-palabras-descubriendo-198","title":{"rendered":"EN PALABRAS -DESCUBRIENDO- 198"},"content":{"rendered":"<p><span style=\"font-weight: 300;\">Sus<strong>\u00a05 secciones<\/strong>\u00a0van de lo profundo a la risa y el movimiento<\/span><br style=\"font-weight: 300;\" \/><br style=\"font-weight: 300;\" \/><span style=\"font-weight: 300;\">\ud83d\udcab<strong>Relaciones M\u00e1gicas<\/strong>:para pensar los v\u00ednculos.<\/span><br style=\"font-weight: 300;\" \/><span style=\"font-weight: 300;\">\ud83c\udf0e<strong>Mi Mundo<\/strong>: para conversar sobre c\u00f3mo perciben y piensan el mundo.<\/span><br style=\"font-weight: 300;\" \/><span style=\"font-weight: 300;\">\ud83c\udf0a<strong>Mar de Emociones<\/strong>: para navegar en el mundo emocional.<\/span><br style=\"font-weight: 300;\" \/><span style=\"font-weight: 300;\">\ud83c\udf81<strong>Caja de Sorpresas<\/strong>: para descubrir curiosidades y un popurr\u00ed de tem\u00e1ticas.<\/span><br style=\"font-weight: 300;\" \/><span style=\"font-weight: 300;\">\ud83d\ude80<strong>Misiones Especiales<\/strong>: para descomprimir y ponerse en movimiento.<\/span><br style=\"font-weight: 300;\" \/><br style=\"font-weight: 300;\" \/><span style=\"font-weight: 300;\">Dej\u00e1 a un lado la tecnolog\u00eda y las obligaciones, regalate un momento presente con ellos y animate a conocerlos.<\/span><br style=\"font-weight: 300;\" \/><br style=\"font-weight: 300;\" \/><span style=\"font-weight: 300;\"><strong>\u00bfQu\u00e9 pueden descubrir juntos hoy?<\/strong><\/p>\n<p><strong>Poner En Palabras, es el primer paso para conectar(nos).<\/strong><\/span><\/p>\n<p>Contenido: 200 cartas<\/p>\n<p>Edad recomendada: +6 a\u00f1os<\/p>\n<p>Jugadores: 2 o +<\/p>\n<p>Duraci\u00f3n: 30-90min<\/p>\n<p>&nbsp;<\/p>\n","protected":false},"excerpt":{"rendered":"<h2 class=\"h2 js-product-name h2-md\" data-store=\"product-name-218286705\">Juego de Cartas para Ni\u00f1os y Adultos<\/h2>\n<p>&nbsp;<\/p>\n<p><span style=\"font-weight: 300;\"><b>\u00bfC\u00f3mo son los\/as ni\u00f1os\/as cuando est\u00e1n en otros espacios? \u00bfQu\u00e9 piensan? \u00bfQu\u00e9 sienten? \u00bfC\u00f3mo perciben su entorno?<\/b><\/span><br style=\"font-weight: 300;\" \/><br style=\"font-weight: 300;\" \/><span style=\"font-weight: 300;\"><strong>Si te interesa tomarte un tiempo para conocer el mundo de los\/as m\u00e1s chicos\/as y no sab\u00e9s c\u00f3mo hacerlo, este juego te va a interesar.<\/strong><\/span><br style=\"font-weight: 300;\" \/><br style=\"font-weight: 300;\" \/><span style=\"font-weight: 300;\">Encontrar puntos en com\u00fan con los\/as ni\u00f1os\/as, momentos para compartir o conversar de forma sentida no siempre es f\u00e1cil. Es com\u00fan no encontrar un momento en la rutina para conectar y hay veces que, cuando lo logramos, no sabemos qu\u00e9 preguntar ni c\u00f3mo llegar a ellos\/as sin caer en las mismas preguntas de siempre.<\/span><br style=\"font-weight: 300;\" \/><br style=\"font-weight: 300;\" \/><span style=\"font-weight: 300;\"><strong>Descubriendo<\/strong>\u00a0te invita a intercambiar experiencias y percepciones con los\/as m\u00e1s chicos\/as a trav\u00e9s de preguntas donde cada respuesta es una oportunidad para conocerse en conjunto, aprender y desarrollar habilidades sociales y emocionales mientras juegan.<\/span><br style=\"font-weight: 300;\" \/><br style=\"font-weight: 300;\" \/><span style=\"font-weight: 300;\"><strong>Una excelente oportunidad para tener esas conversaciones que hace tiempo quer\u00e9s tener.<\/strong><\/span><\/p>\n","protected":false},"featured_media":25666,"comment_status":"open","ping_status":"closed","template":"","meta":{"site-sidebar-layout":"default","site-content-layout":"","ast-site-content-layout":"default","site-content-style":"default","site-sidebar-style":"default","ast-global-header-display":"","ast-banner-title-visibility":"","ast-main-header-display":"","ast-hfb-above-header-display":"","ast-hfb-below-header-display":"","ast-hfb-mobile-header-display":"","site-post-title":"","ast-breadcrumbs-content":"","ast-featured-img":"","footer-sml-layout":"","theme-transparent-header-meta":"default","adv-header-id-meta":"","stick-header-meta":"","header-above-stick-meta":"","header-main-stick-meta":"","header-below-stick-meta":"","astra-migrate-meta-layouts":"set","ast-page-background-enabled":"default","ast-page-background-meta":{"desktop":{"background-color":"","background-image":"","background-repeat":"repeat","background-position":"center center","background-size":"auto","background-attachment":"scroll","background-type":"","background-media":"","overlay-type":"","overlay-color":"","overlay-opacity":"","overlay-gradient":""},"tablet":{"background-color":"","background-image":"","background-repeat":"repeat","background-position":"center center","background-size":"auto","background-attachment":"scroll","background-type":"","background-media":"","overlay-type":"","overlay-color":"","overlay-opacity":"","overlay-gradient":""},"mobile":{"background-color":"","background-image":"","background-repeat":"repeat","background-position":"center center","background-size":"auto","background-attachment":"scroll","background-type":"","background-media":"","overlay-type":"","overlay-color":"","overlay-opacity":"","overlay-gradient":""}},"ast-content-background-meta":{"desktop":{"background-color":"var(--ast-global-color-5)","background-image":"","background-repeat":"repeat","background-position":"center center","background-size":"auto","background-attachment":"scroll","background-type":"","background-media":"","overlay-type":"","overlay-color":"","overlay-opacity":"","overlay-gradient":""},"tablet":{"background-color":"var(--ast-global-color-5)","background-image":"","background-repeat":"repeat","background-position":"center center","background-size":"auto","background-attachment":"scroll","background-type":"","background-media":"","overlay-type":"","overlay-color":"","overlay-opacity":"","overlay-gradient":""},"mobile":{"background-color":"var(--ast-global-color-5)","background-image":"","background-repeat":"repeat","background-position":"center center","background-size":"auto","background-attachment":"scroll","background-type":"","background-media":"","overlay-type":"","overlay-color":"","overlay-opacity":"","overlay-gradient":""}},"spay_email":""},"product_cat":[168,166,167,146,74,208],"product_tag":[],"_links":{"self":[{"href":"https:\/\/jugueterialudico.com.ar\/index.php?rest_route=\/wp\/v2\/product\/25665"}],"collection":[{"href":"https:\/\/jugueterialudico.com.ar\/index.php?rest_route=\/wp\/v2\/product"}],"about":[{"href":"https:\/\/jugueterialudico.com.ar\/index.php?rest_route=\/wp\/v2\/types\/product"}],"replies":[{"embeddable":true,"href":"https:\/\/jugueterialudico.com.ar\/index.php?rest_route=%2Fwp%2Fv2%2Fcomments&post=25665"}],"wp:featuredmedia":[{"embeddable":true,"href":"https:\/\/jugueterialudico.com.ar\/index.php?rest_route=\/wp\/v2\/media\/25666"}],"wp:attachment":[{"href":"https:\/\/jugueterialudico.com.ar\/index.php?rest_route=%2Fwp%2Fv2%2Fmedia&parent=25665"}],"wp:term":[{"taxonomy":"product_cat","embeddable":true,"href":"https:\/\/jugueterialudico.com.ar\/index.php?rest_route=%2Fwp%2Fv2%2Fproduct_cat&post=25665"},{"taxonomy":"product_tag","embeddable":true,"href":"https:\/\/jugueterialudico.com.ar\/index.php?rest_route=%2Fwp%2Fv2%2Fproduct_tag&post=25665"}],"curies":[{"name":"wp","href":"https:\/\/api.w.org\/{rel}","templated":true}]}}