{"id":25677,"date":"2025-01-20T10:50:58","date_gmt":"2025-01-20T13:50:58","guid":{"rendered":"https:\/\/jugueterialudico.com.ar\/?post_type=product&#038;p=25677"},"modified":"2026-01-30T15:28:46","modified_gmt":"2026-01-30T18:28:46","slug":"enpalabras-familia-198","status":"publish","type":"product","link":"https:\/\/jugueterialudico.com.ar\/?product=enpalabras-familia-198","title":{"rendered":"ENPALABRAS &#8211; FAMILIA &#8211; 198"},"content":{"rendered":"<p style=\"font-weight: 300;\"><b>Incluye 191 cartas divididas en 3 secciones:<\/b><\/p>\n<ul style=\"font-weight: 300;\">\n<li><b>Ra\u00edces: <\/b><span style=\"font-weight: 400;\">45 preguntas para conocer la historia de nuestros antepasados, sumergirse en los recuerdos y fortalecer la identidad familiar.\u00a0<\/span><\/li>\n<li><b>Profundidad<\/b><span style=\"font-weight: 400;\">: 70 preguntas para entender los desaf\u00edos y din\u00e1micas de los v\u00ednculos familiares y su impacto en cada uno.<\/span><\/li>\n<li><b>Sobre m\u00ed<\/b><span style=\"font-weight: 400;\">:\u00a0 70 preguntas para reflexionar sobre la influencia de la familia, valorando tu individualidad y qui\u00e9n eleg\u00eds ser.<\/span><\/li>\n<\/ul>\n<p style=\"font-weight: 300;\"><b>Empez\u00e1 tu viaje de redescubrimiento.<\/b><span style=\"font-weight: 400;\"> Sum\u00e1 la Edici\u00f3n Familia a tu colecci\u00f3n de actividades familiares y regalales un espacio de conexi\u00f3n profunda.<\/span><\/p>\n<p style=\"font-weight: 300;\"><b>\u00a1Descubr\u00ed todo lo que tienen por contar!<\/b><\/p>\n<p>Edad recomendada: +14 a\u00f1os<\/p>\n<p>Jugadores: +2<\/p>\n<p>Duraci\u00f3n: 30-90&#8242;<\/p>\n","protected":false},"excerpt":{"rendered":"<p dir=\"ltr\">\u00bfTe preguntaste alguna vez cu\u00e1nto de tu historia familiar influy\u00f3 en qui\u00e9n sos hoy? \u00bfQu\u00e9 te gustar\u00eda continuar, y qu\u00e9 transformar?<\/p>\n<p dir=\"ltr\">La familia es nuestra primera conexi\u00f3n con el mundo, y su historia est\u00e1 en cada paso que damos. Conocerla es un viaje hacia nosotros mismos, un camino para descifrar qui\u00e9nes somos y qu\u00e9 huellas queremos dejar.<\/p>\n<p dir=\"ltr\">Sabemos que no siempre es f\u00e1cil abrir ciertos temas en familia o encontrar el momento adecuado para hacerlo. Por eso, creamos la Edici\u00f3n Familia.<\/p>\n<p dir=\"ltr\">Este juego es una invitaci\u00f3n a explorar tus ra\u00edces, comprender las din\u00e1micas familiares, y construir tu identidad integrando tu historia en un espacio de intimidad y seguridad emocional. Una oportunidad para hablar de todo: lo sensible, lo cotidiano y lo profundo.<\/p>\n","protected":false},"featured_media":25679,"comment_status":"open","ping_status":"closed","template":"","meta":{"site-sidebar-layout":"default","site-content-layout":"","ast-site-content-layout":"default","site-content-style":"default","site-sidebar-style":"default","ast-global-header-display":"","ast-banner-title-visibility":"","ast-main-header-display":"","ast-hfb-above-header-display":"","ast-hfb-below-header-display":"","ast-hfb-mobile-header-display":"","site-post-title":"","ast-breadcrumbs-content":"","ast-featured-img":"","footer-sml-layout":"","theme-transparent-header-meta":"default","adv-header-id-meta":"","stick-header-meta":"","header-above-stick-meta":"","header-main-stick-meta":"","header-below-stick-meta":"","astra-migrate-meta-layouts":"set","ast-page-background-enabled":"default","ast-page-background-meta":{"desktop":{"background-color":"","background-image":"","background-repeat":"repeat","background-position":"center center","background-size":"auto","background-attachment":"scroll","background-type":"","background-media":"","overlay-type":"","overlay-color":"","overlay-opacity":"","overlay-gradient":""},"tablet":{"background-color":"","background-image":"","background-repeat":"repeat","background-position":"center center","background-size":"auto","background-attachment":"scroll","background-type":"","background-media":"","overlay-type":"","overlay-color":"","overlay-opacity":"","overlay-gradient":""},"mobile":{"background-color":"","background-image":"","background-repeat":"repeat","background-position":"center center","background-size":"auto","background-attachment":"scroll","background-type":"","background-media":"","overlay-type":"","overlay-color":"","overlay-opacity":"","overlay-gradient":""}},"ast-content-background-meta":{"desktop":{"background-color":"var(--ast-global-color-5)","background-image":"","background-repeat":"repeat","background-position":"center center","background-size":"auto","background-attachment":"scroll","background-type":"","background-media":"","overlay-type":"","overlay-color":"","overlay-opacity":"","overlay-gradient":""},"tablet":{"background-color":"var(--ast-global-color-5)","background-image":"","background-repeat":"repeat","background-position":"center center","background-size":"auto","background-attachment":"scroll","background-type":"","background-media":"","overlay-type":"","overlay-color":"","overlay-opacity":"","overlay-gradient":""},"mobile":{"background-color":"var(--ast-global-color-5)","background-image":"","background-repeat":"repeat","background-position":"center center","background-size":"auto","background-attachment":"scroll","background-type":"","background-media":"","overlay-type":"","overlay-color":"","overlay-opacity":"","overlay-gradient":""}},"spay_email":""},"product_cat":[74,208],"product_tag":[],"_links":{"self":[{"href":"https:\/\/jugueterialudico.com.ar\/index.php?rest_route=\/wp\/v2\/product\/25677"}],"collection":[{"href":"https:\/\/jugueterialudico.com.ar\/index.php?rest_route=\/wp\/v2\/product"}],"about":[{"href":"https:\/\/jugueterialudico.com.ar\/index.php?rest_route=\/wp\/v2\/types\/product"}],"replies":[{"embeddable":true,"href":"https:\/\/jugueterialudico.com.ar\/index.php?rest_route=%2Fwp%2Fv2%2Fcomments&post=25677"}],"wp:featuredmedia":[{"embeddable":true,"href":"https:\/\/jugueterialudico.com.ar\/index.php?rest_route=\/wp\/v2\/media\/25679"}],"wp:attachment":[{"href":"https:\/\/jugueterialudico.com.ar\/index.php?rest_route=%2Fwp%2Fv2%2Fmedia&parent=25677"}],"wp:term":[{"taxonomy":"product_cat","embeddable":true,"href":"https:\/\/jugueterialudico.com.ar\/index.php?rest_route=%2Fwp%2Fv2%2Fproduct_cat&post=25677"},{"taxonomy":"product_tag","embeddable":true,"href":"https:\/\/jugueterialudico.com.ar\/index.php?rest_route=%2Fwp%2Fv2%2Fproduct_tag&post=25677"}],"curies":[{"name":"wp","href":"https:\/\/api.w.org\/{rel}","templated":true}]}}