{"id":25690,"date":"2025-01-29T11:57:06","date_gmt":"2025-01-29T14:57:06","guid":{"rendered":"https:\/\/jugueterialudico.com.ar\/?post_type=product&#038;p=25690"},"modified":"2025-12-11T19:26:51","modified_gmt":"2025-12-11T22:26:51","slug":"taco-atras-cabra-queso-pizza-041","status":"publish","type":"product","link":"https:\/\/jugueterialudico.com.ar\/?product=taco-atras-cabra-queso-pizza-041","title":{"rendered":"TACO ATRAS CABRA QUESO PIZZA &#8211; 041"},"content":{"rendered":"<p>Se puede jugar solo o combinado con el TACO GATO. \u00a1Incluye 3 cartas especiales nuevas!<\/p>\n<p>&nbsp;<\/p>\n<p>\u00bfNI IDEA QU\u00c9 ES EL \u00abTACO GATO\u00bb O C\u00d3MO SE JUEGA?<\/p>\n<p>Los jugadores, de a uno pero a un buen ritmo, van diciendo la secuencia del t\u00edtulo mientras revelan una carta al azar.<br \/>\nSi al jugador previo le toc\u00f3 decir \u00abCabra\u00bb, a vos te toca decir \u00abQueso\u00bb, al siguiente \u00abPizza\u00bb, y as\u00ed. Por lo general, la carta revelada no va a coincidir con la palabra dicha.<\/p>\n<p>En cuanto coincidan la palabra y la carta&#8230; Todos tienen que apoyar r\u00e1pido una mano en el centro de la mesa.<\/p>\n<p>El \u00faltimo en tocar el centro o el que se equivoca al decir una palabra, se queda con las cartas acumuladas (que ser\u00e1n muy lindas pero no es bueno quedarte con ellas).<\/p>\n<p>\u00a1Atenci\u00f3n a las cartas especiales! Te suman desaf\u00edos extra.<\/p>\n<p><strong>\u00a1Y&#8230; ahora importa si el personaje est\u00e1 de frente o espalda!<\/strong><\/p>\n","protected":false},"excerpt":{"rendered":"<p>\u00abTACO ATR\u00c1S\u00bb ES UNA VUELTA DE TUERCA A UN JUEGO R\u00c1PIDO Y F\u00c1CIL QUE YA ES PARTE DE MUCH\u00cdSIMAS SOBREMESAS, JUNTADAS FAMILIARES E INCLUSO PREVIAS.<\/p>\n<p>&nbsp;<\/p>\n<p>\u00a1AHORA IMPORTA SI EL PERSONAJE EST\u00c1 DE FRENTE O DE ESPALDA!<\/p>\n<p>&nbsp;<\/p>\n<p><span style=\"font-size: 16px; font-style: normal; font-weight: 400;\">\u00a1NO NECESIT\u00c1S EL \u00abTACO GATO\u00bb PARA JUGAR AL \u00abTACO ATR\u00c1S\u00bb!<\/span><\/p>\n","protected":false},"featured_media":25694,"comment_status":"open","ping_status":"closed","template":"","meta":{"site-sidebar-layout":"default","site-content-layout":"","ast-site-content-layout":"default","site-content-style":"default","site-sidebar-style":"default","ast-global-header-display":"","ast-banner-title-visibility":"","ast-main-header-display":"","ast-hfb-above-header-display":"","ast-hfb-below-header-display":"","ast-hfb-mobile-header-display":"","site-post-title":"","ast-breadcrumbs-content":"","ast-featured-img":"","footer-sml-layout":"","theme-transparent-header-meta":"default","adv-header-id-meta":"","stick-header-meta":"","header-above-stick-meta":"","header-main-stick-meta":"","header-below-stick-meta":"","astra-migrate-meta-layouts":"set","ast-page-background-enabled":"default","ast-page-background-meta":{"desktop":{"background-color":"","background-image":"","background-repeat":"repeat","background-position":"center center","background-size":"auto","background-attachment":"scroll","background-type":"","background-media":"","overlay-type":"","overlay-color":"","overlay-opacity":"","overlay-gradient":""},"tablet":{"background-color":"","background-image":"","background-repeat":"repeat","background-position":"center center","background-size":"auto","background-attachment":"scroll","background-type":"","background-media":"","overlay-type":"","overlay-color":"","overlay-opacity":"","overlay-gradient":""},"mobile":{"background-color":"","background-image":"","background-repeat":"repeat","background-position":"center center","background-size":"auto","background-attachment":"scroll","background-type":"","background-media":"","overlay-type":"","overlay-color":"","overlay-opacity":"","overlay-gradient":""}},"ast-content-background-meta":{"desktop":{"background-color":"var(--ast-global-color-5)","background-image":"","background-repeat":"repeat","background-position":"center center","background-size":"auto","background-attachment":"scroll","background-type":"","background-media":"","overlay-type":"","overlay-color":"","overlay-opacity":"","overlay-gradient":""},"tablet":{"background-color":"var(--ast-global-color-5)","background-image":"","background-repeat":"repeat","background-position":"center center","background-size":"auto","background-attachment":"scroll","background-type":"","background-media":"","overlay-type":"","overlay-color":"","overlay-opacity":"","overlay-gradient":""},"mobile":{"background-color":"var(--ast-global-color-5)","background-image":"","background-repeat":"repeat","background-position":"center center","background-size":"auto","background-attachment":"scroll","background-type":"","background-media":"","overlay-type":"","overlay-color":"","overlay-opacity":"","overlay-gradient":""}},"spay_email":""},"product_cat":[185,168,167,74],"product_tag":[],"_links":{"self":[{"href":"https:\/\/jugueterialudico.com.ar\/index.php?rest_route=\/wp\/v2\/product\/25690"}],"collection":[{"href":"https:\/\/jugueterialudico.com.ar\/index.php?rest_route=\/wp\/v2\/product"}],"about":[{"href":"https:\/\/jugueterialudico.com.ar\/index.php?rest_route=\/wp\/v2\/types\/product"}],"replies":[{"embeddable":true,"href":"https:\/\/jugueterialudico.com.ar\/index.php?rest_route=%2Fwp%2Fv2%2Fcomments&post=25690"}],"wp:featuredmedia":[{"embeddable":true,"href":"https:\/\/jugueterialudico.com.ar\/index.php?rest_route=\/wp\/v2\/media\/25694"}],"wp:attachment":[{"href":"https:\/\/jugueterialudico.com.ar\/index.php?rest_route=%2Fwp%2Fv2%2Fmedia&parent=25690"}],"wp:term":[{"taxonomy":"product_cat","embeddable":true,"href":"https:\/\/jugueterialudico.com.ar\/index.php?rest_route=%2Fwp%2Fv2%2Fproduct_cat&post=25690"},{"taxonomy":"product_tag","embeddable":true,"href":"https:\/\/jugueterialudico.com.ar\/index.php?rest_route=%2Fwp%2Fv2%2Fproduct_tag&post=25690"}],"curies":[{"name":"wp","href":"https:\/\/api.w.org\/{rel}","templated":true}]}}