{"id":25724,"date":"2025-02-05T17:00:13","date_gmt":"2025-02-05T20:00:13","guid":{"rendered":"https:\/\/jugueterialudico.com.ar\/?post_type=product&#038;p=25724"},"modified":"2025-12-02T12:51:45","modified_gmt":"2025-12-02T15:51:45","slug":"carrito-caminadorbloques-054","status":"publish","type":"product","link":"https:\/\/jugueterialudico.com.ar\/?product=carrito-caminadorbloques-054","title":{"rendered":"CARRITO CAMINADOR+BLOQUES &#8211; 054"},"content":{"rendered":"<p>medidas:<\/p>\n<ul>\n<li>38cm. de ancho x 43cm. de alto<\/li>\n<\/ul>\n<p>contenido:<\/p>\n<ul>\n<li>28 bloques<\/li>\n<\/ul>\n<p>Edad recomendada: +12 meses<\/p>\n","protected":false},"excerpt":{"rendered":"<h3>Carrito de empuje con bloques<\/h3>\n<p><span data-huuid=\"5259196033999564685\">Los carritos de empuje son juguetes que\u00a0<mark class=\"QVRyCf\">ayudan a los ni\u00f1os a desarrollar habilidades motoras, coordinaci\u00f3n, equilibrio y comprensi\u00f3n del entorno<\/mark>.\u00a0<\/span><span data-huuid=\"5259196033999564376\">Tambi\u00e9n ayudan a fomentar la autonom\u00eda y la creatividad!<\/span><\/p>\n<p>&nbsp;<\/p>\n<ul class=\"i8Z77e\">\n<li class=\"TrT0Xe\">Una excelente opci\u00f3n para motivar los primeros pasos de los ni\u00f1os peque\u00f1os;<\/li>\n<li class=\"TrT0Xe\">Estimula el reconocimiento de colores y figuras;<\/li>\n<li class=\"TrT0Xe\">Mejora la coordinaci\u00f3n \u00f3culo-manual;<\/li>\n<li class=\"TrT0Xe\">Desarrolla la motricidad gruesa.<\/li>\n<\/ul>\n","protected":false},"featured_media":25725,"comment_status":"open","ping_status":"closed","template":"","meta":{"site-sidebar-layout":"default","site-content-layout":"","ast-site-content-layout":"default","site-content-style":"default","site-sidebar-style":"default","ast-global-header-display":"","ast-banner-title-visibility":"","ast-main-header-display":"","ast-hfb-above-header-display":"","ast-hfb-below-header-display":"","ast-hfb-mobile-header-display":"","site-post-title":"","ast-breadcrumbs-content":"","ast-featured-img":"","footer-sml-layout":"","theme-transparent-header-meta":"default","adv-header-id-meta":"","stick-header-meta":"","header-above-stick-meta":"","header-main-stick-meta":"","header-below-stick-meta":"","astra-migrate-meta-layouts":"set","ast-page-background-enabled":"default","ast-page-background-meta":{"desktop":{"background-color":"","background-image":"","background-repeat":"repeat","background-position":"center center","background-size":"auto","background-attachment":"scroll","background-type":"","background-media":"","overlay-type":"","overlay-color":"","overlay-opacity":"","overlay-gradient":""},"tablet":{"background-color":"","background-image":"","background-repeat":"repeat","background-position":"center center","background-size":"auto","background-attachment":"scroll","background-type":"","background-media":"","overlay-type":"","overlay-color":"","overlay-opacity":"","overlay-gradient":""},"mobile":{"background-color":"","background-image":"","background-repeat":"repeat","background-position":"center center","background-size":"auto","background-attachment":"scroll","background-type":"","background-media":"","overlay-type":"","overlay-color":"","overlay-opacity":"","overlay-gradient":""}},"ast-content-background-meta":{"desktop":{"background-color":"var(--ast-global-color-5)","background-image":"","background-repeat":"repeat","background-position":"center center","background-size":"auto","background-attachment":"scroll","background-type":"","background-media":"","overlay-type":"","overlay-color":"","overlay-opacity":"","overlay-gradient":""},"tablet":{"background-color":"var(--ast-global-color-5)","background-image":"","background-repeat":"repeat","background-position":"center center","background-size":"auto","background-attachment":"scroll","background-type":"","background-media":"","overlay-type":"","overlay-color":"","overlay-opacity":"","overlay-gradient":""},"mobile":{"background-color":"var(--ast-global-color-5)","background-image":"","background-repeat":"repeat","background-position":"center center","background-size":"auto","background-attachment":"scroll","background-type":"","background-media":"","overlay-type":"","overlay-color":"","overlay-opacity":"","overlay-gradient":""}},"spay_email":""},"product_cat":[161,163,164,190,77,93,208,159],"product_tag":[],"_links":{"self":[{"href":"https:\/\/jugueterialudico.com.ar\/index.php?rest_route=\/wp\/v2\/product\/25724"}],"collection":[{"href":"https:\/\/jugueterialudico.com.ar\/index.php?rest_route=\/wp\/v2\/product"}],"about":[{"href":"https:\/\/jugueterialudico.com.ar\/index.php?rest_route=\/wp\/v2\/types\/product"}],"replies":[{"embeddable":true,"href":"https:\/\/jugueterialudico.com.ar\/index.php?rest_route=%2Fwp%2Fv2%2Fcomments&post=25724"}],"wp:featuredmedia":[{"embeddable":true,"href":"https:\/\/jugueterialudico.com.ar\/index.php?rest_route=\/wp\/v2\/media\/25725"}],"wp:attachment":[{"href":"https:\/\/jugueterialudico.com.ar\/index.php?rest_route=%2Fwp%2Fv2%2Fmedia&parent=25724"}],"wp:term":[{"taxonomy":"product_cat","embeddable":true,"href":"https:\/\/jugueterialudico.com.ar\/index.php?rest_route=%2Fwp%2Fv2%2Fproduct_cat&post=25724"},{"taxonomy":"product_tag","embeddable":true,"href":"https:\/\/jugueterialudico.com.ar\/index.php?rest_route=%2Fwp%2Fv2%2Fproduct_tag&post=25724"}],"curies":[{"name":"wp","href":"https:\/\/api.w.org\/{rel}","templated":true}]}}