{"id":25789,"date":"2025-02-21T17:39:06","date_gmt":"2025-02-21T20:39:06","guid":{"rendered":"https:\/\/jugueterialudico.com.ar\/?post_type=product&#038;p=25789"},"modified":"2025-11-19T16:43:37","modified_gmt":"2025-11-19T19:43:37","slug":"kit-titeres-rompecabezas-monstruos-061","status":"publish","type":"product","link":"https:\/\/jugueterialudico.com.ar\/?product=kit-titeres-rompecabezas-monstruos-061","title":{"rendered":"KIT TITERES+ ROMPECABEZAS MONSTRUOS- 061"},"content":{"rendered":"<p id=\"item-contiene\" class=\"content\"><strong>Contiene:\u00a0<\/strong>Caja con 2 rompecabezas + 5 titeres de dedo<\/p>\n<p class=\"content\"><strong>Dimensiones:\u00a0<\/strong>15 cm. x 15 cm.<\/p>\n<p id=\"item-edad\" class=\"content\"><strong>Edad sugerida:\u00a0<\/strong>+2 a\u00f1os<\/p>\n<p>&nbsp;<\/p>\n<p>Algunos\u00a0beneficios incre\u00edbles\u00a0que aporta un rompecabezas:<\/p>\n<ul>\n<li>Su armado implica el an\u00e1lisis de varios elementos (colores, formas, rasgos similares, rasgos distintivos, figura, fondo). Esto permitir\u00e1 identificar patrones y relacionarlos para poder encastrar las partes y formar una imagen completa<\/li>\n<li>Impulsa el desarrollo de habilidades tales como:\n<ul>\n<li>Atenci\u00f3n.<\/li>\n<li>Razonamiento espacial.<\/li>\n<li>Resoluci\u00f3n de problemas.<\/li>\n<li>Perseverancia.<\/li>\n<li>Tolerancia a la frustraci\u00f3n.<\/li>\n<li>Lenguaje.<\/li>\n<\/ul>\n<\/li>\n<\/ul>\n","protected":false},"excerpt":{"rendered":"<h1 class=\"js-product-name mb-3\" data-store=\"product-name-249598285\">KIT Rompecabezas + t\u00edteres monstruos<\/h1>\n<p>&nbsp;<\/p>\n<p>Hermoso juego de encastre que resulta una entretenida herramienta did\u00e1ctica para los m\u00e1s peque\u00f1os.<\/p>\n<p>El nivel de dificultad se corresponde con el desarrollo t\u00edpico de un ni\u00f1o de\u00a0<em>dos a\u00f1os de edad<\/em>.<\/p>\n<p>El juego debe presentar el nivel correcto de dificultad para la etapa del desarrollo en la cual se encuentra el ni\u00f1o.<\/p>\n<p>Por lo tanto, podemos ofrecer esta herramienta a ni\u00f1os mayores que presenten alg\u00fan tipo de trastorno del neurodesarrollo ya que es un excelente recurso de estimulaci\u00f3n cognitiva.<\/p>\n","protected":false},"featured_media":25790,"comment_status":"open","ping_status":"closed","template":"","meta":{"site-sidebar-layout":"default","site-content-layout":"","ast-site-content-layout":"default","site-content-style":"default","site-sidebar-style":"default","ast-global-header-display":"","ast-banner-title-visibility":"","ast-main-header-display":"","ast-hfb-above-header-display":"","ast-hfb-below-header-display":"","ast-hfb-mobile-header-display":"","site-post-title":"","ast-breadcrumbs-content":"","ast-featured-img":"","footer-sml-layout":"","theme-transparent-header-meta":"default","adv-header-id-meta":"","stick-header-meta":"","header-above-stick-meta":"","header-main-stick-meta":"","header-below-stick-meta":"","astra-migrate-meta-layouts":"set","ast-page-background-enabled":"default","ast-page-background-meta":{"desktop":{"background-color":"","background-image":"","background-repeat":"repeat","background-position":"center center","background-size":"auto","background-attachment":"scroll","background-type":"","background-media":"","overlay-type":"","overlay-color":"","overlay-opacity":"","overlay-gradient":""},"tablet":{"background-color":"","background-image":"","background-repeat":"repeat","background-position":"center center","background-size":"auto","background-attachment":"scroll","background-type":"","background-media":"","overlay-type":"","overlay-color":"","overlay-opacity":"","overlay-gradient":""},"mobile":{"background-color":"","background-image":"","background-repeat":"repeat","background-position":"center center","background-size":"auto","background-attachment":"scroll","background-type":"","background-media":"","overlay-type":"","overlay-color":"","overlay-opacity":"","overlay-gradient":""}},"ast-content-background-meta":{"desktop":{"background-color":"var(--ast-global-color-5)","background-image":"","background-repeat":"repeat","background-position":"center center","background-size":"auto","background-attachment":"scroll","background-type":"","background-media":"","overlay-type":"","overlay-color":"","overlay-opacity":"","overlay-gradient":""},"tablet":{"background-color":"var(--ast-global-color-5)","background-image":"","background-repeat":"repeat","background-position":"center center","background-size":"auto","background-attachment":"scroll","background-type":"","background-media":"","overlay-type":"","overlay-color":"","overlay-opacity":"","overlay-gradient":""},"mobile":{"background-color":"var(--ast-global-color-5)","background-image":"","background-repeat":"repeat","background-position":"center center","background-size":"auto","background-attachment":"scroll","background-type":"","background-media":"","overlay-type":"","overlay-color":"","overlay-opacity":"","overlay-gradient":""}},"spay_email":""},"product_cat":[163,164,165,188,93,76,160,208,159,72],"product_tag":[],"_links":{"self":[{"href":"https:\/\/jugueterialudico.com.ar\/index.php?rest_route=\/wp\/v2\/product\/25789"}],"collection":[{"href":"https:\/\/jugueterialudico.com.ar\/index.php?rest_route=\/wp\/v2\/product"}],"about":[{"href":"https:\/\/jugueterialudico.com.ar\/index.php?rest_route=\/wp\/v2\/types\/product"}],"replies":[{"embeddable":true,"href":"https:\/\/jugueterialudico.com.ar\/index.php?rest_route=%2Fwp%2Fv2%2Fcomments&post=25789"}],"wp:featuredmedia":[{"embeddable":true,"href":"https:\/\/jugueterialudico.com.ar\/index.php?rest_route=\/wp\/v2\/media\/25790"}],"wp:attachment":[{"href":"https:\/\/jugueterialudico.com.ar\/index.php?rest_route=%2Fwp%2Fv2%2Fmedia&parent=25789"}],"wp:term":[{"taxonomy":"product_cat","embeddable":true,"href":"https:\/\/jugueterialudico.com.ar\/index.php?rest_route=%2Fwp%2Fv2%2Fproduct_cat&post=25789"},{"taxonomy":"product_tag","embeddable":true,"href":"https:\/\/jugueterialudico.com.ar\/index.php?rest_route=%2Fwp%2Fv2%2Fproduct_tag&post=25789"}],"curies":[{"name":"wp","href":"https:\/\/api.w.org\/{rel}","templated":true}]}}