{"id":25807,"date":"2025-02-28T12:23:17","date_gmt":"2025-02-28T15:23:17","guid":{"rendered":"https:\/\/jugueterialudico.com.ar\/?post_type=product&#038;p=25807"},"modified":"2025-08-15T13:01:02","modified_gmt":"2025-08-15T16:01:02","slug":"rutinas-diarias-nene-a-200","status":"publish","type":"product","link":"https:\/\/jugueterialudico.com.ar\/?product=rutinas-diarias-nene-a-200","title":{"rendered":"RUTINAS DIARIAS NENE\/A &#8211; 200"},"content":{"rendered":"<p dir=\"ltr\">Las rutinas otorgan tranquilidad y bienestar a los ni\u00f1os, les permite organizarse y saber cuales son los hechos que se van a ir sucediendo a lo largo del d\u00eda.<\/p>\n<p dir=\"ltr\">desde la perspectiva del desarrollo del ni\u00f1o, las rutinas deben ser visuales. Son muy pr\u00e1cticas para aprender a hacer las cosas por uno mismo.<br \/>\nutilizar rutinas visuales est\u00e1 asociado a la necesidad de anticipaci\u00f3n de las personas con TEA o dificultades en el lenguaje.\u00a0Pero \u00bfsab\u00edas que las y rutinas son<br \/>\n\u00fatiles para todos los ni\u00f1os, sea cual sea su necesidad espec\u00edfica?<\/p>\n<p dir=\"ltr\">\u00bfCu\u00e1les son los beneficios?<br \/>\n1. Otorgan sentimiento de seguridad y confianza<br \/>\n2. Ayudan a estructurar y gestionar el d\u00eda<br \/>\n3. Limitan conflictos, facilitando la educaci\u00f3n positiva<br \/>\n4. Desarrollan autonom\u00eda del ni\u00f1o<br \/>\n5. Favorecen el lenguaje y la comunicaci\u00f3n<\/p>\n","protected":false},"excerpt":{"rendered":"<p>Las rutinas otorgan tranquilidad y bienestar a los ni\u00f1os, les permite organizarse y saber cuales son los hechos que se van a ir sucediendo a lo largo del d\u00eda. desde la perspectiva del desarrollo del ni\u00f1o, las rutinas deben ser visuales. Son muy pr\u00e1cticas para aprender a hacer las cosas por uno mismo. utilizar rutinas [&hellip;]<\/p>\n","protected":false},"featured_media":25808,"comment_status":"open","ping_status":"closed","template":"","meta":{"site-sidebar-layout":"default","site-content-layout":"","ast-site-content-layout":"default","site-content-style":"default","site-sidebar-style":"default","ast-global-header-display":"","ast-banner-title-visibility":"","ast-main-header-display":"","ast-hfb-above-header-display":"","ast-hfb-below-header-display":"","ast-hfb-mobile-header-display":"","site-post-title":"","ast-breadcrumbs-content":"","ast-featured-img":"","footer-sml-layout":"","theme-transparent-header-meta":"default","adv-header-id-meta":"","stick-header-meta":"","header-above-stick-meta":"","header-main-stick-meta":"","header-below-stick-meta":"","astra-migrate-meta-layouts":"set","ast-page-background-enabled":"default","ast-page-background-meta":{"desktop":{"background-color":"","background-image":"","background-repeat":"repeat","background-position":"center center","background-size":"auto","background-attachment":"scroll","background-type":"","background-media":"","overlay-type":"","overlay-color":"","overlay-opacity":"","overlay-gradient":""},"tablet":{"background-color":"","background-image":"","background-repeat":"repeat","background-position":"center center","background-size":"auto","background-attachment":"scroll","background-type":"","background-media":"","overlay-type":"","overlay-color":"","overlay-opacity":"","overlay-gradient":""},"mobile":{"background-color":"","background-image":"","background-repeat":"repeat","background-position":"center center","background-size":"auto","background-attachment":"scroll","background-type":"","background-media":"","overlay-type":"","overlay-color":"","overlay-opacity":"","overlay-gradient":""}},"ast-content-background-meta":{"desktop":{"background-color":"var(--ast-global-color-5)","background-image":"","background-repeat":"repeat","background-position":"center center","background-size":"auto","background-attachment":"scroll","background-type":"","background-media":"","overlay-type":"","overlay-color":"","overlay-opacity":"","overlay-gradient":""},"tablet":{"background-color":"var(--ast-global-color-5)","background-image":"","background-repeat":"repeat","background-position":"center center","background-size":"auto","background-attachment":"scroll","background-type":"","background-media":"","overlay-type":"","overlay-color":"","overlay-opacity":"","overlay-gradient":""},"mobile":{"background-color":"var(--ast-global-color-5)","background-image":"","background-repeat":"repeat","background-position":"center center","background-size":"auto","background-attachment":"scroll","background-type":"","background-media":"","overlay-type":"","overlay-color":"","overlay-opacity":"","overlay-gradient":""}},"spay_email":""},"product_cat":[164,165,166,167,146,158],"product_tag":[],"_links":{"self":[{"href":"https:\/\/jugueterialudico.com.ar\/index.php?rest_route=\/wp\/v2\/product\/25807"}],"collection":[{"href":"https:\/\/jugueterialudico.com.ar\/index.php?rest_route=\/wp\/v2\/product"}],"about":[{"href":"https:\/\/jugueterialudico.com.ar\/index.php?rest_route=\/wp\/v2\/types\/product"}],"replies":[{"embeddable":true,"href":"https:\/\/jugueterialudico.com.ar\/index.php?rest_route=%2Fwp%2Fv2%2Fcomments&post=25807"}],"wp:featuredmedia":[{"embeddable":true,"href":"https:\/\/jugueterialudico.com.ar\/index.php?rest_route=\/wp\/v2\/media\/25808"}],"wp:attachment":[{"href":"https:\/\/jugueterialudico.com.ar\/index.php?rest_route=%2Fwp%2Fv2%2Fmedia&parent=25807"}],"wp:term":[{"taxonomy":"product_cat","embeddable":true,"href":"https:\/\/jugueterialudico.com.ar\/index.php?rest_route=%2Fwp%2Fv2%2Fproduct_cat&post=25807"},{"taxonomy":"product_tag","embeddable":true,"href":"https:\/\/jugueterialudico.com.ar\/index.php?rest_route=%2Fwp%2Fv2%2Fproduct_tag&post=25807"}],"curies":[{"name":"wp","href":"https:\/\/api.w.org\/{rel}","templated":true}]}}