{"id":25831,"date":"2025-02-28T12:42:47","date_gmt":"2025-02-28T15:42:47","guid":{"rendered":"https:\/\/jugueterialudico.com.ar\/?post_type=product&#038;p=25831"},"modified":"2025-06-11T15:10:41","modified_gmt":"2025-06-11T18:10:41","slug":"lista-super-200","status":"publish","type":"product","link":"https:\/\/jugueterialudico.com.ar\/?product=lista-super-200","title":{"rendered":"LISTA SUPER &#8211; 200"},"content":{"rendered":"<p>Te proponemos un\u00a0<strong>divertido juego<\/strong>\u00a0dise\u00f1ado para\u00a0<strong>desarrollar el vocabulario<\/strong>\u00a0y la categorizaci\u00f3n de objetos por\u00a0<strong>grupos sem\u00e1nticos<\/strong>. Con\u00a0<strong>Lista S\u00faper!<\/strong>, estimula el lenguaje y activa la atenci\u00f3n, fomentando la\u00a0<strong>estimulaci\u00f3n cognitiva<\/strong>\u00a0de manera entretenida. \u00a1El primero en completar la lista de compras gana!<\/p>\n<h4>\u00bfC\u00f3mo se juega?<\/h4>\n<p>Este emocionante juego contiene un mazo de\u00a0<strong>58 cartas laminadas<\/strong>, distribuidas en\u00a0<strong>8 categor\u00edas<\/strong>: almac\u00e9n, frutas, verduras, heladera, ropa, limpieza, perfumer\u00eda y jugueter\u00eda. Adem\u00e1s, incluye un mazo con\u00a0<strong>misiones<\/strong>\u00a0que har\u00e1n la experiencia a\u00fan m\u00e1s din\u00e1mica.<\/p>\n<p><strong>Ideal:\u00a0<\/strong>de 2 a 4 jugadores y a partir de los\u00a0<strong>6 a\u00f1os<\/strong>. Nos divertimos, aprendemos y compartimos momentos inolvidables con amigos y familia.<\/p>\n<p>\u00a1Haz que cada partida sea una compra \u00fanica!<\/p>\n","protected":false},"excerpt":{"rendered":"<p>Te proponemos un\u00a0divertido juego\u00a0dise\u00f1ado para\u00a0desarrollar el vocabulario\u00a0y la categorizaci\u00f3n de objetos por\u00a0grupos sem\u00e1nticos. Con\u00a0Lista S\u00faper!, estimula el lenguaje y activa la atenci\u00f3n, fomentando la\u00a0estimulaci\u00f3n cognitiva\u00a0de manera entretenida. \u00a1El primero en completar la lista de compras gana! \u00bfC\u00f3mo se juega? Este emocionante juego contiene un mazo de\u00a058 cartas laminadas, distribuidas en\u00a08 categor\u00edas: almac\u00e9n, frutas, verduras, heladera, [&hellip;]<\/p>\n","protected":false},"featured_media":25832,"comment_status":"open","ping_status":"closed","template":"","meta":{"site-sidebar-layout":"default","site-content-layout":"","ast-site-content-layout":"default","site-content-style":"default","site-sidebar-style":"default","ast-global-header-display":"","ast-banner-title-visibility":"","ast-main-header-display":"","ast-hfb-above-header-display":"","ast-hfb-below-header-display":"","ast-hfb-mobile-header-display":"","site-post-title":"","ast-breadcrumbs-content":"","ast-featured-img":"","footer-sml-layout":"","theme-transparent-header-meta":"default","adv-header-id-meta":"","stick-header-meta":"","header-above-stick-meta":"","header-main-stick-meta":"","header-below-stick-meta":"","astra-migrate-meta-layouts":"set","ast-page-background-enabled":"default","ast-page-background-meta":{"desktop":{"background-color":"","background-image":"","background-repeat":"repeat","background-position":"center center","background-size":"auto","background-attachment":"scroll","background-type":"","background-media":"","overlay-type":"","overlay-color":"","overlay-opacity":"","overlay-gradient":""},"tablet":{"background-color":"","background-image":"","background-repeat":"repeat","background-position":"center center","background-size":"auto","background-attachment":"scroll","background-type":"","background-media":"","overlay-type":"","overlay-color":"","overlay-opacity":"","overlay-gradient":""},"mobile":{"background-color":"","background-image":"","background-repeat":"repeat","background-position":"center center","background-size":"auto","background-attachment":"scroll","background-type":"","background-media":"","overlay-type":"","overlay-color":"","overlay-opacity":"","overlay-gradient":""}},"ast-content-background-meta":{"desktop":{"background-color":"var(--ast-global-color-5)","background-image":"","background-repeat":"repeat","background-position":"center center","background-size":"auto","background-attachment":"scroll","background-type":"","background-media":"","overlay-type":"","overlay-color":"","overlay-opacity":"","overlay-gradient":""},"tablet":{"background-color":"var(--ast-global-color-5)","background-image":"","background-repeat":"repeat","background-position":"center center","background-size":"auto","background-attachment":"scroll","background-type":"","background-media":"","overlay-type":"","overlay-color":"","overlay-opacity":"","overlay-gradient":""},"mobile":{"background-color":"var(--ast-global-color-5)","background-image":"","background-repeat":"repeat","background-position":"center center","background-size":"auto","background-attachment":"scroll","background-type":"","background-media":"","overlay-type":"","overlay-color":"","overlay-opacity":"","overlay-gradient":""}},"spay_email":""},"product_cat":[167,146,93],"product_tag":[],"_links":{"self":[{"href":"https:\/\/jugueterialudico.com.ar\/index.php?rest_route=\/wp\/v2\/product\/25831"}],"collection":[{"href":"https:\/\/jugueterialudico.com.ar\/index.php?rest_route=\/wp\/v2\/product"}],"about":[{"href":"https:\/\/jugueterialudico.com.ar\/index.php?rest_route=\/wp\/v2\/types\/product"}],"replies":[{"embeddable":true,"href":"https:\/\/jugueterialudico.com.ar\/index.php?rest_route=%2Fwp%2Fv2%2Fcomments&post=25831"}],"wp:featuredmedia":[{"embeddable":true,"href":"https:\/\/jugueterialudico.com.ar\/index.php?rest_route=\/wp\/v2\/media\/25832"}],"wp:attachment":[{"href":"https:\/\/jugueterialudico.com.ar\/index.php?rest_route=%2Fwp%2Fv2%2Fmedia&parent=25831"}],"wp:term":[{"taxonomy":"product_cat","embeddable":true,"href":"https:\/\/jugueterialudico.com.ar\/index.php?rest_route=%2Fwp%2Fv2%2Fproduct_cat&post=25831"},{"taxonomy":"product_tag","embeddable":true,"href":"https:\/\/jugueterialudico.com.ar\/index.php?rest_route=%2Fwp%2Fv2%2Fproduct_tag&post=25831"}],"curies":[{"name":"wp","href":"https:\/\/api.w.org\/{rel}","templated":true}]}}