{"id":25842,"date":"2025-02-28T12:52:33","date_gmt":"2025-02-28T15:52:33","guid":{"rendered":"https:\/\/jugueterialudico.com.ar\/?post_type=product&#038;p=25842"},"modified":"2025-06-11T15:14:15","modified_gmt":"2025-06-11T18:14:15","slug":"orofaciales-200","status":"publish","type":"product","link":"https:\/\/jugueterialudico.com.ar\/?product=orofaciales-200","title":{"rendered":"OROFACIALES &#8211; 200"},"content":{"rendered":"<p><strong>Pack de 2 Mazos de Cartas para Fonoaudiolog\u00eda<\/strong><\/p>\n<p>Este\u00a0<strong>Pack Orofaciales<\/strong>\u00a0es una herramienta esencial para el desarrollo del habla en ni\u00f1os. Consta de\u00a0<strong>20 cartas de Praxias Faciales<\/strong>\u00a0y\u00a0<strong>27 cartas de Punto y Modo de articulaci\u00f3n de los fonemas<\/strong>, dise\u00f1adas para potenciar las habilidades orofaciales.<\/p>\n<p><strong>Beneficios:<\/strong>\u00a0&#8211; Facilita el desarrollo de la agilidad y coordinaci\u00f3n necesaria para el habla. &#8211; Incluye ejercicios espec\u00edficos para\u00a0<strong>labios, lengua, mand\u00edbula, mejillas<\/strong>\u00a0y\u00a0<strong>paladar<\/strong>.<\/p>\n<p>Las cartas, de\u00a0<strong>6 cm x 8 cm<\/strong>, est\u00e1n laminadas para mayor durabilidad, lo que las convierte en un recurso ideal para terapeutas y padres. A trav\u00e9s de estas fichas, ayudamos a los ni\u00f1os a alcanzar una mayor funcionalidad de sus \u00f3rganos buco-fonatorios, promoviendo as\u00ed una comunicaci\u00f3n efectiva y enriquecedora.<\/p>\n","protected":false},"excerpt":{"rendered":"<p>Pack de 2 Mazos de Cartas para Fonoaudiolog\u00eda Este\u00a0Pack Orofaciales\u00a0es una herramienta esencial para el desarrollo del habla en ni\u00f1os. Consta de\u00a020 cartas de Praxias Faciales\u00a0y\u00a027 cartas de Punto y Modo de articulaci\u00f3n de los fonemas, dise\u00f1adas para potenciar las habilidades orofaciales. Beneficios:\u00a0&#8211; Facilita el desarrollo de la agilidad y coordinaci\u00f3n necesaria para el habla. [&hellip;]<\/p>\n","protected":false},"featured_media":25843,"comment_status":"open","ping_status":"closed","template":"","meta":{"site-sidebar-layout":"default","site-content-layout":"","ast-site-content-layout":"default","site-content-style":"default","site-sidebar-style":"default","ast-global-header-display":"","ast-banner-title-visibility":"","ast-main-header-display":"","ast-hfb-above-header-display":"","ast-hfb-below-header-display":"","ast-hfb-mobile-header-display":"","site-post-title":"","ast-breadcrumbs-content":"","ast-featured-img":"","footer-sml-layout":"","theme-transparent-header-meta":"default","adv-header-id-meta":"","stick-header-meta":"","header-above-stick-meta":"","header-main-stick-meta":"","header-below-stick-meta":"","astra-migrate-meta-layouts":"set","ast-page-background-enabled":"default","ast-page-background-meta":{"desktop":{"background-color":"","background-image":"","background-repeat":"repeat","background-position":"center center","background-size":"auto","background-attachment":"scroll","background-type":"","background-media":"","overlay-type":"","overlay-color":"","overlay-opacity":"","overlay-gradient":""},"tablet":{"background-color":"","background-image":"","background-repeat":"repeat","background-position":"center center","background-size":"auto","background-attachment":"scroll","background-type":"","background-media":"","overlay-type":"","overlay-color":"","overlay-opacity":"","overlay-gradient":""},"mobile":{"background-color":"","background-image":"","background-repeat":"repeat","background-position":"center center","background-size":"auto","background-attachment":"scroll","background-type":"","background-media":"","overlay-type":"","overlay-color":"","overlay-opacity":"","overlay-gradient":""}},"ast-content-background-meta":{"desktop":{"background-color":"var(--ast-global-color-5)","background-image":"","background-repeat":"repeat","background-position":"center center","background-size":"auto","background-attachment":"scroll","background-type":"","background-media":"","overlay-type":"","overlay-color":"","overlay-opacity":"","overlay-gradient":""},"tablet":{"background-color":"var(--ast-global-color-5)","background-image":"","background-repeat":"repeat","background-position":"center center","background-size":"auto","background-attachment":"scroll","background-type":"","background-media":"","overlay-type":"","overlay-color":"","overlay-opacity":"","overlay-gradient":""},"mobile":{"background-color":"var(--ast-global-color-5)","background-image":"","background-repeat":"repeat","background-position":"center center","background-size":"auto","background-attachment":"scroll","background-type":"","background-media":"","overlay-type":"","overlay-color":"","overlay-opacity":"","overlay-gradient":""}},"spay_email":""},"product_cat":[165,166,167,146,74],"product_tag":[],"_links":{"self":[{"href":"https:\/\/jugueterialudico.com.ar\/index.php?rest_route=\/wp\/v2\/product\/25842"}],"collection":[{"href":"https:\/\/jugueterialudico.com.ar\/index.php?rest_route=\/wp\/v2\/product"}],"about":[{"href":"https:\/\/jugueterialudico.com.ar\/index.php?rest_route=\/wp\/v2\/types\/product"}],"replies":[{"embeddable":true,"href":"https:\/\/jugueterialudico.com.ar\/index.php?rest_route=%2Fwp%2Fv2%2Fcomments&post=25842"}],"wp:featuredmedia":[{"embeddable":true,"href":"https:\/\/jugueterialudico.com.ar\/index.php?rest_route=\/wp\/v2\/media\/25843"}],"wp:attachment":[{"href":"https:\/\/jugueterialudico.com.ar\/index.php?rest_route=%2Fwp%2Fv2%2Fmedia&parent=25842"}],"wp:term":[{"taxonomy":"product_cat","embeddable":true,"href":"https:\/\/jugueterialudico.com.ar\/index.php?rest_route=%2Fwp%2Fv2%2Fproduct_cat&post=25842"},{"taxonomy":"product_tag","embeddable":true,"href":"https:\/\/jugueterialudico.com.ar\/index.php?rest_route=%2Fwp%2Fv2%2Fproduct_tag&post=25842"}],"curies":[{"name":"wp","href":"https:\/\/api.w.org\/{rel}","templated":true}]}}