{"id":25851,"date":"2025-02-28T13:07:02","date_gmt":"2025-02-28T16:07:02","guid":{"rendered":"https:\/\/jugueterialudico.com.ar\/?post_type=product&#038;p=25851"},"modified":"2025-06-11T15:06:13","modified_gmt":"2025-06-11T18:06:13","slug":"rueda-resolucion-de-problemas-200","status":"publish","type":"product","link":"https:\/\/jugueterialudico.com.ar\/?product=rueda-resolucion-de-problemas-200","title":{"rendered":"RUEDA RESOLUCI\u00d3N DE PROBLEMAS &#8211; 200"},"content":{"rendered":"<p><strong>\u00a1Fomenta la toma de decisiones en los m\u00e1s peque\u00f1os!<\/strong>\u00a0La Rueda de Resoluci\u00f3n de Problemas es una herramienta educativa ideal para ense\u00f1ar a los ni\u00f1os a enfrentar situaciones conflictivas de manera gr\u00e1fica y divertida.<\/p>\n<h4>Caracter\u00edsticas del Producto:<\/h4>\n<ul>\n<li><strong>Material de Madera:<\/strong>\u00a0S\u00f3lida y duradera, perfecta para el uso diario.<\/li>\n<li><strong>Tama\u00f1o de 20 cm:<\/strong>\u00a0Ideal para manipulaci\u00f3n por ni\u00f1os.<\/li>\n<li><strong>Incluye 12 Im\u00e1genes Fotogr\u00e1ficas:<\/strong>\u00a0Representan situaciones habituales de conflicto, facilitando el aprendizaje.<\/li>\n<\/ul>\n<p>Desarrolla habilidades de resoluci\u00f3n de problemas y promueve el entendimiento emocional. \u00a1Es hora de aprender jugando!<\/p>\n","protected":false},"excerpt":{"rendered":"<p>\u00a1Fomenta la toma de decisiones en los m\u00e1s peque\u00f1os!\u00a0La Rueda de Resoluci\u00f3n de Problemas es una herramienta educativa ideal para ense\u00f1ar a los ni\u00f1os a enfrentar situaciones conflictivas de manera gr\u00e1fica y divertida. Caracter\u00edsticas del Producto: Material de Madera:\u00a0S\u00f3lida y duradera, perfecta para el uso diario. Tama\u00f1o de 20 cm:\u00a0Ideal para manipulaci\u00f3n por ni\u00f1os. Incluye [&hellip;]<\/p>\n","protected":false},"featured_media":25852,"comment_status":"open","ping_status":"closed","template":"","meta":{"site-sidebar-layout":"default","site-content-layout":"","ast-site-content-layout":"default","site-content-style":"default","site-sidebar-style":"default","ast-global-header-display":"","ast-banner-title-visibility":"","ast-main-header-display":"","ast-hfb-above-header-display":"","ast-hfb-below-header-display":"","ast-hfb-mobile-header-display":"","site-post-title":"","ast-breadcrumbs-content":"","ast-featured-img":"","footer-sml-layout":"","theme-transparent-header-meta":"default","adv-header-id-meta":"","stick-header-meta":"","header-above-stick-meta":"","header-main-stick-meta":"","header-below-stick-meta":"","astra-migrate-meta-layouts":"set","ast-page-background-enabled":"default","ast-page-background-meta":{"desktop":{"background-color":"","background-image":"","background-repeat":"repeat","background-position":"center center","background-size":"auto","background-attachment":"scroll","background-type":"","background-media":"","overlay-type":"","overlay-color":"","overlay-opacity":"","overlay-gradient":""},"tablet":{"background-color":"","background-image":"","background-repeat":"repeat","background-position":"center center","background-size":"auto","background-attachment":"scroll","background-type":"","background-media":"","overlay-type":"","overlay-color":"","overlay-opacity":"","overlay-gradient":""},"mobile":{"background-color":"","background-image":"","background-repeat":"repeat","background-position":"center center","background-size":"auto","background-attachment":"scroll","background-type":"","background-media":"","overlay-type":"","overlay-color":"","overlay-opacity":"","overlay-gradient":""}},"ast-content-background-meta":{"desktop":{"background-color":"var(--ast-global-color-5)","background-image":"","background-repeat":"repeat","background-position":"center center","background-size":"auto","background-attachment":"scroll","background-type":"","background-media":"","overlay-type":"","overlay-color":"","overlay-opacity":"","overlay-gradient":""},"tablet":{"background-color":"var(--ast-global-color-5)","background-image":"","background-repeat":"repeat","background-position":"center center","background-size":"auto","background-attachment":"scroll","background-type":"","background-media":"","overlay-type":"","overlay-color":"","overlay-opacity":"","overlay-gradient":""},"mobile":{"background-color":"var(--ast-global-color-5)","background-image":"","background-repeat":"repeat","background-position":"center center","background-size":"auto","background-attachment":"scroll","background-type":"","background-media":"","overlay-type":"","overlay-color":"","overlay-opacity":"","overlay-gradient":""}},"spay_email":""},"product_cat":[165,166,167,146,74],"product_tag":[],"_links":{"self":[{"href":"https:\/\/jugueterialudico.com.ar\/index.php?rest_route=\/wp\/v2\/product\/25851"}],"collection":[{"href":"https:\/\/jugueterialudico.com.ar\/index.php?rest_route=\/wp\/v2\/product"}],"about":[{"href":"https:\/\/jugueterialudico.com.ar\/index.php?rest_route=\/wp\/v2\/types\/product"}],"replies":[{"embeddable":true,"href":"https:\/\/jugueterialudico.com.ar\/index.php?rest_route=%2Fwp%2Fv2%2Fcomments&post=25851"}],"wp:featuredmedia":[{"embeddable":true,"href":"https:\/\/jugueterialudico.com.ar\/index.php?rest_route=\/wp\/v2\/media\/25852"}],"wp:attachment":[{"href":"https:\/\/jugueterialudico.com.ar\/index.php?rest_route=%2Fwp%2Fv2%2Fmedia&parent=25851"}],"wp:term":[{"taxonomy":"product_cat","embeddable":true,"href":"https:\/\/jugueterialudico.com.ar\/index.php?rest_route=%2Fwp%2Fv2%2Fproduct_cat&post=25851"},{"taxonomy":"product_tag","embeddable":true,"href":"https:\/\/jugueterialudico.com.ar\/index.php?rest_route=%2Fwp%2Fv2%2Fproduct_tag&post=25851"}],"curies":[{"name":"wp","href":"https:\/\/api.w.org\/{rel}","templated":true}]}}