{"id":25868,"date":"2025-02-28T13:22:54","date_gmt":"2025-02-28T16:22:54","guid":{"rendered":"https:\/\/jugueterialudico.com.ar\/?post_type=product&#038;p=25868"},"modified":"2025-06-11T14:51:24","modified_gmt":"2025-06-11T17:51:24","slug":"bingo-estaciones-200","status":"publish","type":"product","link":"https:\/\/jugueterialudico.com.ar\/?product=bingo-estaciones-200","title":{"rendered":"BINGO ESTACIONES &#8211; 200"},"content":{"rendered":"<p><strong>Bingo Estaciones<\/strong>, un divertido juego dise\u00f1ado para que los ni\u00f1os aprendan sobre las estaciones del a\u00f1o de manera l\u00fadica y entretenida! Este bingo no solo fomenta el aprendizaje del nuevo vocabulario, sino que tambi\u00e9n incentiva la\u00a0<strong>discriminaci\u00f3n visual<\/strong>\u00a0a trav\u00e9s de la clasificaci\u00f3n y categorizaci\u00f3n de las estaciones.<\/p>\n<p><strong>\u00bfQu\u00e9 incluye?<\/strong>\u00a0&#8211;\u00a0<strong>4 tableros de estaciones<\/strong>\u00a0que representan invierno, verano, oto\u00f1o y primavera. &#8211;\u00a0<strong>24 fichas<\/strong>\u00a0para disfrutar del juego en m\u00faltiples rondas. &#8211;\u00a0<strong>Bolsa de tela<\/strong>\u00a0para guardar todo de forma ordenada.<\/p>\n<p>Fabricado en\u00a0<strong>cart\u00f3n r\u00edgido laminado<\/strong>, garantiza durabilidad, mientras que sus medidas de 9 x 13 cm para los tableros y 4 x 4 cm para las fichas hacen que el juego sea accesible para los m\u00e1s peque\u00f1os. A partir de los\u00a0<strong>3 a\u00f1os<\/strong>, cada partida ser\u00e1 una oportunidad para aprender y divertirse. \u00a1Sum\u00e1 el Bingo Estaciones a tus actividades y observ\u00e1 c\u00f3mo los ni\u00f1os disfrutan mientras aprenden!<\/p>\n","protected":false},"excerpt":{"rendered":"<p>Bingo Estaciones, un divertido juego dise\u00f1ado para que los ni\u00f1os aprendan sobre las estaciones del a\u00f1o de manera l\u00fadica y entretenida! Este bingo no solo fomenta el aprendizaje del nuevo vocabulario, sino que tambi\u00e9n incentiva la\u00a0discriminaci\u00f3n visual\u00a0a trav\u00e9s de la clasificaci\u00f3n y categorizaci\u00f3n de las estaciones. \u00bfQu\u00e9 incluye?\u00a0&#8211;\u00a04 tableros de estaciones\u00a0que representan invierno, verano, oto\u00f1o [&hellip;]<\/p>\n","protected":false},"featured_media":25869,"comment_status":"open","ping_status":"closed","template":"","meta":{"site-sidebar-layout":"default","site-content-layout":"","ast-site-content-layout":"default","site-content-style":"default","site-sidebar-style":"default","ast-global-header-display":"","ast-banner-title-visibility":"","ast-main-header-display":"","ast-hfb-above-header-display":"","ast-hfb-below-header-display":"","ast-hfb-mobile-header-display":"","site-post-title":"","ast-breadcrumbs-content":"","ast-featured-img":"","footer-sml-layout":"","theme-transparent-header-meta":"default","adv-header-id-meta":"","stick-header-meta":"","header-above-stick-meta":"","header-main-stick-meta":"","header-below-stick-meta":"","astra-migrate-meta-layouts":"set","ast-page-background-enabled":"default","ast-page-background-meta":{"desktop":{"background-color":"","background-image":"","background-repeat":"repeat","background-position":"center center","background-size":"auto","background-attachment":"scroll","background-type":"","background-media":"","overlay-type":"","overlay-color":"","overlay-opacity":"","overlay-gradient":""},"tablet":{"background-color":"","background-image":"","background-repeat":"repeat","background-position":"center center","background-size":"auto","background-attachment":"scroll","background-type":"","background-media":"","overlay-type":"","overlay-color":"","overlay-opacity":"","overlay-gradient":""},"mobile":{"background-color":"","background-image":"","background-repeat":"repeat","background-position":"center center","background-size":"auto","background-attachment":"scroll","background-type":"","background-media":"","overlay-type":"","overlay-color":"","overlay-opacity":"","overlay-gradient":""}},"ast-content-background-meta":{"desktop":{"background-color":"var(--ast-global-color-5)","background-image":"","background-repeat":"repeat","background-position":"center center","background-size":"auto","background-attachment":"scroll","background-type":"","background-media":"","overlay-type":"","overlay-color":"","overlay-opacity":"","overlay-gradient":""},"tablet":{"background-color":"var(--ast-global-color-5)","background-image":"","background-repeat":"repeat","background-position":"center center","background-size":"auto","background-attachment":"scroll","background-type":"","background-media":"","overlay-type":"","overlay-color":"","overlay-opacity":"","overlay-gradient":""},"mobile":{"background-color":"var(--ast-global-color-5)","background-image":"","background-repeat":"repeat","background-position":"center center","background-size":"auto","background-attachment":"scroll","background-type":"","background-media":"","overlay-type":"","overlay-color":"","overlay-opacity":"","overlay-gradient":""}},"spay_email":""},"product_cat":[164,165,166,146,74],"product_tag":[],"_links":{"self":[{"href":"https:\/\/jugueterialudico.com.ar\/index.php?rest_route=\/wp\/v2\/product\/25868"}],"collection":[{"href":"https:\/\/jugueterialudico.com.ar\/index.php?rest_route=\/wp\/v2\/product"}],"about":[{"href":"https:\/\/jugueterialudico.com.ar\/index.php?rest_route=\/wp\/v2\/types\/product"}],"replies":[{"embeddable":true,"href":"https:\/\/jugueterialudico.com.ar\/index.php?rest_route=%2Fwp%2Fv2%2Fcomments&post=25868"}],"wp:featuredmedia":[{"embeddable":true,"href":"https:\/\/jugueterialudico.com.ar\/index.php?rest_route=\/wp\/v2\/media\/25869"}],"wp:attachment":[{"href":"https:\/\/jugueterialudico.com.ar\/index.php?rest_route=%2Fwp%2Fv2%2Fmedia&parent=25868"}],"wp:term":[{"taxonomy":"product_cat","embeddable":true,"href":"https:\/\/jugueterialudico.com.ar\/index.php?rest_route=%2Fwp%2Fv2%2Fproduct_cat&post=25868"},{"taxonomy":"product_tag","embeddable":true,"href":"https:\/\/jugueterialudico.com.ar\/index.php?rest_route=%2Fwp%2Fv2%2Fproduct_tag&post=25868"}],"curies":[{"name":"wp","href":"https:\/\/api.w.org\/{rel}","templated":true}]}}