{"id":25879,"date":"2025-02-28T16:30:17","date_gmt":"2025-02-28T19:30:17","guid":{"rendered":"https:\/\/jugueterialudico.com.ar\/?post_type=product&#038;p=25879"},"modified":"2026-04-06T16:38:49","modified_gmt":"2026-04-06T19:38:49","slug":"puzzle-argentina-204-piezas-0100","status":"publish","type":"product","link":"https:\/\/jugueterialudico.com.ar\/?product=puzzle-argentina-204-piezas-0100","title":{"rendered":"PUZZLE ARGENTINA 204 PIEZAS &#8211; 0100"},"content":{"rendered":"<p>Mega Puzzle MAPA ARGENTINA POL\u00cdTICO educativo XXL 204 PIEZAS<\/p>\n<p>Impreso a todo color con laminado brillante sobre soporte de madera r\u00edgida de 3mm.<\/p>\n<p>Adem\u00e1s marco con base r\u00edgida para armar. Esto permite conocer los l\u00edmites y dimensiones del puzzle para un armado m\u00e1s amigable, o armarlo fuera de la base para los m\u00e1s experimentados!!!<\/p>\n<p>Tama\u00f1o: 45 x 30 cm.<\/p>\n","protected":false},"excerpt":{"rendered":"<p>Mega Puzzle MAPA ARGENTINA POL\u00cdTICO educativo XXL 204 PIEZAS<\/p>\n<p>Impreso a todo color con laminado brillante sobre soporte de madera r\u00edgida de 3mm.<\/p>\n<p>Adem\u00e1s marco con base r\u00edgida para armar. Esto permite conocer los l\u00edmites y dimensiones del puzzle para un armado m\u00e1s amigable, o armarlo fuera de la base para los m\u00e1s experimentados!!!<\/p>\n<p>Tama\u00f1o: 45 x 30 cm.<\/p>\n","protected":false},"featured_media":25880,"comment_status":"open","ping_status":"closed","template":"","meta":{"site-sidebar-layout":"default","site-content-layout":"","ast-site-content-layout":"default","site-content-style":"default","site-sidebar-style":"default","ast-global-header-display":"","ast-banner-title-visibility":"","ast-main-header-display":"","ast-hfb-above-header-display":"","ast-hfb-below-header-display":"","ast-hfb-mobile-header-display":"","site-post-title":"","ast-breadcrumbs-content":"","ast-featured-img":"","footer-sml-layout":"","theme-transparent-header-meta":"default","adv-header-id-meta":"","stick-header-meta":"","header-above-stick-meta":"","header-main-stick-meta":"","header-below-stick-meta":"","astra-migrate-meta-layouts":"set","ast-page-background-enabled":"default","ast-page-background-meta":{"desktop":{"background-color":"","background-image":"","background-repeat":"repeat","background-position":"center center","background-size":"auto","background-attachment":"scroll","background-type":"","background-media":"","overlay-type":"","overlay-color":"","overlay-opacity":"","overlay-gradient":""},"tablet":{"background-color":"","background-image":"","background-repeat":"repeat","background-position":"center center","background-size":"auto","background-attachment":"scroll","background-type":"","background-media":"","overlay-type":"","overlay-color":"","overlay-opacity":"","overlay-gradient":""},"mobile":{"background-color":"","background-image":"","background-repeat":"repeat","background-position":"center center","background-size":"auto","background-attachment":"scroll","background-type":"","background-media":"","overlay-type":"","overlay-color":"","overlay-opacity":"","overlay-gradient":""}},"ast-content-background-meta":{"desktop":{"background-color":"var(--ast-global-color-5)","background-image":"","background-repeat":"repeat","background-position":"center center","background-size":"auto","background-attachment":"scroll","background-type":"","background-media":"","overlay-type":"","overlay-color":"","overlay-opacity":"","overlay-gradient":""},"tablet":{"background-color":"var(--ast-global-color-5)","background-image":"","background-repeat":"repeat","background-position":"center center","background-size":"auto","background-attachment":"scroll","background-type":"","background-media":"","overlay-type":"","overlay-color":"","overlay-opacity":"","overlay-gradient":""},"mobile":{"background-color":"var(--ast-global-color-5)","background-image":"","background-repeat":"repeat","background-position":"center center","background-size":"auto","background-attachment":"scroll","background-type":"","background-media":"","overlay-type":"","overlay-color":"","overlay-opacity":"","overlay-gradient":""}},"spay_email":""},"product_cat":[168,167,188,93,72],"product_tag":[],"_links":{"self":[{"href":"https:\/\/jugueterialudico.com.ar\/index.php?rest_route=\/wp\/v2\/product\/25879"}],"collection":[{"href":"https:\/\/jugueterialudico.com.ar\/index.php?rest_route=\/wp\/v2\/product"}],"about":[{"href":"https:\/\/jugueterialudico.com.ar\/index.php?rest_route=\/wp\/v2\/types\/product"}],"replies":[{"embeddable":true,"href":"https:\/\/jugueterialudico.com.ar\/index.php?rest_route=%2Fwp%2Fv2%2Fcomments&post=25879"}],"wp:featuredmedia":[{"embeddable":true,"href":"https:\/\/jugueterialudico.com.ar\/index.php?rest_route=\/wp\/v2\/media\/25880"}],"wp:attachment":[{"href":"https:\/\/jugueterialudico.com.ar\/index.php?rest_route=%2Fwp%2Fv2%2Fmedia&parent=25879"}],"wp:term":[{"taxonomy":"product_cat","embeddable":true,"href":"https:\/\/jugueterialudico.com.ar\/index.php?rest_route=%2Fwp%2Fv2%2Fproduct_cat&post=25879"},{"taxonomy":"product_tag","embeddable":true,"href":"https:\/\/jugueterialudico.com.ar\/index.php?rest_route=%2Fwp%2Fv2%2Fproduct_tag&post=25879"}],"curies":[{"name":"wp","href":"https:\/\/api.w.org\/{rel}","templated":true}]}}