{"id":25889,"date":"2025-02-28T17:01:56","date_gmt":"2025-02-28T20:01:56","guid":{"rendered":"https:\/\/jugueterialudico.com.ar\/?post_type=product&#038;p=25889"},"modified":"2026-04-06T16:33:31","modified_gmt":"2026-04-06T19:33:31","slug":"juego-de-lectoescritura-0100","status":"publish","type":"product","link":"https:\/\/jugueterialudico.com.ar\/?product=juego-de-lectoescritura-0100","title":{"rendered":"JUEGO DE LECTOESCRITURA &#8211; 0100"},"content":{"rendered":"<p>Contiene 64 piezas tipo stencil, confeccionadas en madera, con las formas de los\u00a0n\u00fameros del 0 al 9 y las letras del abecedario en imprenta may\u00fascula y min\u00fascula.<\/p>\n<p>Una herramienta ideal para aprender de manera l\u00fadica y entretenida.<\/p>\n<p>Formato de las piezas: 7 x 7 cm<br \/>\nEdad recomendada: A partir de los 3 a\u00f1os<\/p>\n<p>&nbsp;<\/p>\n<p>&nbsp;<\/p>\n","protected":false},"excerpt":{"rendered":"<h2>Aprendiendo las letras y los n\u00fameros, juego de lectoescritura con t\u00e9cnica de est\u00e9ncil.<\/h2>\n<p>&nbsp;<\/p>\n<p>A trav\u00e9s de este juego did\u00e1ctico los ni\u00f1os pueden practicar las letras y los \u00a0n\u00fameros, a la vez que desarrollan su habilidad art\u00edstica.<br \/>\nSiguiendo el trazo calado en cada plantilla lograr\u00e1n ejercitar utilizando distintos materiales y colores.<br \/>\nA medida que afiancen los conocimientos, tendr\u00e1n la opci\u00f3n de formar palabras y n\u00fameros de varias cifras.<\/p>\n","protected":false},"featured_media":25890,"comment_status":"open","ping_status":"closed","template":"","meta":{"site-sidebar-layout":"default","site-content-layout":"","ast-site-content-layout":"default","site-content-style":"default","site-sidebar-style":"default","ast-global-header-display":"","ast-banner-title-visibility":"","ast-main-header-display":"","ast-hfb-above-header-display":"","ast-hfb-below-header-display":"","ast-hfb-mobile-header-display":"","site-post-title":"","ast-breadcrumbs-content":"","ast-featured-img":"","footer-sml-layout":"","theme-transparent-header-meta":"default","adv-header-id-meta":"","stick-header-meta":"","header-above-stick-meta":"","header-main-stick-meta":"","header-below-stick-meta":"","astra-migrate-meta-layouts":"set","ast-page-background-enabled":"default","ast-page-background-meta":{"desktop":{"background-color":"","background-image":"","background-repeat":"repeat","background-position":"center center","background-size":"auto","background-attachment":"scroll","background-type":"","background-media":"","overlay-type":"","overlay-color":"","overlay-opacity":"","overlay-gradient":""},"tablet":{"background-color":"","background-image":"","background-repeat":"repeat","background-position":"center center","background-size":"auto","background-attachment":"scroll","background-type":"","background-media":"","overlay-type":"","overlay-color":"","overlay-opacity":"","overlay-gradient":""},"mobile":{"background-color":"","background-image":"","background-repeat":"repeat","background-position":"center center","background-size":"auto","background-attachment":"scroll","background-type":"","background-media":"","overlay-type":"","overlay-color":"","overlay-opacity":"","overlay-gradient":""}},"ast-content-background-meta":{"desktop":{"background-color":"var(--ast-global-color-5)","background-image":"","background-repeat":"repeat","background-position":"center center","background-size":"auto","background-attachment":"scroll","background-type":"","background-media":"","overlay-type":"","overlay-color":"","overlay-opacity":"","overlay-gradient":""},"tablet":{"background-color":"var(--ast-global-color-5)","background-image":"","background-repeat":"repeat","background-position":"center center","background-size":"auto","background-attachment":"scroll","background-type":"","background-media":"","overlay-type":"","overlay-color":"","overlay-opacity":"","overlay-gradient":""},"mobile":{"background-color":"var(--ast-global-color-5)","background-image":"","background-repeat":"repeat","background-position":"center center","background-size":"auto","background-attachment":"scroll","background-type":"","background-media":"","overlay-type":"","overlay-color":"","overlay-opacity":"","overlay-gradient":""}},"spay_email":""},"product_cat":[164,165,166,146,93,208],"product_tag":[],"_links":{"self":[{"href":"https:\/\/jugueterialudico.com.ar\/index.php?rest_route=\/wp\/v2\/product\/25889"}],"collection":[{"href":"https:\/\/jugueterialudico.com.ar\/index.php?rest_route=\/wp\/v2\/product"}],"about":[{"href":"https:\/\/jugueterialudico.com.ar\/index.php?rest_route=\/wp\/v2\/types\/product"}],"replies":[{"embeddable":true,"href":"https:\/\/jugueterialudico.com.ar\/index.php?rest_route=%2Fwp%2Fv2%2Fcomments&post=25889"}],"wp:featuredmedia":[{"embeddable":true,"href":"https:\/\/jugueterialudico.com.ar\/index.php?rest_route=\/wp\/v2\/media\/25890"}],"wp:attachment":[{"href":"https:\/\/jugueterialudico.com.ar\/index.php?rest_route=%2Fwp%2Fv2%2Fmedia&parent=25889"}],"wp:term":[{"taxonomy":"product_cat","embeddable":true,"href":"https:\/\/jugueterialudico.com.ar\/index.php?rest_route=%2Fwp%2Fv2%2Fproduct_cat&post=25889"},{"taxonomy":"product_tag","embeddable":true,"href":"https:\/\/jugueterialudico.com.ar\/index.php?rest_route=%2Fwp%2Fv2%2Fproduct_tag&post=25889"}],"curies":[{"name":"wp","href":"https:\/\/api.w.org\/{rel}","templated":true}]}}