{"id":25988,"date":"2025-04-08T11:58:19","date_gmt":"2025-04-08T14:58:19","guid":{"rendered":"https:\/\/jugueterialudico.com.ar\/?post_type=product&#038;p=25988"},"modified":"2026-04-28T17:59:42","modified_gmt":"2026-04-28T20:59:42","slug":"memo-animalitos-correspondencia-043","status":"publish","type":"product","link":"https:\/\/jugueterialudico.com.ar\/?product=memo-animalitos-correspondencia-043","title":{"rendered":"MEMO ANIMALITOS CORRESPONDENCIA &#8211; 043"},"content":{"rendered":"<p>Edad sugerida: + 3 a\u00f1os<\/p>\n<p>Juego de 24 cartas 24 cartas para juntar 12 pares de animalitos con sus cr\u00edas (de 1 a 12 animalitos).<\/p>\n<ul>\n<li>Materiales<br \/>\nCaja de cartulina, 24 cartas, 8x8cm impresas en cartulina 350gr, para permitir su mejor conservaci\u00f3n y limpieza.<\/li>\n<li>Presentaci\u00f3n<br \/>\nCaja 10,5&#215;10,5cm.<\/li>\n<\/ul>\n<p><strong>C\u00d3MO JUGAMOS<\/strong><\/p>\n<p>Este es un Memo de correspondencia.<\/p>\n<p>Son 12 pares de cartas: 12 cartas con un animal y 12 cartas con sus cr\u00edas (de 1 a 12 animalitos).<\/p>\n<p>Objetivo: juntar la mayor cantidad de pares de la misma especie.<\/p>\n<p>Se colocan las 24 cartas boca abajo y, por turno, cada jugador da vuelta dos cartas tratando de encontrar un par. Si lo logra guarda ambas cartas y juega otra vez. Si no, las vuelve a poner boca abajo y pasa el turno.<\/p>\n<p>Opciones de Juego: Se puede jugar a armar escaleras num\u00e9ricas o juegos con cuentas matem\u00e1ticas.<\/p>\n<p>Los m\u00e1s peque\u00f1os: Pueden comenzar a jugar con menos pares de cartas<\/p>\n<p>&nbsp;<\/p>\n<p>Desarrolla la memoria visual y capacidad de observaci\u00f3n. Favorece la creatividad e imaginaci\u00f3n. Dificultad progresiva.<\/p>\n","protected":false},"excerpt":{"rendered":"<p>Edad sugerida: + 3 a\u00f1os Juego de 24 cartas 24 cartas para juntar 12 pares de animalitos con sus cr\u00edas (de 1 a 12 animalitos). Materiales Caja de cartulina, 24 cartas, 8x8cm impresas en cartulina 350gr, para permitir su mejor conservaci\u00f3n y limpieza. Presentaci\u00f3n Caja 10,5&#215;10,5cm. C\u00d3MO JUGAMOS Este es un Memo de correspondencia. Son [&hellip;]<\/p>\n","protected":false},"featured_media":25989,"comment_status":"open","ping_status":"closed","template":"","meta":{"site-sidebar-layout":"default","site-content-layout":"","ast-site-content-layout":"default","site-content-style":"default","site-sidebar-style":"default","ast-global-header-display":"","ast-banner-title-visibility":"","ast-main-header-display":"","ast-hfb-above-header-display":"","ast-hfb-below-header-display":"","ast-hfb-mobile-header-display":"","site-post-title":"","ast-breadcrumbs-content":"","ast-featured-img":"","footer-sml-layout":"","theme-transparent-header-meta":"default","adv-header-id-meta":"","stick-header-meta":"","header-above-stick-meta":"","header-main-stick-meta":"","header-below-stick-meta":"","astra-migrate-meta-layouts":"set","ast-page-background-enabled":"default","ast-page-background-meta":{"desktop":{"background-color":"","background-image":"","background-repeat":"repeat","background-position":"center center","background-size":"auto","background-attachment":"scroll","background-type":"","background-media":"","overlay-type":"","overlay-color":"","overlay-opacity":"","overlay-gradient":""},"tablet":{"background-color":"","background-image":"","background-repeat":"repeat","background-position":"center center","background-size":"auto","background-attachment":"scroll","background-type":"","background-media":"","overlay-type":"","overlay-color":"","overlay-opacity":"","overlay-gradient":""},"mobile":{"background-color":"","background-image":"","background-repeat":"repeat","background-position":"center center","background-size":"auto","background-attachment":"scroll","background-type":"","background-media":"","overlay-type":"","overlay-color":"","overlay-opacity":"","overlay-gradient":""}},"ast-content-background-meta":{"desktop":{"background-color":"var(--ast-global-color-5)","background-image":"","background-repeat":"repeat","background-position":"center center","background-size":"auto","background-attachment":"scroll","background-type":"","background-media":"","overlay-type":"","overlay-color":"","overlay-opacity":"","overlay-gradient":""},"tablet":{"background-color":"var(--ast-global-color-5)","background-image":"","background-repeat":"repeat","background-position":"center center","background-size":"auto","background-attachment":"scroll","background-type":"","background-media":"","overlay-type":"","overlay-color":"","overlay-opacity":"","overlay-gradient":""},"mobile":{"background-color":"var(--ast-global-color-5)","background-image":"","background-repeat":"repeat","background-position":"center center","background-size":"auto","background-attachment":"scroll","background-type":"","background-media":"","overlay-type":"","overlay-color":"","overlay-opacity":"","overlay-gradient":""}},"spay_email":""},"product_cat":[164,165,166,151,146,74],"product_tag":[],"_links":{"self":[{"href":"https:\/\/jugueterialudico.com.ar\/index.php?rest_route=\/wp\/v2\/product\/25988"}],"collection":[{"href":"https:\/\/jugueterialudico.com.ar\/index.php?rest_route=\/wp\/v2\/product"}],"about":[{"href":"https:\/\/jugueterialudico.com.ar\/index.php?rest_route=\/wp\/v2\/types\/product"}],"replies":[{"embeddable":true,"href":"https:\/\/jugueterialudico.com.ar\/index.php?rest_route=%2Fwp%2Fv2%2Fcomments&post=25988"}],"wp:featuredmedia":[{"embeddable":true,"href":"https:\/\/jugueterialudico.com.ar\/index.php?rest_route=\/wp\/v2\/media\/25989"}],"wp:attachment":[{"href":"https:\/\/jugueterialudico.com.ar\/index.php?rest_route=%2Fwp%2Fv2%2Fmedia&parent=25988"}],"wp:term":[{"taxonomy":"product_cat","embeddable":true,"href":"https:\/\/jugueterialudico.com.ar\/index.php?rest_route=%2Fwp%2Fv2%2Fproduct_cat&post=25988"},{"taxonomy":"product_tag","embeddable":true,"href":"https:\/\/jugueterialudico.com.ar\/index.php?rest_route=%2Fwp%2Fv2%2Fproduct_tag&post=25988"}],"curies":[{"name":"wp","href":"https:\/\/api.w.org\/{rel}","templated":true}]}}