{"id":26005,"date":"2025-04-15T17:28:39","date_gmt":"2025-04-15T20:28:39","guid":{"rendered":"https:\/\/jugueterialudico.com.ar\/?post_type=product&#038;p=26005"},"modified":"2026-03-18T13:15:56","modified_gmt":"2026-03-18T16:15:56","slug":"sonajero-cochecito-cuna-197","status":"publish","type":"product","link":"https:\/\/jugueterialudico.com.ar\/?product=sonajero-cochecito-cuna-197","title":{"rendered":"SONAJERO COCHECITO\/CUNA* &#8211; 197"},"content":{"rendered":"<p><em>MODELOS:<\/em><\/p>\n<ol>\n<li><em>\u00abBajo el mar\u00bb<\/em><\/li>\n<li><em>\u00abGalaxia\u00bb<\/em><\/li>\n<li><em>\u00abDinos\u00bb<\/em><\/li>\n<li><em>\u00abTeddy\u00bb<\/em><\/li>\n<\/ol>\n<p><strong>Edad recomendada:+3 meses<\/strong><\/p>\n<ul>\n<li>La tira estira a m\u00e1s de 50 cm (m\u00e1s las tiras de amarre)<\/li>\n<li>Las figuras se pueden desmontar de la tira<\/li>\n<li>Relleno de vell\u00f3n siliconado<\/li>\n<li>Usamos telas de gabardina de excelente calidad<\/li>\n<li>Confecci\u00f3n de calidad, resistente a tironeos<\/li>\n<li>Dise\u00f1o propio y original de Coc\u00f3 House\u00a0\u00ae<\/li>\n<li>Las figuras no se combinan con las de otros productos. No se venden por separado.<\/li>\n<\/ul>\n","protected":false},"excerpt":{"rendered":"<h5>Sonajeros<span style=\"color: #ff0000;\">*<\/span> colgantes para el cochecito o cuna. Contiene sonido sonajero (cascabel\/cajita sonajero y papel) para que tu beb\u00e9 explore. Vienen presentados en una tira de el\u00e1stico forrada adaptable a cualquier medida de barral de cochecito y tambi\u00e9n pod\u00e9s atarlo al lateral de la cuna. Es ideal para beb\u00e9s que ya se sientan solitos y solitas.<\/h5>\n<p>&nbsp;<\/p>\n<pre><strong><span style=\"color: #ff0000;\">*MODELOS VARIOS, CONSULTAR DISPONIBILIDAD.<\/span><\/strong><\/pre>\n","protected":false},"featured_media":26012,"comment_status":"open","ping_status":"closed","template":"","meta":{"site-sidebar-layout":"default","site-content-layout":"","ast-site-content-layout":"default","site-content-style":"default","site-sidebar-style":"default","ast-global-header-display":"","ast-banner-title-visibility":"","ast-main-header-display":"","ast-hfb-above-header-display":"","ast-hfb-below-header-display":"","ast-hfb-mobile-header-display":"","site-post-title":"","ast-breadcrumbs-content":"","ast-featured-img":"","footer-sml-layout":"","theme-transparent-header-meta":"default","adv-header-id-meta":"","stick-header-meta":"","header-above-stick-meta":"","header-main-stick-meta":"","header-below-stick-meta":"","astra-migrate-meta-layouts":"set","ast-page-background-enabled":"default","ast-page-background-meta":{"desktop":{"background-color":"","background-image":"","background-repeat":"repeat","background-position":"center center","background-size":"auto","background-attachment":"scroll","background-type":"","background-media":"","overlay-type":"","overlay-color":"","overlay-opacity":"","overlay-gradient":""},"tablet":{"background-color":"","background-image":"","background-repeat":"repeat","background-position":"center center","background-size":"auto","background-attachment":"scroll","background-type":"","background-media":"","overlay-type":"","overlay-color":"","overlay-opacity":"","overlay-gradient":""},"mobile":{"background-color":"","background-image":"","background-repeat":"repeat","background-position":"center center","background-size":"auto","background-attachment":"scroll","background-type":"","background-media":"","overlay-type":"","overlay-color":"","overlay-opacity":"","overlay-gradient":""}},"ast-content-background-meta":{"desktop":{"background-color":"var(--ast-global-color-5)","background-image":"","background-repeat":"repeat","background-position":"center center","background-size":"auto","background-attachment":"scroll","background-type":"","background-media":"","overlay-type":"","overlay-color":"","overlay-opacity":"","overlay-gradient":""},"tablet":{"background-color":"var(--ast-global-color-5)","background-image":"","background-repeat":"repeat","background-position":"center center","background-size":"auto","background-attachment":"scroll","background-type":"","background-media":"","overlay-type":"","overlay-color":"","overlay-opacity":"","overlay-gradient":""},"mobile":{"background-color":"var(--ast-global-color-5)","background-image":"","background-repeat":"repeat","background-position":"center center","background-size":"auto","background-attachment":"scroll","background-type":"","background-media":"","overlay-type":"","overlay-color":"","overlay-opacity":"","overlay-gradient":""}},"spay_email":""},"product_cat":[162,161,163,197,76,208,159],"product_tag":[],"_links":{"self":[{"href":"https:\/\/jugueterialudico.com.ar\/index.php?rest_route=\/wp\/v2\/product\/26005"}],"collection":[{"href":"https:\/\/jugueterialudico.com.ar\/index.php?rest_route=\/wp\/v2\/product"}],"about":[{"href":"https:\/\/jugueterialudico.com.ar\/index.php?rest_route=\/wp\/v2\/types\/product"}],"replies":[{"embeddable":true,"href":"https:\/\/jugueterialudico.com.ar\/index.php?rest_route=%2Fwp%2Fv2%2Fcomments&post=26005"}],"wp:featuredmedia":[{"embeddable":true,"href":"https:\/\/jugueterialudico.com.ar\/index.php?rest_route=\/wp\/v2\/media\/26012"}],"wp:attachment":[{"href":"https:\/\/jugueterialudico.com.ar\/index.php?rest_route=%2Fwp%2Fv2%2Fmedia&parent=26005"}],"wp:term":[{"taxonomy":"product_cat","embeddable":true,"href":"https:\/\/jugueterialudico.com.ar\/index.php?rest_route=%2Fwp%2Fv2%2Fproduct_cat&post=26005"},{"taxonomy":"product_tag","embeddable":true,"href":"https:\/\/jugueterialudico.com.ar\/index.php?rest_route=%2Fwp%2Fv2%2Fproduct_tag&post=26005"}],"curies":[{"name":"wp","href":"https:\/\/api.w.org\/{rel}","templated":true}]}}