{"id":26017,"date":"2025-04-15T17:38:56","date_gmt":"2025-04-15T20:38:56","guid":{"rendered":"https:\/\/jugueterialudico.com.ar\/?post_type=product&#038;p=26017"},"modified":"2026-03-18T13:15:33","modified_gmt":"2026-03-18T16:15:33","slug":"trapito-de-apego-197","status":"publish","type":"product","link":"https:\/\/jugueterialudico.com.ar\/?product=trapito-de-apego-197","title":{"rendered":"TRAPITO DE APEGO &#8211; 197"},"content":{"rendered":"<p><strong><em><span style=\"color: #ff0000;\">*<\/span>MODELOS DISPONIBLES:<\/em><\/strong><\/p>\n<ol>\n<li><strong><em>\u00abConeja Nube\u00bb<\/em><\/strong><\/li>\n<li><strong><em>\u00abGatita Carmela\u00bb<\/em><\/strong><\/li>\n<li><strong><em>\u00abOsito Felipe\u00bb<\/em><\/strong><\/li>\n<li><strong><em>\u00abLe\u00f3n Fran\u00bb<\/em><\/strong><\/li>\n<\/ol>\n<h3 dir=\"ltr\"><strong>\u00bfPara qu\u00e9 sirve un objeto de apego?<\/strong><\/h3>\n<p dir=\"ltr\">El\u00a0<strong>objeto de apego les aporta seguridad\u00a0<\/strong>cuando su figura principal de cuidado no est\u00e1. Suelen apretarlos, tenerlos cerca, llevarselos a la boca, por lo que suelen tomar su olor y el de su mam\u00e1 logrando que se apropien de ellos.\u00a0Es importante que sean suaves y blandos.<\/p>\n<p dir=\"ltr\">No se recomienda dejar ning\u00fan objeto ni mu\u00f1eco en la cuna mientras duermen por la noche ya que pueden tapar su carita, por eso siempre recomendamos usarlos en la hora de la siesta donde podemos vigilarlos.<\/p>\n<p dir=\"ltr\">\n<pre dir=\"ltr\">* \u00c9ste y cualquier juguete siempre debe ser utilizado bajo la supervisi\u00f3n de un adulto responsable<\/pre>\n<p>&nbsp;<\/p>\n","protected":false},"excerpt":{"rendered":"<h3 dir=\"ltr\"><strong>Trapito de apego<span style=\"color: #ff0000;\">*<\/span> transicional para beb\u00e9s<\/strong><\/h3>\n<p dir=\"ltr\">Ideal para beb\u00e9s +3 meses, para acompa\u00f1ar paseos, siestas y hasta sus primeros d\u00edas de jard\u00edn.<\/p>\n<p dir=\"ltr\">Confeccionado artesanalmente a mano\u00a0en tusor de\u00a0<strong>algod\u00f3n suave<\/strong>, con reverso\u00a0<strong>polar soft\u00a0<\/strong>y\u00a0<strong>bordado<\/strong>. Incluye bolsita de tela de presentaci\u00f3n que pod\u00e9s reutilizar para guardar sus medias, gorritos, u objetos personales peque\u00f1os.<\/p>\n<p dir=\"ltr\">Es un<strong>\u00a0producto seguro<\/strong> ya que los ojos y toda su carita est\u00e1 bordada. *Recomendamos no ofrecerles\u00a0mu\u00f1ecos con ojos a presi\u00f3n ya que puede desprenderse y es una pieza peque\u00f1a*<\/p>\n<p dir=\"ltr\">Medidas: 28 x 28 cm.<\/p>\n<p dir=\"ltr\">Lavado: se puede lavar a mano o en lavarropas<\/p>\n<p dir=\"ltr\">\n<pre dir=\"ltr\"><strong><span style=\"color: #ff0000;\">*MODELOS VARIOS, CONSULTAR DISPONIBILIDAD<\/span><\/strong><\/pre>\n","protected":false},"featured_media":26022,"comment_status":"open","ping_status":"closed","template":"","meta":{"site-sidebar-layout":"default","site-content-layout":"","ast-site-content-layout":"default","site-content-style":"default","site-sidebar-style":"default","ast-global-header-display":"","ast-banner-title-visibility":"","ast-main-header-display":"","ast-hfb-above-header-display":"","ast-hfb-below-header-display":"","ast-hfb-mobile-header-display":"","site-post-title":"","ast-breadcrumbs-content":"","ast-featured-img":"","footer-sml-layout":"","theme-transparent-header-meta":"default","adv-header-id-meta":"","stick-header-meta":"","header-above-stick-meta":"","header-main-stick-meta":"","header-below-stick-meta":"","astra-migrate-meta-layouts":"set","ast-page-background-enabled":"default","ast-page-background-meta":{"desktop":{"background-color":"","background-image":"","background-repeat":"repeat","background-position":"center center","background-size":"auto","background-attachment":"scroll","background-type":"","background-media":"","overlay-type":"","overlay-color":"","overlay-opacity":"","overlay-gradient":""},"tablet":{"background-color":"","background-image":"","background-repeat":"repeat","background-position":"center center","background-size":"auto","background-attachment":"scroll","background-type":"","background-media":"","overlay-type":"","overlay-color":"","overlay-opacity":"","overlay-gradient":""},"mobile":{"background-color":"","background-image":"","background-repeat":"repeat","background-position":"center center","background-size":"auto","background-attachment":"scroll","background-type":"","background-media":"","overlay-type":"","overlay-color":"","overlay-opacity":"","overlay-gradient":""}},"ast-content-background-meta":{"desktop":{"background-color":"var(--ast-global-color-5)","background-image":"","background-repeat":"repeat","background-position":"center center","background-size":"auto","background-attachment":"scroll","background-type":"","background-media":"","overlay-type":"","overlay-color":"","overlay-opacity":"","overlay-gradient":""},"tablet":{"background-color":"var(--ast-global-color-5)","background-image":"","background-repeat":"repeat","background-position":"center center","background-size":"auto","background-attachment":"scroll","background-type":"","background-media":"","overlay-type":"","overlay-color":"","overlay-opacity":"","overlay-gradient":""},"mobile":{"background-color":"var(--ast-global-color-5)","background-image":"","background-repeat":"repeat","background-position":"center center","background-size":"auto","background-attachment":"scroll","background-type":"","background-media":"","overlay-type":"","overlay-color":"","overlay-opacity":"","overlay-gradient":""}},"spay_email":""},"product_cat":[162,161,163,151,76,160,208,159],"product_tag":[],"_links":{"self":[{"href":"https:\/\/jugueterialudico.com.ar\/index.php?rest_route=\/wp\/v2\/product\/26017"}],"collection":[{"href":"https:\/\/jugueterialudico.com.ar\/index.php?rest_route=\/wp\/v2\/product"}],"about":[{"href":"https:\/\/jugueterialudico.com.ar\/index.php?rest_route=\/wp\/v2\/types\/product"}],"replies":[{"embeddable":true,"href":"https:\/\/jugueterialudico.com.ar\/index.php?rest_route=%2Fwp%2Fv2%2Fcomments&post=26017"}],"wp:featuredmedia":[{"embeddable":true,"href":"https:\/\/jugueterialudico.com.ar\/index.php?rest_route=\/wp\/v2\/media\/26022"}],"wp:attachment":[{"href":"https:\/\/jugueterialudico.com.ar\/index.php?rest_route=%2Fwp%2Fv2%2Fmedia&parent=26017"}],"wp:term":[{"taxonomy":"product_cat","embeddable":true,"href":"https:\/\/jugueterialudico.com.ar\/index.php?rest_route=%2Fwp%2Fv2%2Fproduct_cat&post=26017"},{"taxonomy":"product_tag","embeddable":true,"href":"https:\/\/jugueterialudico.com.ar\/index.php?rest_route=%2Fwp%2Fv2%2Fproduct_tag&post=26017"}],"curies":[{"name":"wp","href":"https:\/\/api.w.org\/{rel}","templated":true}]}}