{"id":26026,"date":"2025-04-19T12:07:38","date_gmt":"2025-04-19T15:07:38","guid":{"rendered":"https:\/\/jugueterialudico.com.ar\/?post_type=product&#038;p=26026"},"modified":"2026-03-26T10:14:36","modified_gmt":"2026-03-26T13:14:36","slug":"remando-en-dulce-de-leche-201","status":"publish","type":"product","link":"https:\/\/jugueterialudico.com.ar\/?product=remando-en-dulce-de-leche-201","title":{"rendered":"REMANDO EN DULCE DE LECHE &#8211; 201"},"content":{"rendered":"<p>Remando en Dulce de Leche es la experiencia de vivir en Argentina llevada a un tablero.<\/p>\n<p>Pod\u00e9s estudiar, trabajar, ahorrar, invertir, pero todo el entorno conspira en tu contra, y las reglas de juego cambian a cada rato. Hiperinflaci\u00f3n, desempleo, impuestazos y otras crisis te cambian los planes, y te vas a cruzar con corruptos, punteros, empresaurios y hasta hippies con prepaga, todos dispuestos a complicarte la vida.<\/p>\n<p>Para ganar, vas a necesitar ser flexible, r\u00e1pido, pero tambi\u00e9n un mont\u00f3n de suerte&#8230; O alg\u00fan que otro contacto con las personas indicadas.<\/p>\n<p>No gana el que m\u00e1s gana, sino el que menos pierde. Pero, eso s\u00ed, \u00a1nos lo tomamos con mucho humor!<\/p>\n","protected":false},"excerpt":{"rendered":"<p>Remando en Dulce de Leche es la experiencia de vivir en Argentina llevada a un tablero. Pod\u00e9s estudiar, trabajar, ahorrar, invertir, pero todo el entorno conspira en tu contra, y las reglas de juego cambian a cada rato. Hiperinflaci\u00f3n, desempleo, impuestazos y otras crisis te cambian los planes, y te vas a cruzar con corruptos, [&hellip;]<\/p>\n","protected":false},"featured_media":26027,"comment_status":"open","ping_status":"closed","template":"","meta":{"site-sidebar-layout":"default","site-content-layout":"","ast-site-content-layout":"default","site-content-style":"default","site-sidebar-style":"default","ast-global-header-display":"","ast-banner-title-visibility":"","ast-main-header-display":"","ast-hfb-above-header-display":"","ast-hfb-below-header-display":"","ast-hfb-mobile-header-display":"","site-post-title":"","ast-breadcrumbs-content":"","ast-featured-img":"","footer-sml-layout":"","theme-transparent-header-meta":"default","adv-header-id-meta":"","stick-header-meta":"","header-above-stick-meta":"","header-main-stick-meta":"","header-below-stick-meta":"","astra-migrate-meta-layouts":"set","ast-page-background-enabled":"default","ast-page-background-meta":{"desktop":{"background-color":"","background-image":"","background-repeat":"repeat","background-position":"center center","background-size":"auto","background-attachment":"scroll","background-type":"","background-media":"","overlay-type":"","overlay-color":"","overlay-opacity":"","overlay-gradient":""},"tablet":{"background-color":"","background-image":"","background-repeat":"repeat","background-position":"center center","background-size":"auto","background-attachment":"scroll","background-type":"","background-media":"","overlay-type":"","overlay-color":"","overlay-opacity":"","overlay-gradient":""},"mobile":{"background-color":"","background-image":"","background-repeat":"repeat","background-position":"center center","background-size":"auto","background-attachment":"scroll","background-type":"","background-media":"","overlay-type":"","overlay-color":"","overlay-opacity":"","overlay-gradient":""}},"ast-content-background-meta":{"desktop":{"background-color":"var(--ast-global-color-5)","background-image":"","background-repeat":"repeat","background-position":"center center","background-size":"auto","background-attachment":"scroll","background-type":"","background-media":"","overlay-type":"","overlay-color":"","overlay-opacity":"","overlay-gradient":""},"tablet":{"background-color":"var(--ast-global-color-5)","background-image":"","background-repeat":"repeat","background-position":"center center","background-size":"auto","background-attachment":"scroll","background-type":"","background-media":"","overlay-type":"","overlay-color":"","overlay-opacity":"","overlay-gradient":""},"mobile":{"background-color":"var(--ast-global-color-5)","background-image":"","background-repeat":"repeat","background-position":"center center","background-size":"auto","background-attachment":"scroll","background-type":"","background-media":"","overlay-type":"","overlay-color":"","overlay-opacity":"","overlay-gradient":""}},"spay_email":""},"product_cat":[185,74],"product_tag":[],"_links":{"self":[{"href":"https:\/\/jugueterialudico.com.ar\/index.php?rest_route=\/wp\/v2\/product\/26026"}],"collection":[{"href":"https:\/\/jugueterialudico.com.ar\/index.php?rest_route=\/wp\/v2\/product"}],"about":[{"href":"https:\/\/jugueterialudico.com.ar\/index.php?rest_route=\/wp\/v2\/types\/product"}],"replies":[{"embeddable":true,"href":"https:\/\/jugueterialudico.com.ar\/index.php?rest_route=%2Fwp%2Fv2%2Fcomments&post=26026"}],"wp:featuredmedia":[{"embeddable":true,"href":"https:\/\/jugueterialudico.com.ar\/index.php?rest_route=\/wp\/v2\/media\/26027"}],"wp:attachment":[{"href":"https:\/\/jugueterialudico.com.ar\/index.php?rest_route=%2Fwp%2Fv2%2Fmedia&parent=26026"}],"wp:term":[{"taxonomy":"product_cat","embeddable":true,"href":"https:\/\/jugueterialudico.com.ar\/index.php?rest_route=%2Fwp%2Fv2%2Fproduct_cat&post=26026"},{"taxonomy":"product_tag","embeddable":true,"href":"https:\/\/jugueterialudico.com.ar\/index.php?rest_route=%2Fwp%2Fv2%2Fproduct_tag&post=26026"}],"curies":[{"name":"wp","href":"https:\/\/api.w.org\/{rel}","templated":true}]}}