{"id":26067,"date":"2025-04-19T12:53:39","date_gmt":"2025-04-19T15:53:39","guid":{"rendered":"https:\/\/jugueterialudico.com.ar\/?post_type=product&#038;p=26067"},"modified":"2026-02-10T16:47:30","modified_gmt":"2026-02-10T19:47:30","slug":"cubo-contraste-061","status":"publish","type":"product","link":"https:\/\/jugueterialudico.com.ar\/?product=cubo-contraste-061","title":{"rendered":"CUBO CONTRASTE &#8211; 061"},"content":{"rendered":"<p>Los cubos did\u00e1cticos ofrecen una serie de beneficios importantes para el desarrollo de los beb\u00e9s:<\/p>\n<ol>\n<li><strong>Estimulaci\u00f3n sensorial:<\/strong>\u00a0las texturas, colores y formas estimulan , promoviendo el desarrollo sensorial y la exploraci\u00f3n t\u00e1ctil y visual.<\/li>\n<li><strong>Desarrollo motor:<\/strong>\u00a0Manipularlos\u00a0 ayuda a desarrollar las habilidades motoras finas y gruesas , como agarrar, lanzar, apilar, rodar y manipular objetos. Esto fortalece los m\u00fasculos de las manos y los dedos, as\u00ed como la coordinaci\u00f3n mano-ojo.<\/li>\n<li><strong>Estimulaci\u00f3n del juego imaginativo:<\/strong>\u00a0 pueden convertirse en elementos vers\u00e1tiles para el juego imaginativo. Pueden representar diferentes objetos o ser utilizados en escenarios imaginarios, fomentando la creatividad y la imaginaci\u00f3n.<\/li>\n<li><strong>Desarrollo del lenguaje:<\/strong>\u00a0Al interactuar con los cubos,describiendo los colores, formas y acciones asociadas con ellos, lo que ayuda a enriquecer el vocabulario del beb\u00e9 y fomentar el desarrollo del lenguaje.<\/li>\n<\/ol>\n","protected":false},"excerpt":{"rendered":"<p>Los cubos did\u00e1cticos ofrecen una serie de beneficios importantes para el desarrollo de los beb\u00e9s: Estimulaci\u00f3n sensorial:\u00a0las texturas, colores y formas estimulan , promoviendo el desarrollo sensorial y la exploraci\u00f3n t\u00e1ctil y visual. Desarrollo motor:\u00a0Manipularlos\u00a0 ayuda a desarrollar las habilidades motoras finas y gruesas , como agarrar, lanzar, apilar, rodar y manipular objetos. Esto fortalece [&hellip;]<\/p>\n","protected":false},"featured_media":26068,"comment_status":"open","ping_status":"closed","template":"","meta":{"site-sidebar-layout":"default","site-content-layout":"","ast-site-content-layout":"default","site-content-style":"default","site-sidebar-style":"default","ast-global-header-display":"","ast-banner-title-visibility":"","ast-main-header-display":"","ast-hfb-above-header-display":"","ast-hfb-below-header-display":"","ast-hfb-mobile-header-display":"","site-post-title":"","ast-breadcrumbs-content":"","ast-featured-img":"","footer-sml-layout":"","theme-transparent-header-meta":"default","adv-header-id-meta":"","stick-header-meta":"","header-above-stick-meta":"","header-main-stick-meta":"","header-below-stick-meta":"","astra-migrate-meta-layouts":"set","ast-page-background-enabled":"default","ast-page-background-meta":{"desktop":{"background-color":"","background-image":"","background-repeat":"repeat","background-position":"center center","background-size":"auto","background-attachment":"scroll","background-type":"","background-media":"","overlay-type":"","overlay-color":"","overlay-opacity":"","overlay-gradient":""},"tablet":{"background-color":"","background-image":"","background-repeat":"repeat","background-position":"center center","background-size":"auto","background-attachment":"scroll","background-type":"","background-media":"","overlay-type":"","overlay-color":"","overlay-opacity":"","overlay-gradient":""},"mobile":{"background-color":"","background-image":"","background-repeat":"repeat","background-position":"center center","background-size":"auto","background-attachment":"scroll","background-type":"","background-media":"","overlay-type":"","overlay-color":"","overlay-opacity":"","overlay-gradient":""}},"ast-content-background-meta":{"desktop":{"background-color":"var(--ast-global-color-5)","background-image":"","background-repeat":"repeat","background-position":"center center","background-size":"auto","background-attachment":"scroll","background-type":"","background-media":"","overlay-type":"","overlay-color":"","overlay-opacity":"","overlay-gradient":""},"tablet":{"background-color":"var(--ast-global-color-5)","background-image":"","background-repeat":"repeat","background-position":"center center","background-size":"auto","background-attachment":"scroll","background-type":"","background-media":"","overlay-type":"","overlay-color":"","overlay-opacity":"","overlay-gradient":""},"mobile":{"background-color":"var(--ast-global-color-5)","background-image":"","background-repeat":"repeat","background-position":"center center","background-size":"auto","background-attachment":"scroll","background-type":"","background-media":"","overlay-type":"","overlay-color":"","overlay-opacity":"","overlay-gradient":""}},"spay_email":""},"product_cat":[162,161,159],"product_tag":[],"_links":{"self":[{"href":"https:\/\/jugueterialudico.com.ar\/index.php?rest_route=\/wp\/v2\/product\/26067"}],"collection":[{"href":"https:\/\/jugueterialudico.com.ar\/index.php?rest_route=\/wp\/v2\/product"}],"about":[{"href":"https:\/\/jugueterialudico.com.ar\/index.php?rest_route=\/wp\/v2\/types\/product"}],"replies":[{"embeddable":true,"href":"https:\/\/jugueterialudico.com.ar\/index.php?rest_route=%2Fwp%2Fv2%2Fcomments&post=26067"}],"wp:featuredmedia":[{"embeddable":true,"href":"https:\/\/jugueterialudico.com.ar\/index.php?rest_route=\/wp\/v2\/media\/26068"}],"wp:attachment":[{"href":"https:\/\/jugueterialudico.com.ar\/index.php?rest_route=%2Fwp%2Fv2%2Fmedia&parent=26067"}],"wp:term":[{"taxonomy":"product_cat","embeddable":true,"href":"https:\/\/jugueterialudico.com.ar\/index.php?rest_route=%2Fwp%2Fv2%2Fproduct_cat&post=26067"},{"taxonomy":"product_tag","embeddable":true,"href":"https:\/\/jugueterialudico.com.ar\/index.php?rest_route=%2Fwp%2Fv2%2Fproduct_tag&post=26067"}],"curies":[{"name":"wp","href":"https:\/\/api.w.org\/{rel}","templated":true}]}}