{"id":26082,"date":"2025-04-21T16:32:46","date_gmt":"2025-04-21T19:32:46","guid":{"rendered":"https:\/\/jugueterialudico.com.ar\/?post_type=product&#038;p=26082"},"modified":"2026-04-15T14:07:17","modified_gmt":"2026-04-15T17:07:17","slug":"libro-alto-contraste-061","status":"publish","type":"product","link":"https:\/\/jugueterialudico.com.ar\/?product=libro-alto-contraste-061","title":{"rendered":"LIBRO ALTOS CONTRASTES &#8211; 061"},"content":{"rendered":"<p>INCLUYE:<\/p>\n<p>Sonajero<\/p>\n<p>Diferentes texturas y materiales<\/p>\n<p>El librito mide 15x15cm cerrado, 15&#215;30 abierto.<\/p>\n<p>&nbsp;<\/p>\n<p>&nbsp;<\/p>\n<p>&nbsp;<\/p>\n","protected":false},"excerpt":{"rendered":"<h6 data-start=\"0\" data-end=\"400\">Est\u00e1 dise\u00f1ado con im\u00e1genes de alto contraste en blanco y negro blanco. Este libro ofrece varios beneficios para el desarrollo de los m\u00e1s peque\u00f1os, especialmente en los primeros meses de vida, cuando su visi\u00f3n todav\u00eda est\u00e1 en desarrollo. Algunos de los beneficios incluyen:<\/h6>\n<ol data-start=\"402\" data-end=\"1849\">\n<li data-start=\"402\" data-end=\"622\">\n<p data-start=\"405\" data-end=\"622\"><strong data-start=\"405\" data-end=\"428\">Estimulaci\u00f3n visual<\/strong>: Los beb\u00e9s reci\u00e9n nacidos no pueden ver colores con claridad, por lo que los contrastes fuertes ayudan a captar su atenci\u00f3n y les permiten empezar a distinguir formas y patrones m\u00e1s f\u00e1cilmente.<\/p>\n<\/li>\n<li data-start=\"624\" data-end=\"870\">\n<p data-start=\"627\" data-end=\"870\"><strong data-start=\"627\" data-end=\"651\">Desarrollo cognitivo<\/strong>: Los libros de contrastes ayudan a que los beb\u00e9s empiecen a reconocer y distinguir entre diferentes figuras, patrones y objetos. Esta actividad es fundamental para el desarrollo de la memoria visual y la concentraci\u00f3n.<\/p>\n<\/li>\n<li data-start=\"872\" data-end=\"1084\" data-is-only-node=\"\">\n<p data-start=\"875\" data-end=\"1084\"><strong data-start=\"875\" data-end=\"911\">Fomento de la atenci\u00f3n y enfoque<\/strong>: Los contrastes visuales atraen la mirada del beb\u00e9, lo que favorece su capacidad para centrarse en los objetos y mejora su capacidad de atenci\u00f3n a medida que van creciendo.<\/p>\n<\/li>\n<li data-start=\"1086\" data-end=\"1320\">\n<p data-start=\"1089\" data-end=\"1320\"><strong data-start=\"1089\" data-end=\"1127\">Desarrollo de la percepci\u00f3n visual<\/strong>: Estos libros ayudan a los beb\u00e9s a mejorar su capacidad para percibir diferencias en el espacio, la forma y el tama\u00f1o, lo que es crucial para el desarrollo de habilidades motoras y cognitivas.<\/p>\n<\/li>\n<li data-start=\"1322\" data-end=\"1606\">\n<p data-start=\"1325\" data-end=\"1606\"><strong data-start=\"1325\" data-end=\"1380\">Fortalecimiento de la conexi\u00f3n entre padres e hijos<\/strong>: Al leer estos libros con los beb\u00e9s, los padres tienen la oportunidad de interactuar, hablar con ellos y se\u00f1alar las im\u00e1genes, lo que refuerza el v\u00ednculo afectivo y promueve el desarrollo del lenguaje desde una edad temprana.<\/p>\n<\/li>\n<\/ol>\n","protected":false},"featured_media":26087,"comment_status":"open","ping_status":"closed","template":"","meta":{"site-sidebar-layout":"default","site-content-layout":"","ast-site-content-layout":"default","site-content-style":"default","site-sidebar-style":"default","ast-global-header-display":"","ast-banner-title-visibility":"","ast-main-header-display":"","ast-hfb-above-header-display":"","ast-hfb-below-header-display":"","ast-hfb-mobile-header-display":"","site-post-title":"","ast-breadcrumbs-content":"","ast-featured-img":"","footer-sml-layout":"","theme-transparent-header-meta":"default","adv-header-id-meta":"","stick-header-meta":"","header-above-stick-meta":"","header-main-stick-meta":"","header-below-stick-meta":"","astra-migrate-meta-layouts":"set","ast-page-background-enabled":"default","ast-page-background-meta":{"desktop":{"background-color":"","background-image":"","background-repeat":"repeat","background-position":"center center","background-size":"auto","background-attachment":"scroll","background-type":"","background-media":"","overlay-type":"","overlay-color":"","overlay-opacity":"","overlay-gradient":""},"tablet":{"background-color":"","background-image":"","background-repeat":"repeat","background-position":"center center","background-size":"auto","background-attachment":"scroll","background-type":"","background-media":"","overlay-type":"","overlay-color":"","overlay-opacity":"","overlay-gradient":""},"mobile":{"background-color":"","background-image":"","background-repeat":"repeat","background-position":"center center","background-size":"auto","background-attachment":"scroll","background-type":"","background-media":"","overlay-type":"","overlay-color":"","overlay-opacity":"","overlay-gradient":""}},"ast-content-background-meta":{"desktop":{"background-color":"var(--ast-global-color-5)","background-image":"","background-repeat":"repeat","background-position":"center center","background-size":"auto","background-attachment":"scroll","background-type":"","background-media":"","overlay-type":"","overlay-color":"","overlay-opacity":"","overlay-gradient":""},"tablet":{"background-color":"var(--ast-global-color-5)","background-image":"","background-repeat":"repeat","background-position":"center center","background-size":"auto","background-attachment":"scroll","background-type":"","background-media":"","overlay-type":"","overlay-color":"","overlay-opacity":"","overlay-gradient":""},"mobile":{"background-color":"var(--ast-global-color-5)","background-image":"","background-repeat":"repeat","background-position":"center center","background-size":"auto","background-attachment":"scroll","background-type":"","background-media":"","overlay-type":"","overlay-color":"","overlay-opacity":"","overlay-gradient":""}},"spay_email":""},"product_cat":[162,161,145,208,159],"product_tag":[],"_links":{"self":[{"href":"https:\/\/jugueterialudico.com.ar\/index.php?rest_route=\/wp\/v2\/product\/26082"}],"collection":[{"href":"https:\/\/jugueterialudico.com.ar\/index.php?rest_route=\/wp\/v2\/product"}],"about":[{"href":"https:\/\/jugueterialudico.com.ar\/index.php?rest_route=\/wp\/v2\/types\/product"}],"replies":[{"embeddable":true,"href":"https:\/\/jugueterialudico.com.ar\/index.php?rest_route=%2Fwp%2Fv2%2Fcomments&post=26082"}],"wp:featuredmedia":[{"embeddable":true,"href":"https:\/\/jugueterialudico.com.ar\/index.php?rest_route=\/wp\/v2\/media\/26087"}],"wp:attachment":[{"href":"https:\/\/jugueterialudico.com.ar\/index.php?rest_route=%2Fwp%2Fv2%2Fmedia&parent=26082"}],"wp:term":[{"taxonomy":"product_cat","embeddable":true,"href":"https:\/\/jugueterialudico.com.ar\/index.php?rest_route=%2Fwp%2Fv2%2Fproduct_cat&post=26082"},{"taxonomy":"product_tag","embeddable":true,"href":"https:\/\/jugueterialudico.com.ar\/index.php?rest_route=%2Fwp%2Fv2%2Fproduct_tag&post=26082"}],"curies":[{"name":"wp","href":"https:\/\/api.w.org\/{rel}","templated":true}]}}