{"id":26114,"date":"2025-04-26T10:16:34","date_gmt":"2025-04-26T13:16:34","guid":{"rendered":"https:\/\/jugueterialudico.com.ar\/?post_type=product&#038;p=26114"},"modified":"2025-06-04T19:13:19","modified_gmt":"2025-06-04T22:13:19","slug":"monopoly-maradona-107","status":"publish","type":"product","link":"https:\/\/jugueterialudico.com.ar\/?product=monopoly-maradona-107","title":{"rendered":"MONOPOLY MARADONA &#8211; 107"},"content":{"rendered":"<p>Juego de Mesa Monopoly Maradona.<\/p>\n<p>Monopoly te lleva a un recorrido hist\u00f3rico. Viajando por la historia de \u00abEl Diego\u00bb Te sentir\u00e1s un \u00e9xitoso manager. Adem\u00e1s pod\u00e1s recorrer instalaciones y rememorar grandes victorias y jugadas que nos hicieron vibrar de alegria. Inverti en entradas y accesos VIP, recibi alquileres y gast\u00e1 el dinero en merchandising. Se astuto y mantenete alerta, porque hay lugar s\u00f3lo para uno en el primer puesto. A todos los dem\u00e1s&#8230; los espera la bancarrota. Negocia tu camino con \u00e9xito y podr\u00e1s ser el ganador. Edad 8+ De 2 a 6 Jugadores<\/p>\n","protected":false},"excerpt":{"rendered":"<p>Juego de Mesa Monopoly Maradona. Monopoly te lleva a un recorrido hist\u00f3rico. Viajando por la historia de \u00abEl Diego\u00bb Te sentir\u00e1s un \u00e9xitoso manager. Adem\u00e1s pod\u00e1s recorrer instalaciones y rememorar grandes victorias y jugadas que nos hicieron vibrar de alegria. Inverti en entradas y accesos VIP, recibi alquileres y gast\u00e1 el dinero en merchandising. Se [&hellip;]<\/p>\n","protected":false},"featured_media":26115,"comment_status":"open","ping_status":"closed","template":"","meta":{"site-sidebar-layout":"default","site-content-layout":"","ast-site-content-layout":"default","site-content-style":"default","site-sidebar-style":"default","ast-global-header-display":"","ast-banner-title-visibility":"","ast-main-header-display":"","ast-hfb-above-header-display":"","ast-hfb-below-header-display":"","ast-hfb-mobile-header-display":"","site-post-title":"","ast-breadcrumbs-content":"","ast-featured-img":"","footer-sml-layout":"","theme-transparent-header-meta":"default","adv-header-id-meta":"","stick-header-meta":"","header-above-stick-meta":"","header-main-stick-meta":"","header-below-stick-meta":"","astra-migrate-meta-layouts":"set","ast-page-background-enabled":"default","ast-page-background-meta":{"desktop":{"background-color":"","background-image":"","background-repeat":"repeat","background-position":"center center","background-size":"auto","background-attachment":"scroll","background-type":"","background-media":"","overlay-type":"","overlay-color":"","overlay-opacity":"","overlay-gradient":""},"tablet":{"background-color":"","background-image":"","background-repeat":"repeat","background-position":"center center","background-size":"auto","background-attachment":"scroll","background-type":"","background-media":"","overlay-type":"","overlay-color":"","overlay-opacity":"","overlay-gradient":""},"mobile":{"background-color":"","background-image":"","background-repeat":"repeat","background-position":"center center","background-size":"auto","background-attachment":"scroll","background-type":"","background-media":"","overlay-type":"","overlay-color":"","overlay-opacity":"","overlay-gradient":""}},"ast-content-background-meta":{"desktop":{"background-color":"var(--ast-global-color-5)","background-image":"","background-repeat":"repeat","background-position":"center center","background-size":"auto","background-attachment":"scroll","background-type":"","background-media":"","overlay-type":"","overlay-color":"","overlay-opacity":"","overlay-gradient":""},"tablet":{"background-color":"var(--ast-global-color-5)","background-image":"","background-repeat":"repeat","background-position":"center center","background-size":"auto","background-attachment":"scroll","background-type":"","background-media":"","overlay-type":"","overlay-color":"","overlay-opacity":"","overlay-gradient":""},"mobile":{"background-color":"var(--ast-global-color-5)","background-image":"","background-repeat":"repeat","background-position":"center center","background-size":"auto","background-attachment":"scroll","background-type":"","background-media":"","overlay-type":"","overlay-color":"","overlay-opacity":"","overlay-gradient":""}},"spay_email":""},"product_cat":[185,168,167,74],"product_tag":[],"_links":{"self":[{"href":"https:\/\/jugueterialudico.com.ar\/index.php?rest_route=\/wp\/v2\/product\/26114"}],"collection":[{"href":"https:\/\/jugueterialudico.com.ar\/index.php?rest_route=\/wp\/v2\/product"}],"about":[{"href":"https:\/\/jugueterialudico.com.ar\/index.php?rest_route=\/wp\/v2\/types\/product"}],"replies":[{"embeddable":true,"href":"https:\/\/jugueterialudico.com.ar\/index.php?rest_route=%2Fwp%2Fv2%2Fcomments&post=26114"}],"wp:featuredmedia":[{"embeddable":true,"href":"https:\/\/jugueterialudico.com.ar\/index.php?rest_route=\/wp\/v2\/media\/26115"}],"wp:attachment":[{"href":"https:\/\/jugueterialudico.com.ar\/index.php?rest_route=%2Fwp%2Fv2%2Fmedia&parent=26114"}],"wp:term":[{"taxonomy":"product_cat","embeddable":true,"href":"https:\/\/jugueterialudico.com.ar\/index.php?rest_route=%2Fwp%2Fv2%2Fproduct_cat&post=26114"},{"taxonomy":"product_tag","embeddable":true,"href":"https:\/\/jugueterialudico.com.ar\/index.php?rest_route=%2Fwp%2Fv2%2Fproduct_tag&post=26114"}],"curies":[{"name":"wp","href":"https:\/\/api.w.org\/{rel}","templated":true}]}}