{"id":26136,"date":"2025-05-09T10:50:23","date_gmt":"2025-05-09T13:50:23","guid":{"rendered":"https:\/\/jugueterialudico.com.ar\/?post_type=product&#038;p=26136"},"modified":"2026-02-06T16:58:50","modified_gmt":"2026-02-06T19:58:50","slug":"identificadores-arcoiris-y-unicornio-060","status":"publish","type":"product","link":"https:\/\/jugueterialudico.com.ar\/?product=identificadores-arcoiris-y-unicornio-060","title":{"rendered":"IDENTIFICADORES ARCOIRIS Y UNICORNIO &#8211; 060"},"content":{"rendered":"<p>Original y divertido kit, para crear tus propios identificadores. inlcuye dos figuras de madera a las cuales pueden pintar con las temperas incluidas en el kit, inlcuso darle detalles con marcadores o lapices.<\/p>\n<p>Crea identificadores \u00fanicos y exclusivos con los colores que m\u00e1s te gusten. Dale un toque de \u00fanico a tu mochila, lunchera, bolso o cartera.<\/p>\n<p><strong>Contenido<\/strong>:<\/p>\n<ul>\n<li data-list=\"bullet\">2 figuras en mdf<\/li>\n<li data-list=\"bullet\">temperas<\/li>\n<li data-list=\"bullet\">pincel<\/li>\n<li data-list=\"bullet\">cuencas pl\u00e1sticas de distintos colores<\/li>\n<li data-list=\"bullet\">hilo chino<\/li>\n<li data-list=\"bullet\">mosquetones<\/li>\n<li data-list=\"bullet\">instrucciones en el dorso.<\/li>\n<\/ul>\n","protected":false},"excerpt":{"rendered":"<p>Original y divertido kit, para crear tus propios identificadores. inlcuye dos figuras de madera a las cuales pueden pintar con las temperas incluidas en el kit, inlcuso darle detalles con marcadores o lapices. Crea identificadores \u00fanicos y exclusivos con los colores que m\u00e1s te gusten. Dale un toque de \u00fanico a tu mochila, lunchera, bolso [&hellip;]<\/p>\n","protected":false},"featured_media":26137,"comment_status":"open","ping_status":"closed","template":"","meta":{"site-sidebar-layout":"default","site-content-layout":"","ast-site-content-layout":"default","site-content-style":"default","site-sidebar-style":"default","ast-global-header-display":"","ast-banner-title-visibility":"","ast-main-header-display":"","ast-hfb-above-header-display":"","ast-hfb-below-header-display":"","ast-hfb-mobile-header-display":"","site-post-title":"","ast-breadcrumbs-content":"","ast-featured-img":"","footer-sml-layout":"","theme-transparent-header-meta":"default","adv-header-id-meta":"","stick-header-meta":"","header-above-stick-meta":"","header-main-stick-meta":"","header-below-stick-meta":"","astra-migrate-meta-layouts":"set","ast-page-background-enabled":"default","ast-page-background-meta":{"desktop":{"background-color":"","background-image":"","background-repeat":"repeat","background-position":"center center","background-size":"auto","background-attachment":"scroll","background-type":"","background-media":"","overlay-type":"","overlay-color":"","overlay-opacity":"","overlay-gradient":""},"tablet":{"background-color":"","background-image":"","background-repeat":"repeat","background-position":"center center","background-size":"auto","background-attachment":"scroll","background-type":"","background-media":"","overlay-type":"","overlay-color":"","overlay-opacity":"","overlay-gradient":""},"mobile":{"background-color":"","background-image":"","background-repeat":"repeat","background-position":"center center","background-size":"auto","background-attachment":"scroll","background-type":"","background-media":"","overlay-type":"","overlay-color":"","overlay-opacity":"","overlay-gradient":""}},"ast-content-background-meta":{"desktop":{"background-color":"var(--ast-global-color-5)","background-image":"","background-repeat":"repeat","background-position":"center center","background-size":"auto","background-attachment":"scroll","background-type":"","background-media":"","overlay-type":"","overlay-color":"","overlay-opacity":"","overlay-gradient":""},"tablet":{"background-color":"var(--ast-global-color-5)","background-image":"","background-repeat":"repeat","background-position":"center center","background-size":"auto","background-attachment":"scroll","background-type":"","background-media":"","overlay-type":"","overlay-color":"","overlay-opacity":"","overlay-gradient":""},"mobile":{"background-color":"var(--ast-global-color-5)","background-image":"","background-repeat":"repeat","background-position":"center center","background-size":"auto","background-attachment":"scroll","background-type":"","background-media":"","overlay-type":"","overlay-color":"","overlay-opacity":"","overlay-gradient":""}},"spay_email":""},"product_cat":[165,166,167,78],"product_tag":[],"_links":{"self":[{"href":"https:\/\/jugueterialudico.com.ar\/index.php?rest_route=\/wp\/v2\/product\/26136"}],"collection":[{"href":"https:\/\/jugueterialudico.com.ar\/index.php?rest_route=\/wp\/v2\/product"}],"about":[{"href":"https:\/\/jugueterialudico.com.ar\/index.php?rest_route=\/wp\/v2\/types\/product"}],"replies":[{"embeddable":true,"href":"https:\/\/jugueterialudico.com.ar\/index.php?rest_route=%2Fwp%2Fv2%2Fcomments&post=26136"}],"wp:featuredmedia":[{"embeddable":true,"href":"https:\/\/jugueterialudico.com.ar\/index.php?rest_route=\/wp\/v2\/media\/26137"}],"wp:attachment":[{"href":"https:\/\/jugueterialudico.com.ar\/index.php?rest_route=%2Fwp%2Fv2%2Fmedia&parent=26136"}],"wp:term":[{"taxonomy":"product_cat","embeddable":true,"href":"https:\/\/jugueterialudico.com.ar\/index.php?rest_route=%2Fwp%2Fv2%2Fproduct_cat&post=26136"},{"taxonomy":"product_tag","embeddable":true,"href":"https:\/\/jugueterialudico.com.ar\/index.php?rest_route=%2Fwp%2Fv2%2Fproduct_tag&post=26136"}],"curies":[{"name":"wp","href":"https:\/\/api.w.org\/{rel}","templated":true}]}}