{"id":26205,"date":"2025-05-21T16:38:02","date_gmt":"2025-05-21T19:38:02","guid":{"rendered":"https:\/\/jugueterialudico.com.ar\/?post_type=product&#038;p=26205"},"modified":"2025-10-02T19:17:27","modified_gmt":"2025-10-02T22:17:27","slug":"heladitos-ecofriendly-179","status":"publish","type":"product","link":"https:\/\/jugueterialudico.com.ar\/?product=heladitos-ecofriendly-179","title":{"rendered":"HELADITOS ECOFRIENDLY &#8211; 179"},"content":{"rendered":"<p>Packaging: cami\u00f3n de helados.<br \/>\nContenido: ovillos de lana, creador de pompones, decoraci\u00f3n para armar los helados, adhesivo, personajes de papel para armar y jugar.<\/p>\n<p><em>No es indicado para ni\u00f1os menores de 36 meses por contener piezas peque\u00f1as que pueden ser ingeridas.<\/em><\/p>\n<p style=\"font-weight: 400;\"><a href=\"https:\/\/www.facebook.com\/sharer\/sharer.php?u=https:\/\/www.woodaloo.com.ar\/productos\/ecofriendly-craft-set-nuevo\/\" data-network=\"facebook\" aria-label=\"Compartir en Facebook\">\u00a0<\/a><a href=\"https:\/\/twitter.com\/share?url=https:\/\/www.woodaloo.com.ar\/productos\/ecofriendly-craft-set-nuevo\/\" data-network=\"twitter\" aria-label=\"Compartir en Twitter\">\u00a0<\/a><\/p>\n","protected":false},"excerpt":{"rendered":"<p><strong>Reciclar es importante y qu\u00e9 mejor que hacerlo empezando por crear su propio material de juego.<br \/>\nCon nuestro ecofriendly craft set, los ni\u00f1os y ni\u00f1as podr\u00e1n transformar rollitos de papel en cucuruchos de helado, convirtiendo el arte de reciclar en el arte de jugar.<br \/>\nAdem\u00e1s, trae personajes de papel para que la caja no sea un desecho al convertirla en parte del juego.<\/strong><\/p>\n","protected":false},"featured_media":26208,"comment_status":"open","ping_status":"closed","template":"","meta":{"site-sidebar-layout":"default","site-content-layout":"","ast-site-content-layout":"default","site-content-style":"default","site-sidebar-style":"default","ast-global-header-display":"","ast-banner-title-visibility":"","ast-main-header-display":"","ast-hfb-above-header-display":"","ast-hfb-below-header-display":"","ast-hfb-mobile-header-display":"","site-post-title":"","ast-breadcrumbs-content":"","ast-featured-img":"","footer-sml-layout":"","theme-transparent-header-meta":"default","adv-header-id-meta":"","stick-header-meta":"","header-above-stick-meta":"","header-main-stick-meta":"","header-below-stick-meta":"","astra-migrate-meta-layouts":"set","ast-page-background-enabled":"default","ast-page-background-meta":{"desktop":{"background-color":"","background-image":"","background-repeat":"repeat","background-position":"center center","background-size":"auto","background-attachment":"scroll","background-type":"","background-media":"","overlay-type":"","overlay-color":"","overlay-opacity":"","overlay-gradient":""},"tablet":{"background-color":"","background-image":"","background-repeat":"repeat","background-position":"center center","background-size":"auto","background-attachment":"scroll","background-type":"","background-media":"","overlay-type":"","overlay-color":"","overlay-opacity":"","overlay-gradient":""},"mobile":{"background-color":"","background-image":"","background-repeat":"repeat","background-position":"center center","background-size":"auto","background-attachment":"scroll","background-type":"","background-media":"","overlay-type":"","overlay-color":"","overlay-opacity":"","overlay-gradient":""}},"ast-content-background-meta":{"desktop":{"background-color":"var(--ast-global-color-5)","background-image":"","background-repeat":"repeat","background-position":"center center","background-size":"auto","background-attachment":"scroll","background-type":"","background-media":"","overlay-type":"","overlay-color":"","overlay-opacity":"","overlay-gradient":""},"tablet":{"background-color":"var(--ast-global-color-5)","background-image":"","background-repeat":"repeat","background-position":"center center","background-size":"auto","background-attachment":"scroll","background-type":"","background-media":"","overlay-type":"","overlay-color":"","overlay-opacity":"","overlay-gradient":""},"mobile":{"background-color":"var(--ast-global-color-5)","background-image":"","background-repeat":"repeat","background-position":"center center","background-size":"auto","background-attachment":"scroll","background-type":"","background-media":"","overlay-type":"","overlay-color":"","overlay-opacity":"","overlay-gradient":""}},"spay_email":""},"product_cat":[18,164,165,166,167,77,78,208],"product_tag":[],"_links":{"self":[{"href":"https:\/\/jugueterialudico.com.ar\/index.php?rest_route=\/wp\/v2\/product\/26205"}],"collection":[{"href":"https:\/\/jugueterialudico.com.ar\/index.php?rest_route=\/wp\/v2\/product"}],"about":[{"href":"https:\/\/jugueterialudico.com.ar\/index.php?rest_route=\/wp\/v2\/types\/product"}],"replies":[{"embeddable":true,"href":"https:\/\/jugueterialudico.com.ar\/index.php?rest_route=%2Fwp%2Fv2%2Fcomments&post=26205"}],"wp:featuredmedia":[{"embeddable":true,"href":"https:\/\/jugueterialudico.com.ar\/index.php?rest_route=\/wp\/v2\/media\/26208"}],"wp:attachment":[{"href":"https:\/\/jugueterialudico.com.ar\/index.php?rest_route=%2Fwp%2Fv2%2Fmedia&parent=26205"}],"wp:term":[{"taxonomy":"product_cat","embeddable":true,"href":"https:\/\/jugueterialudico.com.ar\/index.php?rest_route=%2Fwp%2Fv2%2Fproduct_cat&post=26205"},{"taxonomy":"product_tag","embeddable":true,"href":"https:\/\/jugueterialudico.com.ar\/index.php?rest_route=%2Fwp%2Fv2%2Fproduct_tag&post=26205"}],"curies":[{"name":"wp","href":"https:\/\/api.w.org\/{rel}","templated":true}]}}