{"id":26212,"date":"2025-05-21T16:44:43","date_gmt":"2025-05-21T19:44:43","guid":{"rendered":"https:\/\/jugueterialudico.com.ar\/?post_type=product&#038;p=26212"},"modified":"2025-10-31T17:31:49","modified_gmt":"2025-10-31T20:31:49","slug":"my-doodles-179","status":"publish","type":"product","link":"https:\/\/jugueterialudico.com.ar\/?product=my-doodles-179","title":{"rendered":"MY DOODLES &#8211; 179"},"content":{"rendered":"<p style=\"font-weight: 400;\">Contenido: 4 tarjetas (micro, nave espacial, casita, cami\u00f3n de bomberos)<br \/>\n10 tarjetitas reversibles con 20 ilustraciones para calcar<br \/>\n1 l\u00e1piz negro, tiritas de papel de calco<\/p>\n<p><span style=\"font-weight: 400;\">C\u00f3mo jugar: 1. Desde el dorso de la tarjeta, levant\u00e1 las aletas y atraves\u00e1 una tirita de papel<\/span><br style=\"font-weight: 400;\" \/><span style=\"font-weight: 400;\">de calco. A continuaci\u00f3n, dala vuelta, y en cada ventana insert\u00e1 una tarjetita por debajo del papel de calco. \u00a1Y listo para dibujar! Luego pod\u00e9s colorear tus dibujitos como m\u00e1s te guste.<\/span><\/p>\n","protected":false},"excerpt":{"rendered":"<p><strong>\u00a1My doodles es una divertid\u00edsima actividad para aprender a dibujar calcando!<br \/>\nTrae 4 escenarios, y 20 dibujos muy f\u00e1ciles de reproducir y pintar. Adem\u00e1s, c<\/strong><strong>alcar no solo es divertido, sino que tambi\u00e9n ayuda a desarrollar habilidades muy importantes, como la coordinaci\u00f3n ojo-mano y la precisi\u00f3n en el trazo.<\/strong><\/p>\n<p><strong>Es una actividad de dibujo ideal, a partir de los 4 a\u00f1os.<\/strong><\/p>\n","protected":false},"featured_media":26219,"comment_status":"open","ping_status":"closed","template":"","meta":{"site-sidebar-layout":"default","site-content-layout":"","ast-site-content-layout":"default","site-content-style":"default","site-sidebar-style":"default","ast-global-header-display":"","ast-banner-title-visibility":"","ast-main-header-display":"","ast-hfb-above-header-display":"","ast-hfb-below-header-display":"","ast-hfb-mobile-header-display":"","site-post-title":"","ast-breadcrumbs-content":"","ast-featured-img":"","footer-sml-layout":"","theme-transparent-header-meta":"default","adv-header-id-meta":"","stick-header-meta":"","header-above-stick-meta":"","header-main-stick-meta":"","header-below-stick-meta":"","astra-migrate-meta-layouts":"set","ast-page-background-enabled":"default","ast-page-background-meta":{"desktop":{"background-color":"","background-image":"","background-repeat":"repeat","background-position":"center center","background-size":"auto","background-attachment":"scroll","background-type":"","background-media":"","overlay-type":"","overlay-color":"","overlay-opacity":"","overlay-gradient":""},"tablet":{"background-color":"","background-image":"","background-repeat":"repeat","background-position":"center center","background-size":"auto","background-attachment":"scroll","background-type":"","background-media":"","overlay-type":"","overlay-color":"","overlay-opacity":"","overlay-gradient":""},"mobile":{"background-color":"","background-image":"","background-repeat":"repeat","background-position":"center center","background-size":"auto","background-attachment":"scroll","background-type":"","background-media":"","overlay-type":"","overlay-color":"","overlay-opacity":"","overlay-gradient":""}},"ast-content-background-meta":{"desktop":{"background-color":"var(--ast-global-color-5)","background-image":"","background-repeat":"repeat","background-position":"center center","background-size":"auto","background-attachment":"scroll","background-type":"","background-media":"","overlay-type":"","overlay-color":"","overlay-opacity":"","overlay-gradient":""},"tablet":{"background-color":"var(--ast-global-color-5)","background-image":"","background-repeat":"repeat","background-position":"center center","background-size":"auto","background-attachment":"scroll","background-type":"","background-media":"","overlay-type":"","overlay-color":"","overlay-opacity":"","overlay-gradient":""},"mobile":{"background-color":"var(--ast-global-color-5)","background-image":"","background-repeat":"repeat","background-position":"center center","background-size":"auto","background-attachment":"scroll","background-type":"","background-media":"","overlay-type":"","overlay-color":"","overlay-opacity":"","overlay-gradient":""}},"spay_email":""},"product_cat":[165,166,167,197,146,196,78,208],"product_tag":[],"_links":{"self":[{"href":"https:\/\/jugueterialudico.com.ar\/index.php?rest_route=\/wp\/v2\/product\/26212"}],"collection":[{"href":"https:\/\/jugueterialudico.com.ar\/index.php?rest_route=\/wp\/v2\/product"}],"about":[{"href":"https:\/\/jugueterialudico.com.ar\/index.php?rest_route=\/wp\/v2\/types\/product"}],"replies":[{"embeddable":true,"href":"https:\/\/jugueterialudico.com.ar\/index.php?rest_route=%2Fwp%2Fv2%2Fcomments&post=26212"}],"wp:featuredmedia":[{"embeddable":true,"href":"https:\/\/jugueterialudico.com.ar\/index.php?rest_route=\/wp\/v2\/media\/26219"}],"wp:attachment":[{"href":"https:\/\/jugueterialudico.com.ar\/index.php?rest_route=%2Fwp%2Fv2%2Fmedia&parent=26212"}],"wp:term":[{"taxonomy":"product_cat","embeddable":true,"href":"https:\/\/jugueterialudico.com.ar\/index.php?rest_route=%2Fwp%2Fv2%2Fproduct_cat&post=26212"},{"taxonomy":"product_tag","embeddable":true,"href":"https:\/\/jugueterialudico.com.ar\/index.php?rest_route=%2Fwp%2Fv2%2Fproduct_tag&post=26212"}],"curies":[{"name":"wp","href":"https:\/\/api.w.org\/{rel}","templated":true}]}}