{"id":26319,"date":"2025-06-02T11:37:20","date_gmt":"2025-06-02T14:37:20","guid":{"rendered":"https:\/\/jugueterialudico.com.ar\/?post_type=product&#038;p=26319"},"modified":"2025-12-29T10:35:07","modified_gmt":"2025-12-29T13:35:07","slug":"balsamo-labial-028","status":"publish","type":"product","link":"https:\/\/jugueterialudico.com.ar\/?product=balsamo-labial-028","title":{"rendered":"CREA B\u00c1LSAMO LABIAL &#8211; 028"},"content":{"rendered":"<h2 class=\"producto-descripcion-parcial\"><span class=\"producto-descripcion\" data-bind=\"text:descripcion\">Cre\u00e1 b\u00e1lsamo labial de manteca de cacao<\/span><\/h2>\n<h2 class=\"producto-descripcion-parcial\"><span class=\"producto-descripcion\" data-bind=\"text:descripcion\">Juego de ciencia<\/span><\/h2>\n<p>&nbsp;<\/p>\n<p>&#8211; Cre\u00e1 TU B\u00c1LSAMO LABIAL de manteca de cacao. Contiene: esp\u00e1tulas, cuchara medidora, cera de abeja, manteca de cacao, aceite de almendras, instructivo, envase labial.<\/p>\n","protected":false},"excerpt":{"rendered":"<p>Cre\u00e1 b\u00e1lsamo labial de manteca de cacao Juego de ciencia &nbsp; &#8211; Cre\u00e1 TU B\u00c1LSAMO LABIAL de manteca de cacao. Contiene: esp\u00e1tulas, cuchara medidora, cera de abeja, manteca de cacao, aceite de almendras, instructivo, envase labial.<\/p>\n","protected":false},"featured_media":26320,"comment_status":"open","ping_status":"closed","template":"","meta":{"site-sidebar-layout":"default","site-content-layout":"","ast-site-content-layout":"default","site-content-style":"default","site-sidebar-style":"default","ast-global-header-display":"","ast-banner-title-visibility":"","ast-main-header-display":"","ast-hfb-above-header-display":"","ast-hfb-below-header-display":"","ast-hfb-mobile-header-display":"","site-post-title":"","ast-breadcrumbs-content":"","ast-featured-img":"","footer-sml-layout":"","theme-transparent-header-meta":"default","adv-header-id-meta":"","stick-header-meta":"","header-above-stick-meta":"","header-main-stick-meta":"","header-below-stick-meta":"","astra-migrate-meta-layouts":"set","ast-page-background-enabled":"default","ast-page-background-meta":{"desktop":{"background-color":"","background-image":"","background-repeat":"repeat","background-position":"center center","background-size":"auto","background-attachment":"scroll","background-type":"","background-media":"","overlay-type":"","overlay-color":"","overlay-opacity":"","overlay-gradient":""},"tablet":{"background-color":"","background-image":"","background-repeat":"repeat","background-position":"center center","background-size":"auto","background-attachment":"scroll","background-type":"","background-media":"","overlay-type":"","overlay-color":"","overlay-opacity":"","overlay-gradient":""},"mobile":{"background-color":"","background-image":"","background-repeat":"repeat","background-position":"center center","background-size":"auto","background-attachment":"scroll","background-type":"","background-media":"","overlay-type":"","overlay-color":"","overlay-opacity":"","overlay-gradient":""}},"ast-content-background-meta":{"desktop":{"background-color":"var(--ast-global-color-5)","background-image":"","background-repeat":"repeat","background-position":"center center","background-size":"auto","background-attachment":"scroll","background-type":"","background-media":"","overlay-type":"","overlay-color":"","overlay-opacity":"","overlay-gradient":""},"tablet":{"background-color":"var(--ast-global-color-5)","background-image":"","background-repeat":"repeat","background-position":"center center","background-size":"auto","background-attachment":"scroll","background-type":"","background-media":"","overlay-type":"","overlay-color":"","overlay-opacity":"","overlay-gradient":""},"mobile":{"background-color":"var(--ast-global-color-5)","background-image":"","background-repeat":"repeat","background-position":"center center","background-size":"auto","background-attachment":"scroll","background-type":"","background-media":"","overlay-type":"","overlay-color":"","overlay-opacity":"","overlay-gradient":""}},"spay_email":""},"product_cat":[185,167,75],"product_tag":[],"_links":{"self":[{"href":"https:\/\/jugueterialudico.com.ar\/index.php?rest_route=\/wp\/v2\/product\/26319"}],"collection":[{"href":"https:\/\/jugueterialudico.com.ar\/index.php?rest_route=\/wp\/v2\/product"}],"about":[{"href":"https:\/\/jugueterialudico.com.ar\/index.php?rest_route=\/wp\/v2\/types\/product"}],"replies":[{"embeddable":true,"href":"https:\/\/jugueterialudico.com.ar\/index.php?rest_route=%2Fwp%2Fv2%2Fcomments&post=26319"}],"wp:featuredmedia":[{"embeddable":true,"href":"https:\/\/jugueterialudico.com.ar\/index.php?rest_route=\/wp\/v2\/media\/26320"}],"wp:attachment":[{"href":"https:\/\/jugueterialudico.com.ar\/index.php?rest_route=%2Fwp%2Fv2%2Fmedia&parent=26319"}],"wp:term":[{"taxonomy":"product_cat","embeddable":true,"href":"https:\/\/jugueterialudico.com.ar\/index.php?rest_route=%2Fwp%2Fv2%2Fproduct_cat&post=26319"},{"taxonomy":"product_tag","embeddable":true,"href":"https:\/\/jugueterialudico.com.ar\/index.php?rest_route=%2Fwp%2Fv2%2Fproduct_tag&post=26319"}],"curies":[{"name":"wp","href":"https:\/\/api.w.org\/{rel}","templated":true}]}}