{"id":26362,"date":"2025-06-20T18:15:37","date_gmt":"2025-06-20T21:15:37","guid":{"rendered":"https:\/\/jugueterialudico.com.ar\/?post_type=product&#038;p=26362"},"modified":"2026-03-09T11:22:38","modified_gmt":"2026-03-09T14:22:38","slug":"balancin-formas-033","status":"publish","type":"product","link":"https:\/\/jugueterialudico.com.ar\/?product=balancin-formas-033","title":{"rendered":"BALANCIN FORMAS &#8211; 033"},"content":{"rendered":"<p><span class=\"oXzekf\" data-huuid=\"1264470379873927989\">El juego de encastre de formas ofrece m\u00faltiples beneficios para el desarrollo infantil, incluyendo la <mark class=\"QVRyCf\">estimulaci\u00f3n de la psicomotricidad, el reconocimiento de formas, colores y tama\u00f1os, y el desarrollo de habilidades cognitivas como la atenci\u00f3n, la observaci\u00f3n, la soluci\u00f3n de problemas y la creatividad.<\/mark>\u00a0<\/span><span class=\"oXzekf\" data-huuid=\"1264470379873928998\"><mark class=\"QVRyCf\">Adem\u00e1s, fomentan la coordinaci\u00f3n ojo-mano, la percepci\u00f3n visual y espacial, y la paciencia y perseverancia<\/mark>.<span class=\"pjBG2e\" data-cid=\"7e9316d9-e2ef-4609-97db-60404c36554c\"><span class=\"UV3uM\">\u00a0<\/span><\/span><\/span><\/p>\n","protected":false},"excerpt":{"rendered":"<h2 class=\"css-xubddr\">Balanc\u00edn formas<\/h2>\n<p>&nbsp;<\/p>\n<h3 class=\"css-1t0kecm\">Base mecedora con tarugos y formas para encastrar en 18 y 9mm<\/h3>\n","protected":false},"featured_media":26365,"comment_status":"open","ping_status":"closed","template":"","meta":{"site-sidebar-layout":"default","site-content-layout":"","ast-site-content-layout":"default","site-content-style":"default","site-sidebar-style":"default","ast-global-header-display":"","ast-banner-title-visibility":"","ast-main-header-display":"","ast-hfb-above-header-display":"","ast-hfb-below-header-display":"","ast-hfb-mobile-header-display":"","site-post-title":"","ast-breadcrumbs-content":"","ast-featured-img":"","footer-sml-layout":"","theme-transparent-header-meta":"default","adv-header-id-meta":"","stick-header-meta":"","header-above-stick-meta":"","header-main-stick-meta":"","header-below-stick-meta":"","astra-migrate-meta-layouts":"set","ast-page-background-enabled":"default","ast-page-background-meta":{"desktop":{"background-color":"","background-image":"","background-repeat":"repeat","background-position":"center center","background-size":"auto","background-attachment":"scroll","background-type":"","background-media":"","overlay-type":"","overlay-color":"","overlay-opacity":"","overlay-gradient":""},"tablet":{"background-color":"","background-image":"","background-repeat":"repeat","background-position":"center center","background-size":"auto","background-attachment":"scroll","background-type":"","background-media":"","overlay-type":"","overlay-color":"","overlay-opacity":"","overlay-gradient":""},"mobile":{"background-color":"","background-image":"","background-repeat":"repeat","background-position":"center center","background-size":"auto","background-attachment":"scroll","background-type":"","background-media":"","overlay-type":"","overlay-color":"","overlay-opacity":"","overlay-gradient":""}},"ast-content-background-meta":{"desktop":{"background-color":"var(--ast-global-color-5)","background-image":"","background-repeat":"repeat","background-position":"center center","background-size":"auto","background-attachment":"scroll","background-type":"","background-media":"","overlay-type":"","overlay-color":"","overlay-opacity":"","overlay-gradient":""},"tablet":{"background-color":"var(--ast-global-color-5)","background-image":"","background-repeat":"repeat","background-position":"center center","background-size":"auto","background-attachment":"scroll","background-type":"","background-media":"","overlay-type":"","overlay-color":"","overlay-opacity":"","overlay-gradient":""},"mobile":{"background-color":"var(--ast-global-color-5)","background-image":"","background-repeat":"repeat","background-position":"center center","background-size":"auto","background-attachment":"scroll","background-type":"","background-media":"","overlay-type":"","overlay-color":"","overlay-opacity":"","overlay-gradient":""}},"spay_email":""},"product_cat":[161,163,164,165,188,93,208,159],"product_tag":[],"_links":{"self":[{"href":"https:\/\/jugueterialudico.com.ar\/index.php?rest_route=\/wp\/v2\/product\/26362"}],"collection":[{"href":"https:\/\/jugueterialudico.com.ar\/index.php?rest_route=\/wp\/v2\/product"}],"about":[{"href":"https:\/\/jugueterialudico.com.ar\/index.php?rest_route=\/wp\/v2\/types\/product"}],"replies":[{"embeddable":true,"href":"https:\/\/jugueterialudico.com.ar\/index.php?rest_route=%2Fwp%2Fv2%2Fcomments&post=26362"}],"wp:featuredmedia":[{"embeddable":true,"href":"https:\/\/jugueterialudico.com.ar\/index.php?rest_route=\/wp\/v2\/media\/26365"}],"wp:attachment":[{"href":"https:\/\/jugueterialudico.com.ar\/index.php?rest_route=%2Fwp%2Fv2%2Fmedia&parent=26362"}],"wp:term":[{"taxonomy":"product_cat","embeddable":true,"href":"https:\/\/jugueterialudico.com.ar\/index.php?rest_route=%2Fwp%2Fv2%2Fproduct_cat&post=26362"},{"taxonomy":"product_tag","embeddable":true,"href":"https:\/\/jugueterialudico.com.ar\/index.php?rest_route=%2Fwp%2Fv2%2Fproduct_tag&post=26362"}],"curies":[{"name":"wp","href":"https:\/\/api.w.org\/{rel}","templated":true}]}}