{"id":26385,"date":"2025-06-26T12:00:42","date_gmt":"2025-06-26T15:00:42","guid":{"rendered":"https:\/\/jugueterialudico.com.ar\/?post_type=product&#038;p=26385"},"modified":"2026-03-03T12:32:24","modified_gmt":"2026-03-03T15:32:24","slug":"changuito-de-super-054","status":"publish","type":"product","link":"https:\/\/jugueterialudico.com.ar\/?product=changuito-de-super-054","title":{"rendered":"CHANGUITO DE SUPER  &#8211; 054"},"content":{"rendered":"<h1 id=\"item-title-name\" class=\"title\">Changuito de Supermercado Lila<\/h1>\n<p id=\"item-contiene\" class=\"content\"><b>Contiene:\u00a0<\/b>Un changuito de Supermercado Lila<\/p>\n<p id=\"item-medidas\" class=\"content\"><b>Dimensiones:\u00a0<\/b>50 cm de alto \/ 35 cm de largo \/ 30 cm de ancho<\/p>\n<p id=\"item-edad\" class=\"content\"><b>Edad sugerida:\u00a0<\/b>+6 meses<\/p>\n<div id=\"item-extra\" class=\"content is-normal\">\n<p><strong>C\u00f3mo el Changuito de Supermercado acompa\u00f1a el desarrollo del juego simb\u00f3lico:<\/strong><\/p>\n<ul>\n<li><strong>12 meses aproximadamente:<\/strong>\u00a0imitaci\u00f3n de escenas de la vida cotidiana: comunicaci\u00f3n, alimentaci\u00f3n, sue\u00f1o, ba\u00f1o, etc.<\/li>\n<li><strong>22 meses aproximadamente:\u00a0<\/strong>interpretaci\u00f3n de roles.<\/li>\n<li><strong>30 meses aproximadamente:\u00a0<\/strong>introducci\u00f3n de personajes de ficci\u00f3n que re\u00fanen habilidades comunicativas cada vez m\u00e1s complejas, los objetos empiezan a impregnarse de\u00a0simbolismo.<\/li>\n<li><strong>+ 4 a\u00f1os:<\/strong>\u00a0las escenas del juego simb\u00f3lico se planifican, se improvisan con otros, fomentando el juego cooperativo.<\/li>\n<\/ul>\n<p><strong>En casa:<\/strong><\/p>\n<ul>\n<li>El \u201ccomo si\u201d de los ni\u00f1os\/ ni\u00f1as permite observar informaci\u00f3n valiosa sobre su visi\u00f3n del mundo, sus preocupaciones, sus miedos, sus herramientas para resolver conflictos.<\/li>\n<\/ul>\n<p><strong>\u00bfY en el aula?\u00a0<\/strong><\/p>\n<ul>\n<li>El juego simb\u00f3lico es una de las herramientas incuestionables para el aprendizaje, sobre todo hasta la edad de los 6 a\u00f1os.<\/li>\n<\/ul>\n<p>La interacci\u00f3n entre pares, el intercambio de emociones, la empat\u00eda, el desarrollo de la imaginaci\u00f3n, la toma de decisiones personales y grupales, el respeto por el ritmo de cada uno, colabora en el desarrollo de la INTELIGENCIA EMOCIONAL.<\/p>\n<p><strong>Entrando a un mundo de ficci\u00f3n incre\u00edblemente fascinante:<\/strong><\/p>\n<ul>\n<li>Jugando libremente con este juguete tan maravilloso la ni\u00f1a\/ ni\u00f1o se convierte en personaje y los objetos cobran vida en su imaginaci\u00f3n:<\/li>\n<li>Representa situaciones cotidianas desde un rol activo y creativo, entrenando distintos roles sociales.<\/li>\n<li>Combina hechos reales e imaginarios.<\/li>\n<li>Elabora las experiencias diarias.<\/li>\n<li>Adquiere conocimiento de su propio cuerpo, del entorno y de sus emociones.<\/li>\n<li>Se comunica de manera cada vez m\u00e1s fluida.<\/li>\n<li>Desarrolla el lenguaje en toda su complejidad.<\/li>\n<\/ul>\n<\/div>\n","protected":false},"excerpt":{"rendered":"<p>Changuito de Supermercado Lila Contiene:\u00a0Un changuito de Supermercado Lila Dimensiones:\u00a050 cm de alto \/ 35 cm de largo \/ 30 cm de ancho Edad sugerida:\u00a0+6 meses C\u00f3mo el Changuito de Supermercado acompa\u00f1a el desarrollo del juego simb\u00f3lico: 12 meses aproximadamente:\u00a0imitaci\u00f3n de escenas de la vida cotidiana: comunicaci\u00f3n, alimentaci\u00f3n, sue\u00f1o, ba\u00f1o, etc. 22 meses aproximadamente:\u00a0interpretaci\u00f3n de [&hellip;]<\/p>\n","protected":false},"featured_media":26386,"comment_status":"open","ping_status":"closed","template":"","meta":{"site-sidebar-layout":"default","site-content-layout":"","ast-site-content-layout":"default","site-content-style":"default","site-sidebar-style":"default","ast-global-header-display":"","ast-banner-title-visibility":"","ast-main-header-display":"","ast-hfb-above-header-display":"","ast-hfb-below-header-display":"","ast-hfb-mobile-header-display":"","site-post-title":"","ast-breadcrumbs-content":"","ast-featured-img":"","footer-sml-layout":"","theme-transparent-header-meta":"default","adv-header-id-meta":"","stick-header-meta":"","header-above-stick-meta":"","header-main-stick-meta":"","header-below-stick-meta":"","astra-migrate-meta-layouts":"set","ast-page-background-enabled":"default","ast-page-background-meta":{"desktop":{"background-color":"","background-image":"","background-repeat":"repeat","background-position":"center center","background-size":"auto","background-attachment":"scroll","background-type":"","background-media":"","overlay-type":"","overlay-color":"","overlay-opacity":"","overlay-gradient":""},"tablet":{"background-color":"","background-image":"","background-repeat":"repeat","background-position":"center center","background-size":"auto","background-attachment":"scroll","background-type":"","background-media":"","overlay-type":"","overlay-color":"","overlay-opacity":"","overlay-gradient":""},"mobile":{"background-color":"","background-image":"","background-repeat":"repeat","background-position":"center center","background-size":"auto","background-attachment":"scroll","background-type":"","background-media":"","overlay-type":"","overlay-color":"","overlay-opacity":"","overlay-gradient":""}},"ast-content-background-meta":{"desktop":{"background-color":"var(--ast-global-color-5)","background-image":"","background-repeat":"repeat","background-position":"center center","background-size":"auto","background-attachment":"scroll","background-type":"","background-media":"","overlay-type":"","overlay-color":"","overlay-opacity":"","overlay-gradient":""},"tablet":{"background-color":"var(--ast-global-color-5)","background-image":"","background-repeat":"repeat","background-position":"center center","background-size":"auto","background-attachment":"scroll","background-type":"","background-media":"","overlay-type":"","overlay-color":"","overlay-opacity":"","overlay-gradient":""},"mobile":{"background-color":"var(--ast-global-color-5)","background-image":"","background-repeat":"repeat","background-position":"center center","background-size":"auto","background-attachment":"scroll","background-type":"","background-media":"","overlay-type":"","overlay-color":"","overlay-opacity":"","overlay-gradient":""}},"spay_email":""},"product_cat":[18,162,161,163,164,165,166,93,159],"product_tag":[],"_links":{"self":[{"href":"https:\/\/jugueterialudico.com.ar\/index.php?rest_route=\/wp\/v2\/product\/26385"}],"collection":[{"href":"https:\/\/jugueterialudico.com.ar\/index.php?rest_route=\/wp\/v2\/product"}],"about":[{"href":"https:\/\/jugueterialudico.com.ar\/index.php?rest_route=\/wp\/v2\/types\/product"}],"replies":[{"embeddable":true,"href":"https:\/\/jugueterialudico.com.ar\/index.php?rest_route=%2Fwp%2Fv2%2Fcomments&post=26385"}],"wp:featuredmedia":[{"embeddable":true,"href":"https:\/\/jugueterialudico.com.ar\/index.php?rest_route=\/wp\/v2\/media\/26386"}],"wp:attachment":[{"href":"https:\/\/jugueterialudico.com.ar\/index.php?rest_route=%2Fwp%2Fv2%2Fmedia&parent=26385"}],"wp:term":[{"taxonomy":"product_cat","embeddable":true,"href":"https:\/\/jugueterialudico.com.ar\/index.php?rest_route=%2Fwp%2Fv2%2Fproduct_cat&post=26385"},{"taxonomy":"product_tag","embeddable":true,"href":"https:\/\/jugueterialudico.com.ar\/index.php?rest_route=%2Fwp%2Fv2%2Fproduct_tag&post=26385"}],"curies":[{"name":"wp","href":"https:\/\/api.w.org\/{rel}","templated":true}]}}