{"id":26442,"date":"2025-07-17T17:00:05","date_gmt":"2025-07-17T20:00:05","guid":{"rendered":"https:\/\/jugueterialudico.com.ar\/?post_type=product&#038;p=26442"},"modified":"2026-01-06T14:30:44","modified_gmt":"2026-01-06T17:30:44","slug":"sonajero-mariposa-grande-178","status":"publish","type":"product","link":"https:\/\/jugueterialudico.com.ar\/?product=sonajero-mariposa-grande-178","title":{"rendered":"SONAJERO MARIPOSA GRANDE &#8211; 178"},"content":{"rendered":"<ul data-hveid=\"CDAQAQ\" data-ved=\"2ahUKEwj1xe_p18SOAxUwAbkGHU9RL5kQm_YKegQIMBAB\">\n<li class=\"K3KsMc\">\n<div class=\"zMgcWd dSKvsb\" data-il=\"\">\n<div data-crb-p=\"\">\n<div class=\"xFTqob\">\n<div class=\"Gur8Ad\"><span data-huuid=\"12744533254052114042\"><strong>Estimulaci\u00f3n sensorial:<\/strong><\/span><\/div>\n<div class=\"vM0jzc\"><span data-huuid=\"12744533254052112165\">Los diferentes materiales y texturas del tejido, junto con el sonido del sonajero, estimulan el sentido del tacto, la vista y el o\u00eddo del beb\u00e9.<span class=\"pjBG2e\" data-cid=\"d59b4679-4960-46a4-8e4d-876f9c0dbad7\"><span class=\"UV3uM\">\u00a0<\/span><\/span><\/span><\/p>\n<div class=\"NPrrbc\" data-cid=\"d59b4679-4960-46a4-8e4d-876f9c0dbad7\" data-uuids=\"12744533254052114042,12744533254052112165\">\n<div class=\"BMebGe btku5b fCrZyc LwdV0e FR7ZSc qVhvac OJeuxf\" tabindex=\"0\" role=\"button\" aria-label=\"Ver v\u00ednculos relacionados\" data-hveid=\"CCoQAQ\" data-ved=\"2ahUKEwj1xe_p18SOAxUwAbkGHU9RL5kQ3fYKegQIKhAB\">\n<div class=\"niO4u\">\n<div class=\"kHtcsd\"><\/div>\n<\/div>\n<\/div>\n<\/div>\n<\/div>\n<\/div>\n<\/div>\n<\/div>\n<\/li>\n<li class=\"K3KsMc\">\n<div class=\"zMgcWd dSKvsb\" data-il=\"\">\n<div data-crb-p=\"\">\n<div class=\"xFTqob\">\n<div class=\"Gur8Ad\"><span data-huuid=\"12744533254052112507\"><strong>Desarrollo motor:<\/strong><\/span><\/div>\n<div class=\"vM0jzc\"><span data-huuid=\"12744533254052110630\">Agitar el sonajero ayuda a coordinar los movimientos de las manos y los ojos, y manipularlo fortalece los m\u00fasculos de las manos y los dedos.<span class=\"pjBG2e\" data-cid=\"8f2044c7-9f12-4881-b4e2-876741ba59d3\"><span class=\"UV3uM\">\u00a0<\/span><\/span><\/span><\/p>\n<div class=\"NPrrbc\" data-cid=\"8f2044c7-9f12-4881-b4e2-876741ba59d3\" data-uuids=\"12744533254052112507,12744533254052110630\">\n<div class=\"BMebGe btku5b fCrZyc LwdV0e FR7ZSc qVhvac OJeuxf\" tabindex=\"0\" role=\"button\" aria-label=\"Ver v\u00ednculos relacionados\" data-hveid=\"CB8QAQ\" data-ved=\"2ahUKEwj1xe_p18SOAxUwAbkGHU9RL5kQ3fYKegQIHxAB\">\n<div class=\"niO4u\">\n<div class=\"kHtcsd\"><\/div>\n<\/div>\n<\/div>\n<\/div>\n<\/div>\n<\/div>\n<\/div>\n<\/div>\n<\/li>\n<li class=\"K3KsMc\">\n<div class=\"zMgcWd dSKvsb\" data-il=\"\">\n<div data-crb-p=\"\">\n<div class=\"xFTqob\">\n<div class=\"Gur8Ad\"><span data-huuid=\"12744533254052110972\"><strong>Efecto relajante:<\/strong><\/span><\/div>\n<div class=\"vM0jzc\"><span data-huuid=\"12744533254052113191\">El sonido suave y repetitivo del sonajero puede calmar al beb\u00e9 y ayudarlo a conciliar el sue\u00f1o, brind\u00e1ndole una sensaci\u00f3n de seguridad.<span class=\"pjBG2e\" data-cid=\"243e14b7-a70f-4c5e-be74-7a56057427a4\"><span class=\"UV3uM\">\u00a0<\/span><\/span><\/span><\/p>\n<div class=\"NPrrbc\" data-cid=\"243e14b7-a70f-4c5e-be74-7a56057427a4\" data-uuids=\"12744533254052110972,12744533254052113191\">\n<div class=\"BMebGe btku5b fCrZyc LwdV0e FR7ZSc qVhvac OJeuxf\" tabindex=\"0\" role=\"button\" aria-label=\"Ver v\u00ednculos relacionados\" data-hveid=\"CB0QAQ\" data-ved=\"2ahUKEwj1xe_p18SOAxUwAbkGHU9RL5kQ3fYKegQIHRAB\">\n<div class=\"niO4u\">\n<div class=\"kHtcsd\"><\/div>\n<\/div>\n<\/div>\n<\/div>\n<\/div>\n<\/div>\n<\/div>\n<div data-crb-p=\"\"><\/div>\n<\/div>\n<\/li>\n<li class=\"K3KsMc\">\n<div class=\"zMgcWd dSKvsb\" data-il=\"\">\n<div data-crb-p=\"\">\n<div class=\"xFTqob\">\n<div class=\"Gur8Ad\"><span data-huuid=\"12744533254052111998\"><strong>Apego:<\/strong><\/span><\/div>\n<div class=\"vM0jzc\"><span data-huuid=\"12744533254052114217\">Al ser un juguete suave y familiar, puede convertirse en un objeto de apego para el beb\u00e9, brind\u00e1ndole consuelo y seguridad.<\/span><\/div>\n<\/div>\n<\/div>\n<\/div>\n<div><\/div>\n<\/li>\n<\/ul>\n<pre>Lavar a mano con agua fr\u00eda y jab\u00f3n neutro. Secar a la sombra.<\/pre>\n","protected":false},"excerpt":{"rendered":"<h2>Sonajero tipo mariposa circular, tejido al crochet<\/h2>\n<p>&nbsp;<\/p>\n<p><em><strong>Ayuda a la estimulaci\u00f3n sensorial y al desarrollo de habilidades motoras. Tambi\u00e9n tiene efectos relajantes y\u00a0 es un juguete seguro al ser hecho 100% con hilo de algod\u00f3n y relleno de vell\u00f3n siliconado.\u00a0<\/strong><\/em><\/p>\n","protected":false},"featured_media":26445,"comment_status":"open","ping_status":"closed","template":"","meta":{"site-sidebar-layout":"default","site-content-layout":"","ast-site-content-layout":"default","site-content-style":"default","site-sidebar-style":"default","ast-global-header-display":"","ast-banner-title-visibility":"","ast-main-header-display":"","ast-hfb-above-header-display":"","ast-hfb-below-header-display":"","ast-hfb-mobile-header-display":"","site-post-title":"","ast-breadcrumbs-content":"","ast-featured-img":"","footer-sml-layout":"","theme-transparent-header-meta":"default","adv-header-id-meta":"","stick-header-meta":"","header-above-stick-meta":"","header-main-stick-meta":"","header-below-stick-meta":"","astra-migrate-meta-layouts":"set","ast-page-background-enabled":"default","ast-page-background-meta":{"desktop":{"background-color":"","background-image":"","background-repeat":"repeat","background-position":"center center","background-size":"auto","background-attachment":"scroll","background-type":"","background-media":"","overlay-type":"","overlay-color":"","overlay-opacity":"","overlay-gradient":""},"tablet":{"background-color":"","background-image":"","background-repeat":"repeat","background-position":"center center","background-size":"auto","background-attachment":"scroll","background-type":"","background-media":"","overlay-type":"","overlay-color":"","overlay-opacity":"","overlay-gradient":""},"mobile":{"background-color":"","background-image":"","background-repeat":"repeat","background-position":"center center","background-size":"auto","background-attachment":"scroll","background-type":"","background-media":"","overlay-type":"","overlay-color":"","overlay-opacity":"","overlay-gradient":""}},"ast-content-background-meta":{"desktop":{"background-color":"var(--ast-global-color-5)","background-image":"","background-repeat":"repeat","background-position":"center center","background-size":"auto","background-attachment":"scroll","background-type":"","background-media":"","overlay-type":"","overlay-color":"","overlay-opacity":"","overlay-gradient":""},"tablet":{"background-color":"var(--ast-global-color-5)","background-image":"","background-repeat":"repeat","background-position":"center center","background-size":"auto","background-attachment":"scroll","background-type":"","background-media":"","overlay-type":"","overlay-color":"","overlay-opacity":"","overlay-gradient":""},"mobile":{"background-color":"var(--ast-global-color-5)","background-image":"","background-repeat":"repeat","background-position":"center center","background-size":"auto","background-attachment":"scroll","background-type":"","background-media":"","overlay-type":"","overlay-color":"","overlay-opacity":"","overlay-gradient":""}},"spay_email":""},"product_cat":[161,163,164,151,76,160,208,159],"product_tag":[],"_links":{"self":[{"href":"https:\/\/jugueterialudico.com.ar\/index.php?rest_route=\/wp\/v2\/product\/26442"}],"collection":[{"href":"https:\/\/jugueterialudico.com.ar\/index.php?rest_route=\/wp\/v2\/product"}],"about":[{"href":"https:\/\/jugueterialudico.com.ar\/index.php?rest_route=\/wp\/v2\/types\/product"}],"replies":[{"embeddable":true,"href":"https:\/\/jugueterialudico.com.ar\/index.php?rest_route=%2Fwp%2Fv2%2Fcomments&post=26442"}],"wp:featuredmedia":[{"embeddable":true,"href":"https:\/\/jugueterialudico.com.ar\/index.php?rest_route=\/wp\/v2\/media\/26445"}],"wp:attachment":[{"href":"https:\/\/jugueterialudico.com.ar\/index.php?rest_route=%2Fwp%2Fv2%2Fmedia&parent=26442"}],"wp:term":[{"taxonomy":"product_cat","embeddable":true,"href":"https:\/\/jugueterialudico.com.ar\/index.php?rest_route=%2Fwp%2Fv2%2Fproduct_cat&post=26442"},{"taxonomy":"product_tag","embeddable":true,"href":"https:\/\/jugueterialudico.com.ar\/index.php?rest_route=%2Fwp%2Fv2%2Fproduct_tag&post=26442"}],"curies":[{"name":"wp","href":"https:\/\/api.w.org\/{rel}","templated":true}]}}