{"id":26460,"date":"2025-07-21T11:03:26","date_gmt":"2025-07-21T14:03:26","guid":{"rendered":"https:\/\/jugueterialudico.com.ar\/?post_type=product&#038;p=26460"},"modified":"2026-03-20T13:45:08","modified_gmt":"2026-03-20T16:45:08","slug":"palabras-a-tiempo-2-0-00539","status":"publish","type":"product","link":"https:\/\/jugueterialudico.com.ar\/?product=palabras-a-tiempo-2-0-00539","title":{"rendered":"PALABRAS A TIEMPO 2.0 &#8211; 005"},"content":{"rendered":"<p>Juego de Mesa Palabras a Tiempo 2.0 Electr\u00f3nico<\/p>\n<p>\u00a1El desaf\u00edo de las palabras lleg\u00f3 en su versi\u00f3n m\u00e1s divertida y moderna! Palabras a Tiempo 2.0 ahora es electr\u00f3nico e incorpora un tablero digital con letras cambiantes y un bot\u00f3n rojo que pondr\u00e1 a prueba tu rapidez mental.<\/p>\n<p>Incluye:<br \/>\nTablero digital electr\u00f3nico con bot\u00f3n rojo<br \/>\nCartas con tem\u00e1ticas variadas<br \/>\nInstrucciones de juego<\/p>\n<p>Caracter\u00edsticas:<br \/>\n2 modos de juego din\u00e1micos:<br \/>\nModo 1: Cada jugador saca una carta con un tema y debe decir una palabra relacionada antes de que termine el tiempo.<br \/>\nModo 2: El tablero muestra una letra al azar, y los jugadores deben decir palabras que empiecen con esa letra.<\/p>\n<p>Necesita 3 pilas AAA (no incluidas)<\/p>\n<p>Ideal para 2 o m\u00e1s jugadores<\/p>\n<p>Edad recomendada: A partir de 8 a\u00f1os<\/p>\n<p>Beneficios y estimulaci\u00f3n:<br \/>\n-Favorece el desarrollo del lenguaje y el vocabulario<br \/>\n-Estimula el pensamiento r\u00e1pido y la agilidad mental<br \/>\n-Promueve la interacci\u00f3n social y el trabajo en equipo<\/p>\n<p>Ideal para jugar en familia o con amigos<br \/>\n\u00a1Ganar\u00e1 quien logre decir m\u00e1s palabras sin ser eliminado! Un juego ideal para re\u00edr, aprender y competir.<\/p>\n","protected":false},"excerpt":{"rendered":"<p>Juego de Mesa Palabras a Tiempo 2.0 Electr\u00f3nico \u00a1El desaf\u00edo de las palabras lleg\u00f3 en su versi\u00f3n m\u00e1s divertida y moderna! Palabras a Tiempo 2.0 ahora es electr\u00f3nico e incorpora un tablero digital con letras cambiantes y un bot\u00f3n rojo que pondr\u00e1 a prueba tu rapidez mental. Incluye: Tablero digital electr\u00f3nico con bot\u00f3n rojo Cartas [&hellip;]<\/p>\n","protected":false},"featured_media":26461,"comment_status":"open","ping_status":"closed","template":"","meta":{"site-sidebar-layout":"default","site-content-layout":"","ast-site-content-layout":"default","site-content-style":"default","site-sidebar-style":"default","ast-global-header-display":"","ast-banner-title-visibility":"","ast-main-header-display":"","ast-hfb-above-header-display":"","ast-hfb-below-header-display":"","ast-hfb-mobile-header-display":"","site-post-title":"","ast-breadcrumbs-content":"","ast-featured-img":"","footer-sml-layout":"","theme-transparent-header-meta":"default","adv-header-id-meta":"","stick-header-meta":"","header-above-stick-meta":"","header-main-stick-meta":"","header-below-stick-meta":"","astra-migrate-meta-layouts":"set","ast-page-background-enabled":"default","ast-page-background-meta":{"desktop":{"background-color":"","background-image":"","background-repeat":"repeat","background-position":"center center","background-size":"auto","background-attachment":"scroll","background-type":"","background-media":"","overlay-type":"","overlay-color":"","overlay-opacity":"","overlay-gradient":""},"tablet":{"background-color":"","background-image":"","background-repeat":"repeat","background-position":"center center","background-size":"auto","background-attachment":"scroll","background-type":"","background-media":"","overlay-type":"","overlay-color":"","overlay-opacity":"","overlay-gradient":""},"mobile":{"background-color":"","background-image":"","background-repeat":"repeat","background-position":"center center","background-size":"auto","background-attachment":"scroll","background-type":"","background-media":"","overlay-type":"","overlay-color":"","overlay-opacity":"","overlay-gradient":""}},"ast-content-background-meta":{"desktop":{"background-color":"var(--ast-global-color-5)","background-image":"","background-repeat":"repeat","background-position":"center center","background-size":"auto","background-attachment":"scroll","background-type":"","background-media":"","overlay-type":"","overlay-color":"","overlay-opacity":"","overlay-gradient":""},"tablet":{"background-color":"var(--ast-global-color-5)","background-image":"","background-repeat":"repeat","background-position":"center center","background-size":"auto","background-attachment":"scroll","background-type":"","background-media":"","overlay-type":"","overlay-color":"","overlay-opacity":"","overlay-gradient":""},"mobile":{"background-color":"var(--ast-global-color-5)","background-image":"","background-repeat":"repeat","background-position":"center center","background-size":"auto","background-attachment":"scroll","background-type":"","background-media":"","overlay-type":"","overlay-color":"","overlay-opacity":"","overlay-gradient":""}},"spay_email":""},"product_cat":[185,166,167,74],"product_tag":[],"_links":{"self":[{"href":"https:\/\/jugueterialudico.com.ar\/index.php?rest_route=\/wp\/v2\/product\/26460"}],"collection":[{"href":"https:\/\/jugueterialudico.com.ar\/index.php?rest_route=\/wp\/v2\/product"}],"about":[{"href":"https:\/\/jugueterialudico.com.ar\/index.php?rest_route=\/wp\/v2\/types\/product"}],"replies":[{"embeddable":true,"href":"https:\/\/jugueterialudico.com.ar\/index.php?rest_route=%2Fwp%2Fv2%2Fcomments&post=26460"}],"wp:featuredmedia":[{"embeddable":true,"href":"https:\/\/jugueterialudico.com.ar\/index.php?rest_route=\/wp\/v2\/media\/26461"}],"wp:attachment":[{"href":"https:\/\/jugueterialudico.com.ar\/index.php?rest_route=%2Fwp%2Fv2%2Fmedia&parent=26460"}],"wp:term":[{"taxonomy":"product_cat","embeddable":true,"href":"https:\/\/jugueterialudico.com.ar\/index.php?rest_route=%2Fwp%2Fv2%2Fproduct_cat&post=26460"},{"taxonomy":"product_tag","embeddable":true,"href":"https:\/\/jugueterialudico.com.ar\/index.php?rest_route=%2Fwp%2Fv2%2Fproduct_tag&post=26460"}],"curies":[{"name":"wp","href":"https:\/\/api.w.org\/{rel}","templated":true}]}}