{"id":26467,"date":"2025-07-22T11:03:18","date_gmt":"2025-07-22T14:03:18","guid":{"rendered":"https:\/\/jugueterialudico.com.ar\/?post_type=product&#038;p=26467"},"modified":"2026-01-03T18:51:41","modified_gmt":"2026-01-03T21:51:41","slug":"kluster-041","status":"publish","type":"product","link":"https:\/\/jugueterialudico.com.ar\/?product=kluster-041","title":{"rendered":"KLUSTER &#8211; 041"},"content":{"rendered":"<p>\u00a1Llega a la Argentina el Kluster Original! \ud83e\udd2f<br \/>\nEl juego que te deja pegado \ud83e\udd41 ba dam tss<\/p>\n<p>Si te gustan los juegos de destreza que se aprenden en menos de 10 segundos, \u00a1el Kluster es para vos! \ud83d\ude0e<\/p>\n<p>Es s\u00faper simple:<br \/>\n1\ufe0f\u20e3 Coloc\u00e1 la cuerda como quieras sobre cualquier superficie plana y repart\u00ed los imanes entre todos los jugadores.<br \/>\n2\ufe0f\u20e3 En cada turno coloc\u00e1 un im\u00e1n dentro del \u00e1rea que marca la soga. Si un im\u00e1n se toca con otro, te lo ten\u00e9s que llevar.<\/p>\n<p>\u00a1Gana el primero que se queda sin imanes! \ud83e\udd73<\/p>\n<p>Un juego para todos *excepto\u00a0robots* \ud83e\udd16 para llevar a cualquier lado y jugar en cualquier superficie (que no sea de metal).<\/p>\n<p>\ud83d\udc641-4 jugadores<br \/>\n\ud83d\udc68\ud83c\udffb7+ a\u00f1os<br \/>\n\ud83d\udd56Partidas de 10 min<\/p>\n","protected":false},"excerpt":{"rendered":"<p>\u00a1Llega a la Argentina el Kluster Original! \ud83e\udd2f El juego que te deja pegado \ud83e\udd41 ba dam tss Si te gustan los juegos de destreza que se aprenden en menos de 10 segundos, \u00a1el Kluster es para vos! \ud83d\ude0e Es s\u00faper simple: 1\ufe0f\u20e3 Coloc\u00e1 la cuerda como quieras sobre cualquier superficie plana y repart\u00ed los [&hellip;]<\/p>\n","protected":false},"featured_media":26468,"comment_status":"open","ping_status":"closed","template":"","meta":{"site-sidebar-layout":"default","site-content-layout":"","ast-site-content-layout":"default","site-content-style":"default","site-sidebar-style":"default","ast-global-header-display":"","ast-banner-title-visibility":"","ast-main-header-display":"","ast-hfb-above-header-display":"","ast-hfb-below-header-display":"","ast-hfb-mobile-header-display":"","site-post-title":"","ast-breadcrumbs-content":"","ast-featured-img":"","footer-sml-layout":"","theme-transparent-header-meta":"default","adv-header-id-meta":"","stick-header-meta":"","header-above-stick-meta":"","header-main-stick-meta":"","header-below-stick-meta":"","astra-migrate-meta-layouts":"set","ast-page-background-enabled":"default","ast-page-background-meta":{"desktop":{"background-color":"","background-image":"","background-repeat":"repeat","background-position":"center center","background-size":"auto","background-attachment":"scroll","background-type":"","background-media":"","overlay-type":"","overlay-color":"","overlay-opacity":"","overlay-gradient":""},"tablet":{"background-color":"","background-image":"","background-repeat":"repeat","background-position":"center center","background-size":"auto","background-attachment":"scroll","background-type":"","background-media":"","overlay-type":"","overlay-color":"","overlay-opacity":"","overlay-gradient":""},"mobile":{"background-color":"","background-image":"","background-repeat":"repeat","background-position":"center center","background-size":"auto","background-attachment":"scroll","background-type":"","background-media":"","overlay-type":"","overlay-color":"","overlay-opacity":"","overlay-gradient":""}},"ast-content-background-meta":{"desktop":{"background-color":"var(--ast-global-color-5)","background-image":"","background-repeat":"repeat","background-position":"center center","background-size":"auto","background-attachment":"scroll","background-type":"","background-media":"","overlay-type":"","overlay-color":"","overlay-opacity":"","overlay-gradient":""},"tablet":{"background-color":"var(--ast-global-color-5)","background-image":"","background-repeat":"repeat","background-position":"center center","background-size":"auto","background-attachment":"scroll","background-type":"","background-media":"","overlay-type":"","overlay-color":"","overlay-opacity":"","overlay-gradient":""},"mobile":{"background-color":"var(--ast-global-color-5)","background-image":"","background-repeat":"repeat","background-position":"center center","background-size":"auto","background-attachment":"scroll","background-type":"","background-media":"","overlay-type":"","overlay-color":"","overlay-opacity":"","overlay-gradient":""}},"spay_email":""},"product_cat":[185,167,75,158,74],"product_tag":[],"_links":{"self":[{"href":"https:\/\/jugueterialudico.com.ar\/index.php?rest_route=\/wp\/v2\/product\/26467"}],"collection":[{"href":"https:\/\/jugueterialudico.com.ar\/index.php?rest_route=\/wp\/v2\/product"}],"about":[{"href":"https:\/\/jugueterialudico.com.ar\/index.php?rest_route=\/wp\/v2\/types\/product"}],"replies":[{"embeddable":true,"href":"https:\/\/jugueterialudico.com.ar\/index.php?rest_route=%2Fwp%2Fv2%2Fcomments&post=26467"}],"wp:featuredmedia":[{"embeddable":true,"href":"https:\/\/jugueterialudico.com.ar\/index.php?rest_route=\/wp\/v2\/media\/26468"}],"wp:attachment":[{"href":"https:\/\/jugueterialudico.com.ar\/index.php?rest_route=%2Fwp%2Fv2%2Fmedia&parent=26467"}],"wp:term":[{"taxonomy":"product_cat","embeddable":true,"href":"https:\/\/jugueterialudico.com.ar\/index.php?rest_route=%2Fwp%2Fv2%2Fproduct_cat&post=26467"},{"taxonomy":"product_tag","embeddable":true,"href":"https:\/\/jugueterialudico.com.ar\/index.php?rest_route=%2Fwp%2Fv2%2Fproduct_tag&post=26467"}],"curies":[{"name":"wp","href":"https:\/\/api.w.org\/{rel}","templated":true}]}}