{"id":26477,"date":"2025-07-22T11:37:35","date_gmt":"2025-07-22T14:37:35","guid":{"rendered":"https:\/\/jugueterialudico.com.ar\/?post_type=product&#038;p=26477"},"modified":"2025-08-29T11:39:32","modified_gmt":"2025-08-29T14:39:32","slug":"gangsters-107","status":"publish","type":"product","link":"https:\/\/jugueterialudico.com.ar\/?product=gangsters-107","title":{"rendered":"GANGSTERS &#8211; 107"},"content":{"rendered":"<p>Los 12 g\u00e1nsteres de tu banda deben<br \/>\n&#8211; CONTENIDO &#8211;<br \/>\n1 FICHA DE PADRINO<br \/>\nparticipar en 12 atracos para demostrar su valia al gran Jefe.<\/p>\n<p>El jefe estar\u00e1 tambi\u00e9n a cargo de un equipo de gansteres en cada atraco.<br \/>\nLas reglas son claras: tu ganster no puede robar m\u00e1s dinero que el ganster del Jefe!<br \/>\nDepende de ti enviar al ganster correcto en el momento<\/p>\n<p>Cada uno de los 12 gansteres tiene un valor diferente que corresponde a la cantidad de millones que es capaz de roba<br \/>\nel g\u00e1nster n\u00famero 1 puede<br \/>\nrobar 1 mill\u00f3n)<br \/>\nadecuado. Cuanto mas dinero<br \/>\nconsigan tus gansteres mas feliz har\u00e1s al gran Jefe.<\/p>\n","protected":false},"excerpt":{"rendered":"<p>Los 12 g\u00e1nsteres de tu banda deben &#8211; CONTENIDO &#8211; 1 FICHA DE PADRINO participar en 12 atracos para demostrar su valia al gran Jefe. El jefe estar\u00e1 tambi\u00e9n a cargo de un equipo de gansteres en cada atraco. Las reglas son claras: tu ganster no puede robar m\u00e1s dinero que el ganster del Jefe! [&hellip;]<\/p>\n","protected":false},"featured_media":26757,"comment_status":"open","ping_status":"closed","template":"","meta":{"site-sidebar-layout":"default","site-content-layout":"","ast-site-content-layout":"default","site-content-style":"default","site-sidebar-style":"default","ast-global-header-display":"","ast-banner-title-visibility":"","ast-main-header-display":"","ast-hfb-above-header-display":"","ast-hfb-below-header-display":"","ast-hfb-mobile-header-display":"","site-post-title":"","ast-breadcrumbs-content":"","ast-featured-img":"","footer-sml-layout":"","theme-transparent-header-meta":"default","adv-header-id-meta":"","stick-header-meta":"","header-above-stick-meta":"","header-main-stick-meta":"","header-below-stick-meta":"","astra-migrate-meta-layouts":"set","ast-page-background-enabled":"default","ast-page-background-meta":{"desktop":{"background-color":"","background-image":"","background-repeat":"repeat","background-position":"center center","background-size":"auto","background-attachment":"scroll","background-type":"","background-media":"","overlay-type":"","overlay-color":"","overlay-opacity":"","overlay-gradient":""},"tablet":{"background-color":"","background-image":"","background-repeat":"repeat","background-position":"center center","background-size":"auto","background-attachment":"scroll","background-type":"","background-media":"","overlay-type":"","overlay-color":"","overlay-opacity":"","overlay-gradient":""},"mobile":{"background-color":"","background-image":"","background-repeat":"repeat","background-position":"center center","background-size":"auto","background-attachment":"scroll","background-type":"","background-media":"","overlay-type":"","overlay-color":"","overlay-opacity":"","overlay-gradient":""}},"ast-content-background-meta":{"desktop":{"background-color":"var(--ast-global-color-5)","background-image":"","background-repeat":"repeat","background-position":"center center","background-size":"auto","background-attachment":"scroll","background-type":"","background-media":"","overlay-type":"","overlay-color":"","overlay-opacity":"","overlay-gradient":""},"tablet":{"background-color":"var(--ast-global-color-5)","background-image":"","background-repeat":"repeat","background-position":"center center","background-size":"auto","background-attachment":"scroll","background-type":"","background-media":"","overlay-type":"","overlay-color":"","overlay-opacity":"","overlay-gradient":""},"mobile":{"background-color":"var(--ast-global-color-5)","background-image":"","background-repeat":"repeat","background-position":"center center","background-size":"auto","background-attachment":"scroll","background-type":"","background-media":"","overlay-type":"","overlay-color":"","overlay-opacity":"","overlay-gradient":""}},"spay_email":""},"product_cat":[185,167,74],"product_tag":[],"_links":{"self":[{"href":"https:\/\/jugueterialudico.com.ar\/index.php?rest_route=\/wp\/v2\/product\/26477"}],"collection":[{"href":"https:\/\/jugueterialudico.com.ar\/index.php?rest_route=\/wp\/v2\/product"}],"about":[{"href":"https:\/\/jugueterialudico.com.ar\/index.php?rest_route=\/wp\/v2\/types\/product"}],"replies":[{"embeddable":true,"href":"https:\/\/jugueterialudico.com.ar\/index.php?rest_route=%2Fwp%2Fv2%2Fcomments&post=26477"}],"wp:featuredmedia":[{"embeddable":true,"href":"https:\/\/jugueterialudico.com.ar\/index.php?rest_route=\/wp\/v2\/media\/26757"}],"wp:attachment":[{"href":"https:\/\/jugueterialudico.com.ar\/index.php?rest_route=%2Fwp%2Fv2%2Fmedia&parent=26477"}],"wp:term":[{"taxonomy":"product_cat","embeddable":true,"href":"https:\/\/jugueterialudico.com.ar\/index.php?rest_route=%2Fwp%2Fv2%2Fproduct_cat&post=26477"},{"taxonomy":"product_tag","embeddable":true,"href":"https:\/\/jugueterialudico.com.ar\/index.php?rest_route=%2Fwp%2Fv2%2Fproduct_tag&post=26477"}],"curies":[{"name":"wp","href":"https:\/\/api.w.org\/{rel}","templated":true}]}}