{"id":26482,"date":"2025-07-22T12:11:11","date_gmt":"2025-07-22T15:11:11","guid":{"rendered":"https:\/\/jugueterialudico.com.ar\/?post_type=product&#038;p=26482"},"modified":"2025-07-22T12:11:12","modified_gmt":"2025-07-22T15:11:12","slug":"juliana-diseno-de-unas-075","status":"publish","type":"product","link":"https:\/\/jugueterialudico.com.ar\/?product=juliana-diseno-de-unas-075","title":{"rendered":"JULIANA DISE\u00d1O DE U\u00d1AS &#8211; 075"},"content":{"rendered":"<p>INCLUYE: U\u00d1AS POSTIZAS, GLITTER, ESMALTES DE VERDAD, STICKERS PARA U\u00d1AS, PIEDRITAS Y APLIQUES, LIMA, SEPARADOR DE DEDOS, CRAYONES PARA TATOOS, CAJITA CORAZ\u00d3N, HILO PARA DIJES, DIJES, SPA PARA MANICURA, PEGAMENTO PARA U\u00d1AS Y MANUAL DE IDEAS.<\/p>\n<p>Edad: +5 a\u00f1os<\/p>\n","protected":false},"excerpt":{"rendered":"<p>INCLUYE: U\u00d1AS POSTIZAS, GLITTER, ESMALTES DE VERDAD, STICKERS PARA U\u00d1AS, PIEDRITAS Y APLIQUES, LIMA, SEPARADOR DE DEDOS, CRAYONES PARA TATOOS, CAJITA CORAZ\u00d3N, HILO PARA DIJES, DIJES, SPA PARA MANICURA, PEGAMENTO PARA U\u00d1AS Y MANUAL DE IDEAS. Edad: +5 a\u00f1os<\/p>\n","protected":false},"featured_media":26483,"comment_status":"open","ping_status":"closed","template":"","meta":{"site-sidebar-layout":"default","site-content-layout":"","ast-site-content-layout":"default","site-content-style":"default","site-sidebar-style":"default","ast-global-header-display":"","ast-banner-title-visibility":"","ast-main-header-display":"","ast-hfb-above-header-display":"","ast-hfb-below-header-display":"","ast-hfb-mobile-header-display":"","site-post-title":"","ast-breadcrumbs-content":"","ast-featured-img":"","footer-sml-layout":"","theme-transparent-header-meta":"default","adv-header-id-meta":"","stick-header-meta":"","header-above-stick-meta":"","header-main-stick-meta":"","header-below-stick-meta":"","astra-migrate-meta-layouts":"set","ast-page-background-enabled":"default","ast-page-background-meta":{"desktop":{"background-color":"","background-image":"","background-repeat":"repeat","background-position":"center center","background-size":"auto","background-attachment":"scroll","background-type":"","background-media":"","overlay-type":"","overlay-color":"","overlay-opacity":"","overlay-gradient":""},"tablet":{"background-color":"","background-image":"","background-repeat":"repeat","background-position":"center center","background-size":"auto","background-attachment":"scroll","background-type":"","background-media":"","overlay-type":"","overlay-color":"","overlay-opacity":"","overlay-gradient":""},"mobile":{"background-color":"","background-image":"","background-repeat":"repeat","background-position":"center center","background-size":"auto","background-attachment":"scroll","background-type":"","background-media":"","overlay-type":"","overlay-color":"","overlay-opacity":"","overlay-gradient":""}},"ast-content-background-meta":{"desktop":{"background-color":"var(--ast-global-color-5)","background-image":"","background-repeat":"repeat","background-position":"center center","background-size":"auto","background-attachment":"scroll","background-type":"","background-media":"","overlay-type":"","overlay-color":"","overlay-opacity":"","overlay-gradient":""},"tablet":{"background-color":"var(--ast-global-color-5)","background-image":"","background-repeat":"repeat","background-position":"center center","background-size":"auto","background-attachment":"scroll","background-type":"","background-media":"","overlay-type":"","overlay-color":"","overlay-opacity":"","overlay-gradient":""},"mobile":{"background-color":"var(--ast-global-color-5)","background-image":"","background-repeat":"repeat","background-position":"center center","background-size":"auto","background-attachment":"scroll","background-type":"","background-media":"","overlay-type":"","overlay-color":"","overlay-opacity":"","overlay-gradient":""}},"spay_email":""},"product_cat":[18,166,167],"product_tag":[],"_links":{"self":[{"href":"https:\/\/jugueterialudico.com.ar\/index.php?rest_route=\/wp\/v2\/product\/26482"}],"collection":[{"href":"https:\/\/jugueterialudico.com.ar\/index.php?rest_route=\/wp\/v2\/product"}],"about":[{"href":"https:\/\/jugueterialudico.com.ar\/index.php?rest_route=\/wp\/v2\/types\/product"}],"replies":[{"embeddable":true,"href":"https:\/\/jugueterialudico.com.ar\/index.php?rest_route=%2Fwp%2Fv2%2Fcomments&post=26482"}],"wp:featuredmedia":[{"embeddable":true,"href":"https:\/\/jugueterialudico.com.ar\/index.php?rest_route=\/wp\/v2\/media\/26483"}],"wp:attachment":[{"href":"https:\/\/jugueterialudico.com.ar\/index.php?rest_route=%2Fwp%2Fv2%2Fmedia&parent=26482"}],"wp:term":[{"taxonomy":"product_cat","embeddable":true,"href":"https:\/\/jugueterialudico.com.ar\/index.php?rest_route=%2Fwp%2Fv2%2Fproduct_cat&post=26482"},{"taxonomy":"product_tag","embeddable":true,"href":"https:\/\/jugueterialudico.com.ar\/index.php?rest_route=%2Fwp%2Fv2%2Fproduct_tag&post=26482"}],"curies":[{"name":"wp","href":"https:\/\/api.w.org\/{rel}","templated":true}]}}