{"id":26494,"date":"2025-07-24T11:14:18","date_gmt":"2025-07-24T14:14:18","guid":{"rendered":"https:\/\/jugueterialudico.com.ar\/?post_type=product&#038;p=26494"},"modified":"2026-01-21T15:40:13","modified_gmt":"2026-01-21T18:40:13","slug":"mi-vida-yogui-177","status":"publish","type":"product","link":"https:\/\/jugueterialudico.com.ar\/?product=mi-vida-yogui-177","title":{"rendered":"OMM MI VIDA YOGUI &#8211; 177"},"content":{"rendered":"<p>MI VIDA YOGUI<\/p>\n<p>LIBRO OMM<\/p>\n<p>&nbsp;<\/p>\n<p>\ud83d\udc3e \u00a0Un compa\u00f1ero de juego, calma y conexi\u00f3n interior \ud83e\uddd8\u200d\u2642\ufe0f\ud83d\udcd6\u2728<\/p>\n<p>&nbsp;<\/p>\n<p>En un mundo que corre r\u00e1pido, perrito OM nos invita a bajar un cambio. Compartiendo su rutina diaria de actividades muy tranquilas , nos recuerda lo esencial: respirar, crear, disfrutar del silencio, estirarse como un \u00e1rbol al sol y cerrar los ojos para escuchar la m\u00fasica que tambi\u00e9n suena por dentro.<\/p>\n<p>&nbsp;<\/p>\n<p>Este libro sensorial fue creado para acompa\u00f1ar y divertir a ni\u00f1as y ni\u00f1os a partir de los 3 a\u00f1os.<\/p>\n<p>Descubrir el valor de estar presentes, de cuidar el cuerpo, las emociones y el tiempo propio.<\/p>\n<p>Mientras exploran con sus manos las texturas suaves, el papel ruidito y las sorpresas escondidas, conectan con escenas cotidianas que proponen un ritmo amable, saludable y lleno de intenci\u00f3n.<\/p>\n<p>Caracter\u00edsticas t\u00e9cnicas :<\/p>\n<p>Confeccionado en tela lavable, de 18 x 18 cm, es resistente, liviano y perfecto para llevar a todos lados: una herramienta de juego que tambi\u00e9n puede calmar, inspirar o acompa\u00f1ar rutinas como la siesta, el dibujo libre o la lectura compartida.<\/p>\n<p>&nbsp;<\/p>\n<p>\ud83d\udc9b Elegir \u00bb Mi vida yogui\u00bb \u00a0es elegir una infancia m\u00e1s consciente. Porque cada p\u00e1gina no solo estimula los sentidos\u2026 tambi\u00e9n abraza una forma m\u00e1s amorosa de crecer.<\/p>\n","protected":false},"excerpt":{"rendered":"<p>MI VIDA YOGUI LIBRO OMM &nbsp; \ud83d\udc3e \u00a0Un compa\u00f1ero de juego, calma y conexi\u00f3n interior \ud83e\uddd8\u200d\u2642\ufe0f\ud83d\udcd6\u2728 &nbsp; En un mundo que corre r\u00e1pido, perrito OM nos invita a bajar un cambio. Compartiendo su rutina diaria de actividades muy tranquilas , nos recuerda lo esencial: respirar, crear, disfrutar del silencio, estirarse como un \u00e1rbol al sol [&hellip;]<\/p>\n","protected":false},"featured_media":26496,"comment_status":"open","ping_status":"closed","template":"","meta":{"site-sidebar-layout":"default","site-content-layout":"","ast-site-content-layout":"default","site-content-style":"default","site-sidebar-style":"default","ast-global-header-display":"","ast-banner-title-visibility":"","ast-main-header-display":"","ast-hfb-above-header-display":"","ast-hfb-below-header-display":"","ast-hfb-mobile-header-display":"","site-post-title":"","ast-breadcrumbs-content":"","ast-featured-img":"","footer-sml-layout":"","theme-transparent-header-meta":"default","adv-header-id-meta":"","stick-header-meta":"","header-above-stick-meta":"","header-main-stick-meta":"","header-below-stick-meta":"","astra-migrate-meta-layouts":"set","ast-page-background-enabled":"default","ast-page-background-meta":{"desktop":{"background-color":"","background-image":"","background-repeat":"repeat","background-position":"center center","background-size":"auto","background-attachment":"scroll","background-type":"","background-media":"","overlay-type":"","overlay-color":"","overlay-opacity":"","overlay-gradient":""},"tablet":{"background-color":"","background-image":"","background-repeat":"repeat","background-position":"center center","background-size":"auto","background-attachment":"scroll","background-type":"","background-media":"","overlay-type":"","overlay-color":"","overlay-opacity":"","overlay-gradient":""},"mobile":{"background-color":"","background-image":"","background-repeat":"repeat","background-position":"center center","background-size":"auto","background-attachment":"scroll","background-type":"","background-media":"","overlay-type":"","overlay-color":"","overlay-opacity":"","overlay-gradient":""}},"ast-content-background-meta":{"desktop":{"background-color":"var(--ast-global-color-5)","background-image":"","background-repeat":"repeat","background-position":"center center","background-size":"auto","background-attachment":"scroll","background-type":"","background-media":"","overlay-type":"","overlay-color":"","overlay-opacity":"","overlay-gradient":""},"tablet":{"background-color":"var(--ast-global-color-5)","background-image":"","background-repeat":"repeat","background-position":"center center","background-size":"auto","background-attachment":"scroll","background-type":"","background-media":"","overlay-type":"","overlay-color":"","overlay-opacity":"","overlay-gradient":""},"mobile":{"background-color":"var(--ast-global-color-5)","background-image":"","background-repeat":"repeat","background-position":"center center","background-size":"auto","background-attachment":"scroll","background-type":"","background-media":"","overlay-type":"","overlay-color":"","overlay-opacity":"","overlay-gradient":""}},"spay_email":""},"product_cat":[161,163,164,165,146,76,159],"product_tag":[],"_links":{"self":[{"href":"https:\/\/jugueterialudico.com.ar\/index.php?rest_route=\/wp\/v2\/product\/26494"}],"collection":[{"href":"https:\/\/jugueterialudico.com.ar\/index.php?rest_route=\/wp\/v2\/product"}],"about":[{"href":"https:\/\/jugueterialudico.com.ar\/index.php?rest_route=\/wp\/v2\/types\/product"}],"replies":[{"embeddable":true,"href":"https:\/\/jugueterialudico.com.ar\/index.php?rest_route=%2Fwp%2Fv2%2Fcomments&post=26494"}],"wp:featuredmedia":[{"embeddable":true,"href":"https:\/\/jugueterialudico.com.ar\/index.php?rest_route=\/wp\/v2\/media\/26496"}],"wp:attachment":[{"href":"https:\/\/jugueterialudico.com.ar\/index.php?rest_route=%2Fwp%2Fv2%2Fmedia&parent=26494"}],"wp:term":[{"taxonomy":"product_cat","embeddable":true,"href":"https:\/\/jugueterialudico.com.ar\/index.php?rest_route=%2Fwp%2Fv2%2Fproduct_cat&post=26494"},{"taxonomy":"product_tag","embeddable":true,"href":"https:\/\/jugueterialudico.com.ar\/index.php?rest_route=%2Fwp%2Fv2%2Fproduct_tag&post=26494"}],"curies":[{"name":"wp","href":"https:\/\/api.w.org\/{rel}","templated":true}]}}