{"id":26523,"date":"2025-07-26T15:47:54","date_gmt":"2025-07-26T18:47:54","guid":{"rendered":"https:\/\/jugueterialudico.com.ar\/?post_type=product&#038;p=26523"},"modified":"2026-02-04T18:30:59","modified_gmt":"2026-02-04T21:30:59","slug":"set-frutas-y-verduras-madera-079","status":"publish","type":"product","link":"https:\/\/jugueterialudico.com.ar\/?product=set-frutas-y-verduras-madera-079","title":{"rendered":"SET FRUTAS Y VERDURAS MADERA &#8211; 079"},"content":{"rendered":"<pre>Las medidas var\u00edan seg\u00fan el modelo, aprox. entre 5 y 8 cm.<\/pre>\n<h6><span style=\"color: #003366;\" data-huuid=\"14060701029966978893\">Beneficios: <\/span><\/h6>\n<p><strong><em>El juego simb\u00f3lico ofrece numerosos beneficios para el desarrollo infantil, incluyendo la <mark class=\"QVRyCf\">mejora de la imaginaci\u00f3n, la creatividad, las habilidades sociales, el lenguaje y la comprensi\u00f3n emocional<\/mark>.\u00a0Al recrear roles y situaciones de la vida real, los ni\u00f1os exploran el mundo, aprenden sobre diferentes roles sociales, desarrollan la empat\u00eda y la cooperaci\u00f3n, y fortalecen su capacidad para resolver problemas.<span class=\"pjBG2e\" data-cid=\"bd22dbae-4eeb-46d9-98a1-cb4765cf3dc8\"><span class=\"UV3uM\">\u00a0<\/span><\/span><\/em><\/strong><\/p>\n","protected":false},"excerpt":{"rendered":"<h3>Set de frutas y verduras en madera, realizados \u00edntegramente en pino.<\/h3>\n<p><strong>Incluye: durazno, banana, manzana, pera, frutilla, lim\u00f3n, zanahoria, berenjena y palta.<\/strong><\/p>\n","protected":false},"featured_media":26524,"comment_status":"open","ping_status":"closed","template":"","meta":{"site-sidebar-layout":"default","site-content-layout":"","ast-site-content-layout":"default","site-content-style":"default","site-sidebar-style":"default","ast-global-header-display":"","ast-banner-title-visibility":"","ast-main-header-display":"","ast-hfb-above-header-display":"","ast-hfb-below-header-display":"","ast-hfb-mobile-header-display":"","site-post-title":"","ast-breadcrumbs-content":"","ast-featured-img":"","footer-sml-layout":"","theme-transparent-header-meta":"default","adv-header-id-meta":"","stick-header-meta":"","header-above-stick-meta":"","header-main-stick-meta":"","header-below-stick-meta":"","astra-migrate-meta-layouts":"set","ast-page-background-enabled":"default","ast-page-background-meta":{"desktop":{"background-color":"","background-image":"","background-repeat":"repeat","background-position":"center center","background-size":"auto","background-attachment":"scroll","background-type":"","background-media":"","overlay-type":"","overlay-color":"","overlay-opacity":"","overlay-gradient":""},"tablet":{"background-color":"","background-image":"","background-repeat":"repeat","background-position":"center center","background-size":"auto","background-attachment":"scroll","background-type":"","background-media":"","overlay-type":"","overlay-color":"","overlay-opacity":"","overlay-gradient":""},"mobile":{"background-color":"","background-image":"","background-repeat":"repeat","background-position":"center center","background-size":"auto","background-attachment":"scroll","background-type":"","background-media":"","overlay-type":"","overlay-color":"","overlay-opacity":"","overlay-gradient":""}},"ast-content-background-meta":{"desktop":{"background-color":"var(--ast-global-color-5)","background-image":"","background-repeat":"repeat","background-position":"center center","background-size":"auto","background-attachment":"scroll","background-type":"","background-media":"","overlay-type":"","overlay-color":"","overlay-opacity":"","overlay-gradient":""},"tablet":{"background-color":"var(--ast-global-color-5)","background-image":"","background-repeat":"repeat","background-position":"center center","background-size":"auto","background-attachment":"scroll","background-type":"","background-media":"","overlay-type":"","overlay-color":"","overlay-opacity":"","overlay-gradient":""},"mobile":{"background-color":"var(--ast-global-color-5)","background-image":"","background-repeat":"repeat","background-position":"center center","background-size":"auto","background-attachment":"scroll","background-type":"","background-media":"","overlay-type":"","overlay-color":"","overlay-opacity":"","overlay-gradient":""}},"spay_email":""},"product_cat":[18,161,163,164,165,166,198,93,208,159],"product_tag":[],"_links":{"self":[{"href":"https:\/\/jugueterialudico.com.ar\/index.php?rest_route=\/wp\/v2\/product\/26523"}],"collection":[{"href":"https:\/\/jugueterialudico.com.ar\/index.php?rest_route=\/wp\/v2\/product"}],"about":[{"href":"https:\/\/jugueterialudico.com.ar\/index.php?rest_route=\/wp\/v2\/types\/product"}],"replies":[{"embeddable":true,"href":"https:\/\/jugueterialudico.com.ar\/index.php?rest_route=%2Fwp%2Fv2%2Fcomments&post=26523"}],"wp:featuredmedia":[{"embeddable":true,"href":"https:\/\/jugueterialudico.com.ar\/index.php?rest_route=\/wp\/v2\/media\/26524"}],"wp:attachment":[{"href":"https:\/\/jugueterialudico.com.ar\/index.php?rest_route=%2Fwp%2Fv2%2Fmedia&parent=26523"}],"wp:term":[{"taxonomy":"product_cat","embeddable":true,"href":"https:\/\/jugueterialudico.com.ar\/index.php?rest_route=%2Fwp%2Fv2%2Fproduct_cat&post=26523"},{"taxonomy":"product_tag","embeddable":true,"href":"https:\/\/jugueterialudico.com.ar\/index.php?rest_route=%2Fwp%2Fv2%2Fproduct_tag&post=26523"}],"curies":[{"name":"wp","href":"https:\/\/api.w.org\/{rel}","templated":true}]}}