{"id":26548,"date":"2025-08-01T10:15:20","date_gmt":"2025-08-01T13:15:20","guid":{"rendered":"https:\/\/jugueterialudico.com.ar\/?post_type=product&#038;p=26548"},"modified":"2026-03-26T10:13:16","modified_gmt":"2026-03-26T13:13:16","slug":"mi-disfraz-de-bombero-049","status":"publish","type":"product","link":"https:\/\/jugueterialudico.com.ar\/?product=mi-disfraz-de-bombero-049","title":{"rendered":"MI DISFRAZ DE BOMBERO &#8211; 049"},"content":{"rendered":"<p style=\"font-weight: 400;\"><span style=\"font-weight: 400;\">\ud83d\ude92 Hay algo m\u00e1s divertido que jugar a ser BOMBEROS? Con nuestro kit vas a poder crear y dise\u00f1ar tu propio traje de <b><strong>BOMBERO!<\/strong><\/b><\/span><\/p>\n<p style=\"font-weight: 400;\">JUGAR A SER BOMBEROS es jugar a ser parte de un equipo, a imaginar que todos podemos hacer algo por el otro\u2026<br \/>\nPorque jugar a ayudar\u2026 tambi\u00e9n forma h\u00e9roes \ud83e\uddef\u2764\ufe0f<\/p>\n<p>Con este kit vas a poder crear tu propio:<br \/>\n\ud83d\udc77 Casco<br \/>\n\ud83e\uddba Pechera<br \/>\n\ud83e\ude93 Hacha<br \/>\n\ud83e\udeaa \u00a1Y hasta una credencial personalizada!<\/p>\n<p style=\"font-weight: 400;\">\ud83d\udd25 Adem\u00e1s, con cada kit est\u00e1s colaborando con la Fundaci\u00f3n Bomberos de Argentina <a href=\"https:\/\/www.instagram.com\/bomberosfund\/?hl=es-la\">@bomberosfund<\/a><\/p>\n<p>\ud83d\udca5 \u00a1Te invitamos a descubrir el mundo real de los bomberos! Visita el cuartel de bomberos de tu barrio, con tu propio traje y tu credencial y viv\u00ed una experiencia \u00fanica con ellos \ud83d\ude4c\ud83c\udffd<\/p>\n<p style=\"font-weight: 400;\">\n<p style=\"font-weight: 400;\"><b>Este Kit incluye:\u00a0<\/b><\/p>\n<p style=\"font-weight: 400;\"><span style=\"font-weight: 400;\">&#8211; Pechera de bombero. <\/span>\ud83e\uddba<\/p>\n<p style=\"font-weight: 400;\"><span style=\"font-weight: 400;\">&#8211; Goma eva de colores<\/span><\/p>\n<p style=\"font-weight: 400;\"><span style=\"font-weight: 400;\">&#8211; Tela de colores<\/span><\/p>\n<p style=\"font-weight: 400;\"><span style=\"font-weight: 400;\">&#8211; Cinta reflectiva<\/span><\/p>\n<p style=\"font-weight: 400;\"><span style=\"font-weight: 400;\">&#8211; Credencial de bombero y funda<\/span><\/p>\n<p style=\"font-weight: 400;\"><span style=\"font-weight: 400;\">&#8211; Tarjeta para anotar tel\u00e9fonos importantes<\/span><\/p>\n<p style=\"font-weight: 400;\"><span style=\"font-weight: 400;\">&#8211; Info de primeros auxilios <\/span><\/p>\n<p style=\"font-weight: 400;\"><span style=\"font-weight: 400;\">&#8211; Plantilla para armar hacha y casco <\/span>\ud83e\uddd1\u200d\ud83d\ude92\ud83e\ude93<\/p>\n<p style=\"font-weight: 400;\"><span style=\"font-weight: 400;\">&#8211; Pegamento<\/span><\/p>\n<p style=\"font-weight: 400;\"><span style=\"font-weight: 400;\">&#8211; Instrucciones<\/span><\/p>\n<h5>Edad recomendada + 4 a\u00f1os en adelante<\/h5>\n","protected":false},"excerpt":{"rendered":"<p>\ud83d\ude92 Hay algo m\u00e1s divertido que jugar a ser BOMBEROS? Con nuestro kit vas a poder crear y dise\u00f1ar tu propio traje de BOMBERO! JUGAR A SER BOMBEROS es jugar a ser parte de un equipo, a imaginar que todos podemos hacer algo por el otro\u2026 Porque jugar a ayudar\u2026 tambi\u00e9n forma h\u00e9roes \ud83e\uddef\u2764\ufe0f Con [&hellip;]<\/p>\n","protected":false},"featured_media":26549,"comment_status":"open","ping_status":"closed","template":"","meta":{"site-sidebar-layout":"default","site-content-layout":"","ast-site-content-layout":"default","site-content-style":"default","site-sidebar-style":"default","ast-global-header-display":"","ast-banner-title-visibility":"","ast-main-header-display":"","ast-hfb-above-header-display":"","ast-hfb-below-header-display":"","ast-hfb-mobile-header-display":"","site-post-title":"","ast-breadcrumbs-content":"","ast-featured-img":"","footer-sml-layout":"","theme-transparent-header-meta":"default","adv-header-id-meta":"","stick-header-meta":"","header-above-stick-meta":"","header-main-stick-meta":"","header-below-stick-meta":"","astra-migrate-meta-layouts":"set","ast-page-background-enabled":"default","ast-page-background-meta":{"desktop":{"background-color":"","background-image":"","background-repeat":"repeat","background-position":"center center","background-size":"auto","background-attachment":"scroll","background-type":"","background-media":"","overlay-type":"","overlay-color":"","overlay-opacity":"","overlay-gradient":""},"tablet":{"background-color":"","background-image":"","background-repeat":"repeat","background-position":"center center","background-size":"auto","background-attachment":"scroll","background-type":"","background-media":"","overlay-type":"","overlay-color":"","overlay-opacity":"","overlay-gradient":""},"mobile":{"background-color":"","background-image":"","background-repeat":"repeat","background-position":"center center","background-size":"auto","background-attachment":"scroll","background-type":"","background-media":"","overlay-type":"","overlay-color":"","overlay-opacity":"","overlay-gradient":""}},"ast-content-background-meta":{"desktop":{"background-color":"var(--ast-global-color-5)","background-image":"","background-repeat":"repeat","background-position":"center center","background-size":"auto","background-attachment":"scroll","background-type":"","background-media":"","overlay-type":"","overlay-color":"","overlay-opacity":"","overlay-gradient":""},"tablet":{"background-color":"var(--ast-global-color-5)","background-image":"","background-repeat":"repeat","background-position":"center center","background-size":"auto","background-attachment":"scroll","background-type":"","background-media":"","overlay-type":"","overlay-color":"","overlay-opacity":"","overlay-gradient":""},"mobile":{"background-color":"var(--ast-global-color-5)","background-image":"","background-repeat":"repeat","background-position":"center center","background-size":"auto","background-attachment":"scroll","background-type":"","background-media":"","overlay-type":"","overlay-color":"","overlay-opacity":"","overlay-gradient":""}},"spay_email":""},"product_cat":[18,165,166,146,78],"product_tag":[],"_links":{"self":[{"href":"https:\/\/jugueterialudico.com.ar\/index.php?rest_route=\/wp\/v2\/product\/26548"}],"collection":[{"href":"https:\/\/jugueterialudico.com.ar\/index.php?rest_route=\/wp\/v2\/product"}],"about":[{"href":"https:\/\/jugueterialudico.com.ar\/index.php?rest_route=\/wp\/v2\/types\/product"}],"replies":[{"embeddable":true,"href":"https:\/\/jugueterialudico.com.ar\/index.php?rest_route=%2Fwp%2Fv2%2Fcomments&post=26548"}],"wp:featuredmedia":[{"embeddable":true,"href":"https:\/\/jugueterialudico.com.ar\/index.php?rest_route=\/wp\/v2\/media\/26549"}],"wp:attachment":[{"href":"https:\/\/jugueterialudico.com.ar\/index.php?rest_route=%2Fwp%2Fv2%2Fmedia&parent=26548"}],"wp:term":[{"taxonomy":"product_cat","embeddable":true,"href":"https:\/\/jugueterialudico.com.ar\/index.php?rest_route=%2Fwp%2Fv2%2Fproduct_cat&post=26548"},{"taxonomy":"product_tag","embeddable":true,"href":"https:\/\/jugueterialudico.com.ar\/index.php?rest_route=%2Fwp%2Fv2%2Fproduct_tag&post=26548"}],"curies":[{"name":"wp","href":"https:\/\/api.w.org\/{rel}","templated":true}]}}