{"id":26634,"date":"2025-08-16T11:12:29","date_gmt":"2025-08-16T14:12:29","guid":{"rendered":"https:\/\/jugueterialudico.com.ar\/?post_type=product&#038;p=26634"},"modified":"2025-12-29T11:38:34","modified_gmt":"2025-12-29T14:38:34","slug":"mimic-octopus-041","status":"publish","type":"product","link":"https:\/\/jugueterialudico.com.ar\/?product=mimic-octopus-041","title":{"rendered":"MIMIC OCTOPUS &#8211; 041"},"content":{"rendered":"<p>MIMIC OCTOPUS<\/p>\n<p>Ten\u00e9 la conversaci\u00f3n m\u00e1s delirante de tu vida y perfeccion\u00e1 el arte de descifrar las man\u00edas y excentricidades de los dem\u00e1s. Pero atenci\u00f3n: \u00bfhabr\u00e1 alg\u00fan impostor entre ustedes?<\/p>\n<p>Al empezar una ronda , cada jugador recibe una carta con un tema de conversaci\u00f3n o consiga secreta (\u00a1y bastante absurda!)<\/p>\n<p>Encontr\u00e1 a tu equipo: trat\u00e1 de representar sutilmente tu consigna mientras observas si otros jugadores te mandan se\u00f1ales parecidas. Vale todo: hablar, actuar, gesticular ..<\/p>\n<p>Infiltrate en los equipos rivales: si nadie se comporta como vos, \u00a1seguramente seas un impostor! Ment\u00ed como un profesional para infiltrarte en un equipo sin que te descubran.<\/p>\n<p>&nbsp;<\/p>\n<p>IDEAL PARTA CHANTAS, MENTIROSOS Y GENTE CON CARA DE POKER<br \/>\nDESCONFIA DE TODOS, INCLUSO DE VOS MISMO<\/p>\n","protected":false},"excerpt":{"rendered":"<p>MIMIC OCTOPUS Ten\u00e9 la conversaci\u00f3n m\u00e1s delirante de tu vida y perfeccion\u00e1 el arte de descifrar las man\u00edas y excentricidades de los dem\u00e1s. Pero atenci\u00f3n: \u00bfhabr\u00e1 alg\u00fan impostor entre ustedes? Al empezar una ronda , cada jugador recibe una carta con un tema de conversaci\u00f3n o consiga secreta (\u00a1y bastante absurda!) Encontr\u00e1 a tu equipo: [&hellip;]<\/p>\n","protected":false},"featured_media":26635,"comment_status":"open","ping_status":"closed","template":"","meta":{"site-sidebar-layout":"default","site-content-layout":"","ast-site-content-layout":"default","site-content-style":"default","site-sidebar-style":"default","ast-global-header-display":"","ast-banner-title-visibility":"","ast-main-header-display":"","ast-hfb-above-header-display":"","ast-hfb-below-header-display":"","ast-hfb-mobile-header-display":"","site-post-title":"","ast-breadcrumbs-content":"","ast-featured-img":"","footer-sml-layout":"","theme-transparent-header-meta":"default","adv-header-id-meta":"","stick-header-meta":"","header-above-stick-meta":"","header-main-stick-meta":"","header-below-stick-meta":"","astra-migrate-meta-layouts":"set","ast-page-background-enabled":"default","ast-page-background-meta":{"desktop":{"background-color":"","background-image":"","background-repeat":"repeat","background-position":"center center","background-size":"auto","background-attachment":"scroll","background-type":"","background-media":"","overlay-type":"","overlay-color":"","overlay-opacity":"","overlay-gradient":""},"tablet":{"background-color":"","background-image":"","background-repeat":"repeat","background-position":"center center","background-size":"auto","background-attachment":"scroll","background-type":"","background-media":"","overlay-type":"","overlay-color":"","overlay-opacity":"","overlay-gradient":""},"mobile":{"background-color":"","background-image":"","background-repeat":"repeat","background-position":"center center","background-size":"auto","background-attachment":"scroll","background-type":"","background-media":"","overlay-type":"","overlay-color":"","overlay-opacity":"","overlay-gradient":""}},"ast-content-background-meta":{"desktop":{"background-color":"var(--ast-global-color-5)","background-image":"","background-repeat":"repeat","background-position":"center center","background-size":"auto","background-attachment":"scroll","background-type":"","background-media":"","overlay-type":"","overlay-color":"","overlay-opacity":"","overlay-gradient":""},"tablet":{"background-color":"var(--ast-global-color-5)","background-image":"","background-repeat":"repeat","background-position":"center center","background-size":"auto","background-attachment":"scroll","background-type":"","background-media":"","overlay-type":"","overlay-color":"","overlay-opacity":"","overlay-gradient":""},"mobile":{"background-color":"var(--ast-global-color-5)","background-image":"","background-repeat":"repeat","background-position":"center center","background-size":"auto","background-attachment":"scroll","background-type":"","background-media":"","overlay-type":"","overlay-color":"","overlay-opacity":"","overlay-gradient":""}},"spay_email":""},"product_cat":[185,168,74],"product_tag":[],"_links":{"self":[{"href":"https:\/\/jugueterialudico.com.ar\/index.php?rest_route=\/wp\/v2\/product\/26634"}],"collection":[{"href":"https:\/\/jugueterialudico.com.ar\/index.php?rest_route=\/wp\/v2\/product"}],"about":[{"href":"https:\/\/jugueterialudico.com.ar\/index.php?rest_route=\/wp\/v2\/types\/product"}],"replies":[{"embeddable":true,"href":"https:\/\/jugueterialudico.com.ar\/index.php?rest_route=%2Fwp%2Fv2%2Fcomments&post=26634"}],"wp:featuredmedia":[{"embeddable":true,"href":"https:\/\/jugueterialudico.com.ar\/index.php?rest_route=\/wp\/v2\/media\/26635"}],"wp:attachment":[{"href":"https:\/\/jugueterialudico.com.ar\/index.php?rest_route=%2Fwp%2Fv2%2Fmedia&parent=26634"}],"wp:term":[{"taxonomy":"product_cat","embeddable":true,"href":"https:\/\/jugueterialudico.com.ar\/index.php?rest_route=%2Fwp%2Fv2%2Fproduct_cat&post=26634"},{"taxonomy":"product_tag","embeddable":true,"href":"https:\/\/jugueterialudico.com.ar\/index.php?rest_route=%2Fwp%2Fv2%2Fproduct_tag&post=26634"}],"curies":[{"name":"wp","href":"https:\/\/api.w.org\/{rel}","templated":true}]}}