{"id":26638,"date":"2025-08-16T11:30:17","date_gmt":"2025-08-16T14:30:17","guid":{"rendered":"https:\/\/jugueterialudico.com.ar\/?post_type=product&#038;p=26638"},"modified":"2025-08-16T15:40:21","modified_gmt":"2025-08-16T18:40:21","slug":"couple-041","status":"publish","type":"product","link":"https:\/\/jugueterialudico.com.ar\/?product=couple-041","title":{"rendered":"COUPLE &#8211; 041"},"content":{"rendered":"<p>COUPLE<\/p>\n<p>&nbsp;<\/p>\n<p>COUPLES \u26fa<\/p>\n<p>\ud83d\udc49Es un juego de velocidad para toda la familia en el que trat\u00e1s de ser el m\u00e1s r\u00e1pido encontrando los animales o accesorios que no tienen pareja.<\/p>\n<p>Es as\u00ed de f\u00e1cil:<br \/>\n\u26fa Mostr\u00e1 una carta nueva y mir\u00e1 la parte de atr\u00e1s de la siguiente para saber qu\u00e9 buscar (animal o accesorio)<br \/>\n\u26fa \u00a1R\u00e1pido! Encontr\u00e1 el animal o el accesorio que est\u00e1 sin su pareja y tocalo<\/p>\n<p>\ud83e\udd84\u00a1CUIDADO! EL TUMBACARPAS EST\u00c1 SUELTO. No seas el \u00faltimo que pone la mano y grit\u00e1 su nombre cuando aparece.<\/p>\n<p>\ud83d\ude4c\ud83c\udffcVan a tener que estar muy atentos y ser los m\u00e1s r\u00e1pidos de la mesa.<\/p>\n<p>\ud83c\udf33Que a nadie se le ocurra ir solo al bosque\u2026<\/p>\n<p>\ud83c\udf82 P\u00fablico: 6+<br \/>\n\ud83d\udc65 Jugadores: 2-8<br \/>\n\u231b Duraci\u00f3n: 20 min<\/p>\n","protected":false},"excerpt":{"rendered":"<p>COUPLE &nbsp; COUPLES \u26fa \ud83d\udc49Es un juego de velocidad para toda la familia en el que trat\u00e1s de ser el m\u00e1s r\u00e1pido encontrando los animales o accesorios que no tienen pareja. Es as\u00ed de f\u00e1cil: \u26fa Mostr\u00e1 una carta nueva y mir\u00e1 la parte de atr\u00e1s de la siguiente para saber qu\u00e9 buscar (animal o [&hellip;]<\/p>\n","protected":false},"featured_media":26639,"comment_status":"open","ping_status":"closed","template":"","meta":{"site-sidebar-layout":"default","site-content-layout":"","ast-site-content-layout":"default","site-content-style":"default","site-sidebar-style":"default","ast-global-header-display":"","ast-banner-title-visibility":"","ast-main-header-display":"","ast-hfb-above-header-display":"","ast-hfb-below-header-display":"","ast-hfb-mobile-header-display":"","site-post-title":"","ast-breadcrumbs-content":"","ast-featured-img":"","footer-sml-layout":"","theme-transparent-header-meta":"default","adv-header-id-meta":"","stick-header-meta":"","header-above-stick-meta":"","header-main-stick-meta":"","header-below-stick-meta":"","astra-migrate-meta-layouts":"set","ast-page-background-enabled":"default","ast-page-background-meta":{"desktop":{"background-color":"","background-image":"","background-repeat":"repeat","background-position":"center center","background-size":"auto","background-attachment":"scroll","background-type":"","background-media":"","overlay-type":"","overlay-color":"","overlay-opacity":"","overlay-gradient":""},"tablet":{"background-color":"","background-image":"","background-repeat":"repeat","background-position":"center center","background-size":"auto","background-attachment":"scroll","background-type":"","background-media":"","overlay-type":"","overlay-color":"","overlay-opacity":"","overlay-gradient":""},"mobile":{"background-color":"","background-image":"","background-repeat":"repeat","background-position":"center center","background-size":"auto","background-attachment":"scroll","background-type":"","background-media":"","overlay-type":"","overlay-color":"","overlay-opacity":"","overlay-gradient":""}},"ast-content-background-meta":{"desktop":{"background-color":"var(--ast-global-color-5)","background-image":"","background-repeat":"repeat","background-position":"center center","background-size":"auto","background-attachment":"scroll","background-type":"","background-media":"","overlay-type":"","overlay-color":"","overlay-opacity":"","overlay-gradient":""},"tablet":{"background-color":"var(--ast-global-color-5)","background-image":"","background-repeat":"repeat","background-position":"center center","background-size":"auto","background-attachment":"scroll","background-type":"","background-media":"","overlay-type":"","overlay-color":"","overlay-opacity":"","overlay-gradient":""},"mobile":{"background-color":"var(--ast-global-color-5)","background-image":"","background-repeat":"repeat","background-position":"center center","background-size":"auto","background-attachment":"scroll","background-type":"","background-media":"","overlay-type":"","overlay-color":"","overlay-opacity":"","overlay-gradient":""}},"spay_email":""},"product_cat":[164,165,166,167,74],"product_tag":[],"_links":{"self":[{"href":"https:\/\/jugueterialudico.com.ar\/index.php?rest_route=\/wp\/v2\/product\/26638"}],"collection":[{"href":"https:\/\/jugueterialudico.com.ar\/index.php?rest_route=\/wp\/v2\/product"}],"about":[{"href":"https:\/\/jugueterialudico.com.ar\/index.php?rest_route=\/wp\/v2\/types\/product"}],"replies":[{"embeddable":true,"href":"https:\/\/jugueterialudico.com.ar\/index.php?rest_route=%2Fwp%2Fv2%2Fcomments&post=26638"}],"wp:featuredmedia":[{"embeddable":true,"href":"https:\/\/jugueterialudico.com.ar\/index.php?rest_route=\/wp\/v2\/media\/26639"}],"wp:attachment":[{"href":"https:\/\/jugueterialudico.com.ar\/index.php?rest_route=%2Fwp%2Fv2%2Fmedia&parent=26638"}],"wp:term":[{"taxonomy":"product_cat","embeddable":true,"href":"https:\/\/jugueterialudico.com.ar\/index.php?rest_route=%2Fwp%2Fv2%2Fproduct_cat&post=26638"},{"taxonomy":"product_tag","embeddable":true,"href":"https:\/\/jugueterialudico.com.ar\/index.php?rest_route=%2Fwp%2Fv2%2Fproduct_tag&post=26638"}],"curies":[{"name":"wp","href":"https:\/\/api.w.org\/{rel}","templated":true}]}}