{"id":26672,"date":"2025-08-20T18:43:45","date_gmt":"2025-08-20T21:43:45","guid":{"rendered":"https:\/\/jugueterialudico.com.ar\/?post_type=product&#038;p=26672"},"modified":"2026-01-30T15:35:28","modified_gmt":"2026-01-30T18:35:28","slug":"extincion-104","status":"publish","type":"product","link":"https:\/\/jugueterialudico.com.ar\/?product=extincion-104","title":{"rendered":"EXTINCION &#8211; 104"},"content":{"rendered":"<p>OBJETIVO<br \/>\nEl objetivo es ser la persona que, explorando el Mundo Perdido, rescate al mayor n\u00famero posible de dinosaurios de una nueva Extinci\u00f3n. Para ello, deber\u00e1s trasladarlos a diferentes Entornos Seguros teniendo en cuenta el equilibrio alimentario que se necesita en cada uno. Pero, \u00a1cuidado! \u00a1Cada rescate tendr\u00e1 consecuencias!<\/p>\n<p>CONTENIDO<br \/>\n73 cartas de Mundo Perdido (que incluye Dinosaurios &#8211; entre ellos, 6 Protoceratops y Cebos).<br \/>\n22 cartas de Entornos Seguros, cada una con un Efecto Mariposa en el reverso.<br \/>\n3 cartas de Contador de Extinci\u00f3n numeradas de 0 a 5.<br \/>\n7 cartas de Ayuda para familiarizarte con los iconos.<br \/>\n1 carta en blanco para que puedas dibujar tu dinosaurio favorito e incluirlo en tus partidas. Tambi\u00e9n puedes inventarte nuevas habilidades para este.<\/p>\n","protected":false},"excerpt":{"rendered":"<h2>\u00a1Los dinosaurios est\u00e1n vivos!<\/h2>\n<p>Durante millones de a\u00f1os han sobrevivido escondidos en el legendario Mundo Perdido. Sin embargo, su intensa actividad volc\u00e1nica amenaza con hacerlos desaparecer.<\/p>\n<p>Unite a la partida de rescate, reun\u00ed dinosaurios en tu terreno y lib\u00e9ralos en entornos seguros para salvarlos de la <span class=\"extincion_typo\">\u00a1Extinci\u00f3n!<\/span><\/p>\n","protected":false},"featured_media":26678,"comment_status":"open","ping_status":"closed","template":"","meta":{"site-sidebar-layout":"default","site-content-layout":"","ast-site-content-layout":"default","site-content-style":"default","site-sidebar-style":"default","ast-global-header-display":"","ast-banner-title-visibility":"","ast-main-header-display":"","ast-hfb-above-header-display":"","ast-hfb-below-header-display":"","ast-hfb-mobile-header-display":"","site-post-title":"","ast-breadcrumbs-content":"","ast-featured-img":"","footer-sml-layout":"","theme-transparent-header-meta":"default","adv-header-id-meta":"","stick-header-meta":"","header-above-stick-meta":"","header-main-stick-meta":"","header-below-stick-meta":"","astra-migrate-meta-layouts":"set","ast-page-background-enabled":"default","ast-page-background-meta":{"desktop":{"background-color":"","background-image":"","background-repeat":"repeat","background-position":"center center","background-size":"auto","background-attachment":"scroll","background-type":"","background-media":"","overlay-type":"","overlay-color":"","overlay-opacity":"","overlay-gradient":""},"tablet":{"background-color":"","background-image":"","background-repeat":"repeat","background-position":"center center","background-size":"auto","background-attachment":"scroll","background-type":"","background-media":"","overlay-type":"","overlay-color":"","overlay-opacity":"","overlay-gradient":""},"mobile":{"background-color":"","background-image":"","background-repeat":"repeat","background-position":"center center","background-size":"auto","background-attachment":"scroll","background-type":"","background-media":"","overlay-type":"","overlay-color":"","overlay-opacity":"","overlay-gradient":""}},"ast-content-background-meta":{"desktop":{"background-color":"var(--ast-global-color-5)","background-image":"","background-repeat":"repeat","background-position":"center center","background-size":"auto","background-attachment":"scroll","background-type":"","background-media":"","overlay-type":"","overlay-color":"","overlay-opacity":"","overlay-gradient":""},"tablet":{"background-color":"var(--ast-global-color-5)","background-image":"","background-repeat":"repeat","background-position":"center center","background-size":"auto","background-attachment":"scroll","background-type":"","background-media":"","overlay-type":"","overlay-color":"","overlay-opacity":"","overlay-gradient":""},"mobile":{"background-color":"var(--ast-global-color-5)","background-image":"","background-repeat":"repeat","background-position":"center center","background-size":"auto","background-attachment":"scroll","background-type":"","background-media":"","overlay-type":"","overlay-color":"","overlay-opacity":"","overlay-gradient":""}},"spay_email":""},"product_cat":[168,167,74],"product_tag":[],"_links":{"self":[{"href":"https:\/\/jugueterialudico.com.ar\/index.php?rest_route=\/wp\/v2\/product\/26672"}],"collection":[{"href":"https:\/\/jugueterialudico.com.ar\/index.php?rest_route=\/wp\/v2\/product"}],"about":[{"href":"https:\/\/jugueterialudico.com.ar\/index.php?rest_route=\/wp\/v2\/types\/product"}],"replies":[{"embeddable":true,"href":"https:\/\/jugueterialudico.com.ar\/index.php?rest_route=%2Fwp%2Fv2%2Fcomments&post=26672"}],"wp:featuredmedia":[{"embeddable":true,"href":"https:\/\/jugueterialudico.com.ar\/index.php?rest_route=\/wp\/v2\/media\/26678"}],"wp:attachment":[{"href":"https:\/\/jugueterialudico.com.ar\/index.php?rest_route=%2Fwp%2Fv2%2Fmedia&parent=26672"}],"wp:term":[{"taxonomy":"product_cat","embeddable":true,"href":"https:\/\/jugueterialudico.com.ar\/index.php?rest_route=%2Fwp%2Fv2%2Fproduct_cat&post=26672"},{"taxonomy":"product_tag","embeddable":true,"href":"https:\/\/jugueterialudico.com.ar\/index.php?rest_route=%2Fwp%2Fv2%2Fproduct_tag&post=26672"}],"curies":[{"name":"wp","href":"https:\/\/api.w.org\/{rel}","templated":true}]}}