{"id":26693,"date":"2025-08-21T17:38:15","date_gmt":"2025-08-21T20:38:15","guid":{"rendered":"https:\/\/jugueterialudico.com.ar\/?post_type=product&#038;p=26693"},"modified":"2025-08-26T16:50:22","modified_gmt":"2025-08-26T19:50:22","slug":"animales-por-salvar-desiertos-207","status":"publish","type":"product","link":"https:\/\/jugueterialudico.com.ar\/?product=animales-por-salvar-desiertos-207","title":{"rendered":"ANIMALES POR SALVAR DESIERTOS &#8211; 207"},"content":{"rendered":"<div class=\"grid-item\"><img loading=\"lazy\" decoding=\"async\" class=\"\" src=\"https:\/\/cdn.shopify.com\/s\/files\/1\/0619\/2775\/1885\/files\/autor.png?v=1730723031\" alt=\"Autor\" width=\"61\" height=\"61\" \/><strong>Autor<\/strong><br \/>\nJ. Martinello<\/p>\n<\/div>\n<div class=\"grid-item\"><img loading=\"lazy\" decoding=\"async\" class=\"\" src=\"https:\/\/cdn.shopify.com\/s\/files\/1\/0619\/2775\/1885\/files\/paginas.png?v=1730847686\" alt=\"N\u00ba de p\u00e1ginas\" width=\"57\" height=\"57\" \/><strong>N\u00ba de p\u00e1ginas<\/strong><br \/>\n10<\/p>\n<\/div>\n<div class=\"grid-item\"><img loading=\"lazy\" decoding=\"async\" class=\"\" src=\"https:\/\/cdn.shopify.com\/s\/files\/1\/0619\/2775\/1885\/files\/edad.png?v=1730847633\" alt=\"Edad\" width=\"76\" height=\"76\" \/><strong>Edad<\/strong><br \/>\n4+<\/p>\n<\/div>\n<div class=\"grid-item\"><img loading=\"lazy\" decoding=\"async\" class=\"\" src=\"https:\/\/cdn.shopify.com\/s\/files\/1\/0619\/2775\/1885\/files\/idioma.png?v=1730847745\" alt=\"Idioma\" width=\"50\" height=\"50\" \/><strong>Idioma<\/strong><br \/>\nEspa\u00f1ol<\/p>\n<\/div>\n<div class=\"grid-item\"><\/div>\n<div class=\"grid-item\"><img loading=\"lazy\" decoding=\"async\" class=\"\" src=\"https:\/\/cdn.shopify.com\/s\/files\/1\/0619\/2775\/1885\/files\/ancho.jpg?v=1730848636\" alt=\"Ancho\" width=\"67\" height=\"67\" \/><strong>Ancho<\/strong><br \/>\n22 cm<\/p>\n<\/div>\n<div class=\"grid-item\"><img loading=\"lazy\" decoding=\"async\" class=\"\" src=\"https:\/\/cdn.shopify.com\/s\/files\/1\/0619\/2775\/1885\/files\/altura.png?v=1730847838\" alt=\"Alto\" width=\"72\" height=\"72\" \/><strong>Alto<\/strong><br \/>\n19 cm<\/p>\n<\/div>\n<div class=\"grid-item\"><img loading=\"lazy\" decoding=\"async\" class=\"\" src=\"https:\/\/cdn.shopify.com\/s\/files\/1\/0619\/2775\/1885\/files\/la-medida.png?v=1733758586alt=\" width=\"64\" height=\"64\" \/><strong>Grosor<\/strong><br \/>\n6 cm<\/p>\n<\/div>\n","protected":false},"excerpt":{"rendered":"<h5>Descripci\u00f3n:<\/h5>\n<div class=\"custom-product-description\">\n<h5 class=\"productDescription\">Levanta las ventanitas del interior del libro y descubre un mont\u00f3n de datos interesantes sobre los animales de los bosques templados, el entorno en el que viven y por qu\u00e9 est\u00e1n en peligro de extinci\u00f3n. Juega despu\u00e9s con las fichas y entrena tu memori<\/h5>\n<\/div>\n","protected":false},"featured_media":26694,"comment_status":"open","ping_status":"closed","template":"","meta":{"site-sidebar-layout":"default","site-content-layout":"","ast-site-content-layout":"default","site-content-style":"default","site-sidebar-style":"default","ast-global-header-display":"","ast-banner-title-visibility":"","ast-main-header-display":"","ast-hfb-above-header-display":"","ast-hfb-below-header-display":"","ast-hfb-mobile-header-display":"","site-post-title":"","ast-breadcrumbs-content":"","ast-featured-img":"","footer-sml-layout":"","theme-transparent-header-meta":"default","adv-header-id-meta":"","stick-header-meta":"","header-above-stick-meta":"","header-main-stick-meta":"","header-below-stick-meta":"","astra-migrate-meta-layouts":"set","ast-page-background-enabled":"default","ast-page-background-meta":{"desktop":{"background-color":"","background-image":"","background-repeat":"repeat","background-position":"center center","background-size":"auto","background-attachment":"scroll","background-type":"","background-media":"","overlay-type":"","overlay-color":"","overlay-opacity":"","overlay-gradient":""},"tablet":{"background-color":"","background-image":"","background-repeat":"repeat","background-position":"center center","background-size":"auto","background-attachment":"scroll","background-type":"","background-media":"","overlay-type":"","overlay-color":"","overlay-opacity":"","overlay-gradient":""},"mobile":{"background-color":"","background-image":"","background-repeat":"repeat","background-position":"center center","background-size":"auto","background-attachment":"scroll","background-type":"","background-media":"","overlay-type":"","overlay-color":"","overlay-opacity":"","overlay-gradient":""}},"ast-content-background-meta":{"desktop":{"background-color":"var(--ast-global-color-5)","background-image":"","background-repeat":"repeat","background-position":"center center","background-size":"auto","background-attachment":"scroll","background-type":"","background-media":"","overlay-type":"","overlay-color":"","overlay-opacity":"","overlay-gradient":""},"tablet":{"background-color":"var(--ast-global-color-5)","background-image":"","background-repeat":"repeat","background-position":"center center","background-size":"auto","background-attachment":"scroll","background-type":"","background-media":"","overlay-type":"","overlay-color":"","overlay-opacity":"","overlay-gradient":""},"mobile":{"background-color":"var(--ast-global-color-5)","background-image":"","background-repeat":"repeat","background-position":"center center","background-size":"auto","background-attachment":"scroll","background-type":"","background-media":"","overlay-type":"","overlay-color":"","overlay-opacity":"","overlay-gradient":""}},"spay_email":""},"product_cat":[165,166,167,151,146,74,145,208],"product_tag":[],"_links":{"self":[{"href":"https:\/\/jugueterialudico.com.ar\/index.php?rest_route=\/wp\/v2\/product\/26693"}],"collection":[{"href":"https:\/\/jugueterialudico.com.ar\/index.php?rest_route=\/wp\/v2\/product"}],"about":[{"href":"https:\/\/jugueterialudico.com.ar\/index.php?rest_route=\/wp\/v2\/types\/product"}],"replies":[{"embeddable":true,"href":"https:\/\/jugueterialudico.com.ar\/index.php?rest_route=%2Fwp%2Fv2%2Fcomments&post=26693"}],"wp:featuredmedia":[{"embeddable":true,"href":"https:\/\/jugueterialudico.com.ar\/index.php?rest_route=\/wp\/v2\/media\/26694"}],"wp:attachment":[{"href":"https:\/\/jugueterialudico.com.ar\/index.php?rest_route=%2Fwp%2Fv2%2Fmedia&parent=26693"}],"wp:term":[{"taxonomy":"product_cat","embeddable":true,"href":"https:\/\/jugueterialudico.com.ar\/index.php?rest_route=%2Fwp%2Fv2%2Fproduct_cat&post=26693"},{"taxonomy":"product_tag","embeddable":true,"href":"https:\/\/jugueterialudico.com.ar\/index.php?rest_route=%2Fwp%2Fv2%2Fproduct_tag&post=26693"}],"curies":[{"name":"wp","href":"https:\/\/api.w.org\/{rel}","templated":true}]}}