{"id":26711,"date":"2025-08-26T11:07:53","date_gmt":"2025-08-26T14:07:53","guid":{"rendered":"https:\/\/jugueterialudico.com.ar\/?post_type=product&#038;p=26711"},"modified":"2025-10-08T17:22:40","modified_gmt":"2025-10-08T20:22:40","slug":"sistema-planetario-199","status":"publish","type":"product","link":"https:\/\/jugueterialudico.com.ar\/?product=sistema-planetario-199","title":{"rendered":"SISTEMA PLANETARIO &#8211; 199"},"content":{"rendered":"<p>Sistema Planetario para Armar &#8211; Giratorio con Proyecci\u00f3n de Planetas<\/p>\n<p>\u00a1Explora el universo mientras lo construyes con el Sistema Planetario para Armar !<\/p>\n<p>Este fascinante modelo gira y el Sol proyecta los planetas, brindando una experiencia educativa interactiva.<\/p>\n<p>Funciona con pilas AA (Incluidas) , permitiendo un uso pr\u00e1ctico y seguro.<\/p>\n<p>Fomenta el aprendizaje STEM (Ciencia, Tecnolog\u00eda, Ingenier\u00eda y Matem\u00e1ticas), desarrollando la creatividad, la motricidad y el pensamiento cient\u00edfico.<\/p>\n<p>Incluye piezas seguras y resistentes para ensamblar f\u00e1cilmente en casa. Ideal como regalo educativo para peque\u00f1os astr\u00f3nomos. \u00a1Divi\u00e9rtete armando y descubriendo los misterios del cosmos!<\/p>\n","protected":false},"excerpt":{"rendered":"<p>Sistema Planetario para Armar &#8211; Giratorio con Proyecci\u00f3n de Planetas \u00a1Explora el universo mientras lo construyes con el Sistema Planetario para Armar ! Este fascinante modelo gira y el Sol proyecta los planetas, brindando una experiencia educativa interactiva. Funciona con pilas AA (Incluidas) , permitiendo un uso pr\u00e1ctico y seguro. Fomenta el aprendizaje STEM (Ciencia, [&hellip;]<\/p>\n","protected":false},"featured_media":26712,"comment_status":"open","ping_status":"closed","template":"","meta":{"site-sidebar-layout":"default","site-content-layout":"","ast-site-content-layout":"default","site-content-style":"default","site-sidebar-style":"default","ast-global-header-display":"","ast-banner-title-visibility":"","ast-main-header-display":"","ast-hfb-above-header-display":"","ast-hfb-below-header-display":"","ast-hfb-mobile-header-display":"","site-post-title":"","ast-breadcrumbs-content":"","ast-featured-img":"","footer-sml-layout":"","theme-transparent-header-meta":"default","adv-header-id-meta":"","stick-header-meta":"","header-above-stick-meta":"","header-main-stick-meta":"","header-below-stick-meta":"","astra-migrate-meta-layouts":"set","ast-page-background-enabled":"default","ast-page-background-meta":{"desktop":{"background-color":"","background-image":"","background-repeat":"repeat","background-position":"center center","background-size":"auto","background-attachment":"scroll","background-type":"","background-media":"","overlay-type":"","overlay-color":"","overlay-opacity":"","overlay-gradient":""},"tablet":{"background-color":"","background-image":"","background-repeat":"repeat","background-position":"center center","background-size":"auto","background-attachment":"scroll","background-type":"","background-media":"","overlay-type":"","overlay-color":"","overlay-opacity":"","overlay-gradient":""},"mobile":{"background-color":"","background-image":"","background-repeat":"repeat","background-position":"center center","background-size":"auto","background-attachment":"scroll","background-type":"","background-media":"","overlay-type":"","overlay-color":"","overlay-opacity":"","overlay-gradient":""}},"ast-content-background-meta":{"desktop":{"background-color":"var(--ast-global-color-5)","background-image":"","background-repeat":"repeat","background-position":"center center","background-size":"auto","background-attachment":"scroll","background-type":"","background-media":"","overlay-type":"","overlay-color":"","overlay-opacity":"","overlay-gradient":""},"tablet":{"background-color":"var(--ast-global-color-5)","background-image":"","background-repeat":"repeat","background-position":"center center","background-size":"auto","background-attachment":"scroll","background-type":"","background-media":"","overlay-type":"","overlay-color":"","overlay-opacity":"","overlay-gradient":""},"mobile":{"background-color":"var(--ast-global-color-5)","background-image":"","background-repeat":"repeat","background-position":"center center","background-size":"auto","background-attachment":"scroll","background-type":"","background-media":"","overlay-type":"","overlay-color":"","overlay-opacity":"","overlay-gradient":""}},"spay_email":""},"product_cat":[167,146,77],"product_tag":[],"_links":{"self":[{"href":"https:\/\/jugueterialudico.com.ar\/index.php?rest_route=\/wp\/v2\/product\/26711"}],"collection":[{"href":"https:\/\/jugueterialudico.com.ar\/index.php?rest_route=\/wp\/v2\/product"}],"about":[{"href":"https:\/\/jugueterialudico.com.ar\/index.php?rest_route=\/wp\/v2\/types\/product"}],"replies":[{"embeddable":true,"href":"https:\/\/jugueterialudico.com.ar\/index.php?rest_route=%2Fwp%2Fv2%2Fcomments&post=26711"}],"wp:featuredmedia":[{"embeddable":true,"href":"https:\/\/jugueterialudico.com.ar\/index.php?rest_route=\/wp\/v2\/media\/26712"}],"wp:attachment":[{"href":"https:\/\/jugueterialudico.com.ar\/index.php?rest_route=%2Fwp%2Fv2%2Fmedia&parent=26711"}],"wp:term":[{"taxonomy":"product_cat","embeddable":true,"href":"https:\/\/jugueterialudico.com.ar\/index.php?rest_route=%2Fwp%2Fv2%2Fproduct_cat&post=26711"},{"taxonomy":"product_tag","embeddable":true,"href":"https:\/\/jugueterialudico.com.ar\/index.php?rest_route=%2Fwp%2Fv2%2Fproduct_tag&post=26711"}],"curies":[{"name":"wp","href":"https:\/\/api.w.org\/{rel}","templated":true}]}}