{"id":26714,"date":"2025-08-26T11:10:25","date_gmt":"2025-08-26T14:10:25","guid":{"rendered":"https:\/\/jugueterialudico.com.ar\/?post_type=product&#038;p=26714"},"modified":"2025-12-06T18:40:01","modified_gmt":"2025-12-06T21:40:01","slug":"laboratorio-meteorologico-199","status":"publish","type":"product","link":"https:\/\/jugueterialudico.com.ar\/?product=laboratorio-meteorologico-199","title":{"rendered":"LABORATORIO METEOROL\u00d3GICO &#8211; 199"},"content":{"rendered":"<p>Laboratorio Meteorol\u00f3gico &#8211; Experimentos Educativos<\/p>\n<p>\u00a1Explora los secretos del clima con el Laboratorio Meteorol\u00f3gico!<\/p>\n<p>Con 7 experimentos sobre germinaci\u00f3n, temperatura, lluvia, nubes y viento, los ni\u00f1os podr\u00e1n aprender de manera pr\u00e1ctica e interactiva.<\/p>\n<p>Fomenta el aprendizaje STEM (Ciencia, Tecnolog\u00eda, Ingenier\u00eda y Matem\u00e1ticas), desarrollando la observaci\u00f3n, la curiosidad y el pensamiento cient\u00edfico.<\/p>\n<p>Incluye herramientas y accesorios para realizar mediciones meteorol\u00f3gicas en casa de forma segura. \u00a1Un regalo perfecto para peque\u00f1os exploradores del clima!<\/p>\n","protected":false},"excerpt":{"rendered":"<p>Laboratorio Meteorol\u00f3gico &#8211; Experimentos Educativos \u00a1Explora los secretos del clima con el Laboratorio Meteorol\u00f3gico! Con 7 experimentos sobre germinaci\u00f3n, temperatura, lluvia, nubes y viento, los ni\u00f1os podr\u00e1n aprender de manera pr\u00e1ctica e interactiva. Fomenta el aprendizaje STEM (Ciencia, Tecnolog\u00eda, Ingenier\u00eda y Matem\u00e1ticas), desarrollando la observaci\u00f3n, la curiosidad y el pensamiento cient\u00edfico. Incluye herramientas y accesorios [&hellip;]<\/p>\n","protected":false},"featured_media":26715,"comment_status":"open","ping_status":"closed","template":"","meta":{"site-sidebar-layout":"default","site-content-layout":"","ast-site-content-layout":"default","site-content-style":"default","site-sidebar-style":"default","ast-global-header-display":"","ast-banner-title-visibility":"","ast-main-header-display":"","ast-hfb-above-header-display":"","ast-hfb-below-header-display":"","ast-hfb-mobile-header-display":"","site-post-title":"","ast-breadcrumbs-content":"","ast-featured-img":"","footer-sml-layout":"","theme-transparent-header-meta":"default","adv-header-id-meta":"","stick-header-meta":"","header-above-stick-meta":"","header-main-stick-meta":"","header-below-stick-meta":"","astra-migrate-meta-layouts":"set","ast-page-background-enabled":"default","ast-page-background-meta":{"desktop":{"background-color":"","background-image":"","background-repeat":"repeat","background-position":"center center","background-size":"auto","background-attachment":"scroll","background-type":"","background-media":"","overlay-type":"","overlay-color":"","overlay-opacity":"","overlay-gradient":""},"tablet":{"background-color":"","background-image":"","background-repeat":"repeat","background-position":"center center","background-size":"auto","background-attachment":"scroll","background-type":"","background-media":"","overlay-type":"","overlay-color":"","overlay-opacity":"","overlay-gradient":""},"mobile":{"background-color":"","background-image":"","background-repeat":"repeat","background-position":"center center","background-size":"auto","background-attachment":"scroll","background-type":"","background-media":"","overlay-type":"","overlay-color":"","overlay-opacity":"","overlay-gradient":""}},"ast-content-background-meta":{"desktop":{"background-color":"var(--ast-global-color-5)","background-image":"","background-repeat":"repeat","background-position":"center center","background-size":"auto","background-attachment":"scroll","background-type":"","background-media":"","overlay-type":"","overlay-color":"","overlay-opacity":"","overlay-gradient":""},"tablet":{"background-color":"var(--ast-global-color-5)","background-image":"","background-repeat":"repeat","background-position":"center center","background-size":"auto","background-attachment":"scroll","background-type":"","background-media":"","overlay-type":"","overlay-color":"","overlay-opacity":"","overlay-gradient":""},"mobile":{"background-color":"var(--ast-global-color-5)","background-image":"","background-repeat":"repeat","background-position":"center center","background-size":"auto","background-attachment":"scroll","background-type":"","background-media":"","overlay-type":"","overlay-color":"","overlay-opacity":"","overlay-gradient":""}},"spay_email":""},"product_cat":[167,146,77],"product_tag":[],"_links":{"self":[{"href":"https:\/\/jugueterialudico.com.ar\/index.php?rest_route=\/wp\/v2\/product\/26714"}],"collection":[{"href":"https:\/\/jugueterialudico.com.ar\/index.php?rest_route=\/wp\/v2\/product"}],"about":[{"href":"https:\/\/jugueterialudico.com.ar\/index.php?rest_route=\/wp\/v2\/types\/product"}],"replies":[{"embeddable":true,"href":"https:\/\/jugueterialudico.com.ar\/index.php?rest_route=%2Fwp%2Fv2%2Fcomments&post=26714"}],"wp:featuredmedia":[{"embeddable":true,"href":"https:\/\/jugueterialudico.com.ar\/index.php?rest_route=\/wp\/v2\/media\/26715"}],"wp:attachment":[{"href":"https:\/\/jugueterialudico.com.ar\/index.php?rest_route=%2Fwp%2Fv2%2Fmedia&parent=26714"}],"wp:term":[{"taxonomy":"product_cat","embeddable":true,"href":"https:\/\/jugueterialudico.com.ar\/index.php?rest_route=%2Fwp%2Fv2%2Fproduct_cat&post=26714"},{"taxonomy":"product_tag","embeddable":true,"href":"https:\/\/jugueterialudico.com.ar\/index.php?rest_route=%2Fwp%2Fv2%2Fproduct_tag&post=26714"}],"curies":[{"name":"wp","href":"https:\/\/api.w.org\/{rel}","templated":true}]}}