{"id":26717,"date":"2025-08-26T11:16:06","date_gmt":"2025-08-26T14:16:06","guid":{"rendered":"https:\/\/jugueterialudico.com.ar\/?post_type=product&#038;p=26717"},"modified":"2026-01-05T13:00:09","modified_gmt":"2026-01-05T16:00:09","slug":"ciencia-magnetica-12en1-199","status":"publish","type":"product","link":"https:\/\/jugueterialudico.com.ar\/?product=ciencia-magnetica-12en1-199","title":{"rendered":"CIENCIA MAGN\u00c9TICA 12EN1 &#8211; 199"},"content":{"rendered":"<p>CIENCIA MAGN\u00c9TICA<\/p>\n<p>UN UNIVERSO DE MAGNETISMO EN TUS MANOS<\/p>\n<p>12 JUEGOS EN 1<\/p>\n<p>Este pack de 12 juegos te permitir\u00e1 explorar el fascinante mundo del magnetismo.<\/p>\n<p>Construye un OVNI que desaf\u00eda la gravedad , un auto magn\u00e9tico que corre sin parar y un robot magn\u00e9tico que realiza incre\u00edbles movimientos. Adem\u00e1s , aprender\u00e1s sobre la atracci\u00f3n magn\u00e9tica, la gravedad y muchas otras fuerzas de la naturaleza.<\/p>\n","protected":false},"excerpt":{"rendered":"<p>CIENCIA MAGN\u00c9TICA UN UNIVERSO DE MAGNETISMO EN TUS MANOS 12 JUEGOS EN 1 Este pack de 12 juegos te permitir\u00e1 explorar el fascinante mundo del magnetismo. Construye un OVNI que desaf\u00eda la gravedad , un auto magn\u00e9tico que corre sin parar y un robot magn\u00e9tico que realiza incre\u00edbles movimientos. Adem\u00e1s , aprender\u00e1s sobre la atracci\u00f3n [&hellip;]<\/p>\n","protected":false},"featured_media":26718,"comment_status":"open","ping_status":"closed","template":"","meta":{"site-sidebar-layout":"default","site-content-layout":"","ast-site-content-layout":"default","site-content-style":"default","site-sidebar-style":"default","ast-global-header-display":"","ast-banner-title-visibility":"","ast-main-header-display":"","ast-hfb-above-header-display":"","ast-hfb-below-header-display":"","ast-hfb-mobile-header-display":"","site-post-title":"","ast-breadcrumbs-content":"","ast-featured-img":"","footer-sml-layout":"","theme-transparent-header-meta":"default","adv-header-id-meta":"","stick-header-meta":"","header-above-stick-meta":"","header-main-stick-meta":"","header-below-stick-meta":"","astra-migrate-meta-layouts":"set","ast-page-background-enabled":"default","ast-page-background-meta":{"desktop":{"background-color":"","background-image":"","background-repeat":"repeat","background-position":"center center","background-size":"auto","background-attachment":"scroll","background-type":"","background-media":"","overlay-type":"","overlay-color":"","overlay-opacity":"","overlay-gradient":""},"tablet":{"background-color":"","background-image":"","background-repeat":"repeat","background-position":"center center","background-size":"auto","background-attachment":"scroll","background-type":"","background-media":"","overlay-type":"","overlay-color":"","overlay-opacity":"","overlay-gradient":""},"mobile":{"background-color":"","background-image":"","background-repeat":"repeat","background-position":"center center","background-size":"auto","background-attachment":"scroll","background-type":"","background-media":"","overlay-type":"","overlay-color":"","overlay-opacity":"","overlay-gradient":""}},"ast-content-background-meta":{"desktop":{"background-color":"var(--ast-global-color-5)","background-image":"","background-repeat":"repeat","background-position":"center center","background-size":"auto","background-attachment":"scroll","background-type":"","background-media":"","overlay-type":"","overlay-color":"","overlay-opacity":"","overlay-gradient":""},"tablet":{"background-color":"var(--ast-global-color-5)","background-image":"","background-repeat":"repeat","background-position":"center center","background-size":"auto","background-attachment":"scroll","background-type":"","background-media":"","overlay-type":"","overlay-color":"","overlay-opacity":"","overlay-gradient":""},"mobile":{"background-color":"var(--ast-global-color-5)","background-image":"","background-repeat":"repeat","background-position":"center center","background-size":"auto","background-attachment":"scroll","background-type":"","background-media":"","overlay-type":"","overlay-color":"","overlay-opacity":"","overlay-gradient":""}},"spay_email":""},"product_cat":[167,146,77],"product_tag":[],"_links":{"self":[{"href":"https:\/\/jugueterialudico.com.ar\/index.php?rest_route=\/wp\/v2\/product\/26717"}],"collection":[{"href":"https:\/\/jugueterialudico.com.ar\/index.php?rest_route=\/wp\/v2\/product"}],"about":[{"href":"https:\/\/jugueterialudico.com.ar\/index.php?rest_route=\/wp\/v2\/types\/product"}],"replies":[{"embeddable":true,"href":"https:\/\/jugueterialudico.com.ar\/index.php?rest_route=%2Fwp%2Fv2%2Fcomments&post=26717"}],"wp:featuredmedia":[{"embeddable":true,"href":"https:\/\/jugueterialudico.com.ar\/index.php?rest_route=\/wp\/v2\/media\/26718"}],"wp:attachment":[{"href":"https:\/\/jugueterialudico.com.ar\/index.php?rest_route=%2Fwp%2Fv2%2Fmedia&parent=26717"}],"wp:term":[{"taxonomy":"product_cat","embeddable":true,"href":"https:\/\/jugueterialudico.com.ar\/index.php?rest_route=%2Fwp%2Fv2%2Fproduct_cat&post=26717"},{"taxonomy":"product_tag","embeddable":true,"href":"https:\/\/jugueterialudico.com.ar\/index.php?rest_route=%2Fwp%2Fv2%2Fproduct_tag&post=26717"}],"curies":[{"name":"wp","href":"https:\/\/api.w.org\/{rel}","templated":true}]}}