{"id":26813,"date":"2025-09-17T10:36:36","date_gmt":"2025-09-17T13:36:36","guid":{"rendered":"https:\/\/jugueterialudico.com.ar\/?post_type=product&#038;p=26813"},"modified":"2025-09-17T10:36:37","modified_gmt":"2025-09-17T13:36:37","slug":"mis-recuerdos-207","status":"publish","type":"product","link":"https:\/\/jugueterialudico.com.ar\/?product=mis-recuerdos-207","title":{"rendered":"MIS RECUERDOS &#8211; 207"},"content":{"rendered":"<div class=\"productView-moreItem scroll-trigger animate--fade-in\">\n<div class=\"halo-share-3\">\n<h1 class=\"productView-title\">Mis recuerdos<\/h1>\n<\/div>\n<\/div>\n<p>&nbsp;<\/p>\n<div class=\"custom-product-description\">\n<div class=\"productDescription\">Todos los momentos m\u00e1s importantes de la vida de sus peque\u00f1os para inmortalizarlos y atesorarlos para siempre. Una caja que contiene 30 tarjetas para celebrar cada nuevo descubrimiento y un peque\u00f1o diario para anotar la fecha de cada nuevo hito. Un conjunto compuesto por 30 tarjetas y un diario de 32 p\u00e1ginas, todo ello en una refinada caja de delicados tonos pastel para conservar los recuerdos m\u00e1s preciados. .<\/div>\n<\/div>\n","protected":false},"excerpt":{"rendered":"<p>Mis recuerdos &nbsp; Todos los momentos m\u00e1s importantes de la vida de sus peque\u00f1os para inmortalizarlos y atesorarlos para siempre. Una caja que contiene 30 tarjetas para celebrar cada nuevo descubrimiento y un peque\u00f1o diario para anotar la fecha de cada nuevo hito. Un conjunto compuesto por 30 tarjetas y un diario de 32 p\u00e1ginas, [&hellip;]<\/p>\n","protected":false},"featured_media":26814,"comment_status":"open","ping_status":"closed","template":"","meta":{"site-sidebar-layout":"default","site-content-layout":"","ast-site-content-layout":"default","site-content-style":"default","site-sidebar-style":"default","ast-global-header-display":"","ast-banner-title-visibility":"","ast-main-header-display":"","ast-hfb-above-header-display":"","ast-hfb-below-header-display":"","ast-hfb-mobile-header-display":"","site-post-title":"","ast-breadcrumbs-content":"","ast-featured-img":"","footer-sml-layout":"","theme-transparent-header-meta":"default","adv-header-id-meta":"","stick-header-meta":"","header-above-stick-meta":"","header-main-stick-meta":"","header-below-stick-meta":"","astra-migrate-meta-layouts":"set","ast-page-background-enabled":"default","ast-page-background-meta":{"desktop":{"background-color":"","background-image":"","background-repeat":"repeat","background-position":"center center","background-size":"auto","background-attachment":"scroll","background-type":"","background-media":"","overlay-type":"","overlay-color":"","overlay-opacity":"","overlay-gradient":""},"tablet":{"background-color":"","background-image":"","background-repeat":"repeat","background-position":"center center","background-size":"auto","background-attachment":"scroll","background-type":"","background-media":"","overlay-type":"","overlay-color":"","overlay-opacity":"","overlay-gradient":""},"mobile":{"background-color":"","background-image":"","background-repeat":"repeat","background-position":"center center","background-size":"auto","background-attachment":"scroll","background-type":"","background-media":"","overlay-type":"","overlay-color":"","overlay-opacity":"","overlay-gradient":""}},"ast-content-background-meta":{"desktop":{"background-color":"var(--ast-global-color-5)","background-image":"","background-repeat":"repeat","background-position":"center center","background-size":"auto","background-attachment":"scroll","background-type":"","background-media":"","overlay-type":"","overlay-color":"","overlay-opacity":"","overlay-gradient":""},"tablet":{"background-color":"var(--ast-global-color-5)","background-image":"","background-repeat":"repeat","background-position":"center center","background-size":"auto","background-attachment":"scroll","background-type":"","background-media":"","overlay-type":"","overlay-color":"","overlay-opacity":"","overlay-gradient":""},"mobile":{"background-color":"var(--ast-global-color-5)","background-image":"","background-repeat":"repeat","background-position":"center center","background-size":"auto","background-attachment":"scroll","background-type":"","background-media":"","overlay-type":"","overlay-color":"","overlay-opacity":"","overlay-gradient":""}},"spay_email":""},"product_cat":[162,161,163,164,165,166,146],"product_tag":[],"_links":{"self":[{"href":"https:\/\/jugueterialudico.com.ar\/index.php?rest_route=\/wp\/v2\/product\/26813"}],"collection":[{"href":"https:\/\/jugueterialudico.com.ar\/index.php?rest_route=\/wp\/v2\/product"}],"about":[{"href":"https:\/\/jugueterialudico.com.ar\/index.php?rest_route=\/wp\/v2\/types\/product"}],"replies":[{"embeddable":true,"href":"https:\/\/jugueterialudico.com.ar\/index.php?rest_route=%2Fwp%2Fv2%2Fcomments&post=26813"}],"wp:featuredmedia":[{"embeddable":true,"href":"https:\/\/jugueterialudico.com.ar\/index.php?rest_route=\/wp\/v2\/media\/26814"}],"wp:attachment":[{"href":"https:\/\/jugueterialudico.com.ar\/index.php?rest_route=%2Fwp%2Fv2%2Fmedia&parent=26813"}],"wp:term":[{"taxonomy":"product_cat","embeddable":true,"href":"https:\/\/jugueterialudico.com.ar\/index.php?rest_route=%2Fwp%2Fv2%2Fproduct_cat&post=26813"},{"taxonomy":"product_tag","embeddable":true,"href":"https:\/\/jugueterialudico.com.ar\/index.php?rest_route=%2Fwp%2Fv2%2Fproduct_tag&post=26813"}],"curies":[{"name":"wp","href":"https:\/\/api.w.org\/{rel}","templated":true}]}}