{"id":26825,"date":"2025-09-17T10:40:16","date_gmt":"2025-09-17T13:40:16","guid":{"rendered":"https:\/\/jugueterialudico.com.ar\/?post_type=product&#038;p=26825"},"modified":"2025-09-17T10:40:44","modified_gmt":"2025-09-17T13:40:44","slug":"las-estaciones-207","status":"publish","type":"product","link":"https:\/\/jugueterialudico.com.ar\/?product=las-estaciones-207","title":{"rendered":"LAS ESTACIONES &#8211; 207"},"content":{"rendered":"<div class=\"productView-moreItem scroll-trigger animate--fade-in\">\n<div class=\"halo-share-3\">\n<h1 class=\"productView-title\">Las estaciones<\/h1>\n<\/div>\n<\/div>\n<h2><\/h2>\n<div class=\"custom-product-description\">\n<div class=\"productDescription\">Cada estaci\u00f3n est\u00e1 llena de cosas y acontecimientos nuevos por descubrir. Una caja con 30 tarjetas para inmortalizar cada nuevo descubrimiento y un libro ilustrado de 32 p\u00e1ginas para conocer los momentos m\u00e1s bellos de cada \u00e9poca del a\u00f1o. Un conjunto de tarjetas con ilustraciones de ensue\u00f1o y un libro ilustrado de 32 p\u00e1ginas para conocer los momentos m\u00e1s bellos de cada \u00e9poca del a\u00f1o.<\/div>\n<\/div>\n","protected":false},"excerpt":{"rendered":"<p>Las estaciones Cada estaci\u00f3n est\u00e1 llena de cosas y acontecimientos nuevos por descubrir. Una caja con 30 tarjetas para inmortalizar cada nuevo descubrimiento y un libro ilustrado de 32 p\u00e1ginas para conocer los momentos m\u00e1s bellos de cada \u00e9poca del a\u00f1o. Un conjunto de tarjetas con ilustraciones de ensue\u00f1o y un libro ilustrado de 32 [&hellip;]<\/p>\n","protected":false},"featured_media":26826,"comment_status":"open","ping_status":"closed","template":"","meta":{"site-sidebar-layout":"default","site-content-layout":"","ast-site-content-layout":"default","site-content-style":"default","site-sidebar-style":"default","ast-global-header-display":"","ast-banner-title-visibility":"","ast-main-header-display":"","ast-hfb-above-header-display":"","ast-hfb-below-header-display":"","ast-hfb-mobile-header-display":"","site-post-title":"","ast-breadcrumbs-content":"","ast-featured-img":"","footer-sml-layout":"","theme-transparent-header-meta":"default","adv-header-id-meta":"","stick-header-meta":"","header-above-stick-meta":"","header-main-stick-meta":"","header-below-stick-meta":"","astra-migrate-meta-layouts":"set","ast-page-background-enabled":"default","ast-page-background-meta":{"desktop":{"background-color":"","background-image":"","background-repeat":"repeat","background-position":"center center","background-size":"auto","background-attachment":"scroll","background-type":"","background-media":"","overlay-type":"","overlay-color":"","overlay-opacity":"","overlay-gradient":""},"tablet":{"background-color":"","background-image":"","background-repeat":"repeat","background-position":"center center","background-size":"auto","background-attachment":"scroll","background-type":"","background-media":"","overlay-type":"","overlay-color":"","overlay-opacity":"","overlay-gradient":""},"mobile":{"background-color":"","background-image":"","background-repeat":"repeat","background-position":"center center","background-size":"auto","background-attachment":"scroll","background-type":"","background-media":"","overlay-type":"","overlay-color":"","overlay-opacity":"","overlay-gradient":""}},"ast-content-background-meta":{"desktop":{"background-color":"var(--ast-global-color-5)","background-image":"","background-repeat":"repeat","background-position":"center center","background-size":"auto","background-attachment":"scroll","background-type":"","background-media":"","overlay-type":"","overlay-color":"","overlay-opacity":"","overlay-gradient":""},"tablet":{"background-color":"var(--ast-global-color-5)","background-image":"","background-repeat":"repeat","background-position":"center center","background-size":"auto","background-attachment":"scroll","background-type":"","background-media":"","overlay-type":"","overlay-color":"","overlay-opacity":"","overlay-gradient":""},"mobile":{"background-color":"var(--ast-global-color-5)","background-image":"","background-repeat":"repeat","background-position":"center center","background-size":"auto","background-attachment":"scroll","background-type":"","background-media":"","overlay-type":"","overlay-color":"","overlay-opacity":"","overlay-gradient":""}},"spay_email":""},"product_cat":[162,161,163,164,165,166,167,146],"product_tag":[],"_links":{"self":[{"href":"https:\/\/jugueterialudico.com.ar\/index.php?rest_route=\/wp\/v2\/product\/26825"}],"collection":[{"href":"https:\/\/jugueterialudico.com.ar\/index.php?rest_route=\/wp\/v2\/product"}],"about":[{"href":"https:\/\/jugueterialudico.com.ar\/index.php?rest_route=\/wp\/v2\/types\/product"}],"replies":[{"embeddable":true,"href":"https:\/\/jugueterialudico.com.ar\/index.php?rest_route=%2Fwp%2Fv2%2Fcomments&post=26825"}],"wp:featuredmedia":[{"embeddable":true,"href":"https:\/\/jugueterialudico.com.ar\/index.php?rest_route=\/wp\/v2\/media\/26826"}],"wp:attachment":[{"href":"https:\/\/jugueterialudico.com.ar\/index.php?rest_route=%2Fwp%2Fv2%2Fmedia&parent=26825"}],"wp:term":[{"taxonomy":"product_cat","embeddable":true,"href":"https:\/\/jugueterialudico.com.ar\/index.php?rest_route=%2Fwp%2Fv2%2Fproduct_cat&post=26825"},{"taxonomy":"product_tag","embeddable":true,"href":"https:\/\/jugueterialudico.com.ar\/index.php?rest_route=%2Fwp%2Fv2%2Fproduct_tag&post=26825"}],"curies":[{"name":"wp","href":"https:\/\/api.w.org\/{rel}","templated":true}]}}