{"id":26834,"date":"2025-09-17T10:43:54","date_gmt":"2025-09-17T13:43:54","guid":{"rendered":"https:\/\/jugueterialudico.com.ar\/?post_type=product&#038;p=26834"},"modified":"2025-09-17T10:43:55","modified_gmt":"2025-09-17T13:43:55","slug":"el-alfabeto-207","status":"publish","type":"product","link":"https:\/\/jugueterialudico.com.ar\/?product=el-alfabeto-207","title":{"rendered":"EL ALFABETO &#8211; 207"},"content":{"rendered":"<div class=\"productView-moreItem scroll-trigger animate--fade-in\">\n<div class=\"halo-share-3\">\n<h1 class=\"productView-title\">El alfabeto<\/h1>\n<div class=\"share-content scroll-trigger animate--fade-in\"><\/div>\n<\/div>\n<\/div>\n<div class=\"custom-product-description\">\n<div class=\"productDescription\">Aprender el abecedario es un hito para todos los ni\u00f1os. Una caja que contiene 30 tarjetas para captar cada nuevo descubrimiento y un libro ilustrado de 32 p\u00e1ginas para aprender juntos las letras. Un juego de 30 tarjetas bellamente ilustradas y un libro ilustrado de 32 p\u00e1ginas para aprender las letras del abecedario.<\/div>\n<\/div>\n","protected":false},"excerpt":{"rendered":"<p>El alfabeto Aprender el abecedario es un hito para todos los ni\u00f1os. Una caja que contiene 30 tarjetas para captar cada nuevo descubrimiento y un libro ilustrado de 32 p\u00e1ginas para aprender juntos las letras. Un juego de 30 tarjetas bellamente ilustradas y un libro ilustrado de 32 p\u00e1ginas para aprender las letras del abecedario.<\/p>\n","protected":false},"featured_media":26835,"comment_status":"open","ping_status":"closed","template":"","meta":{"site-sidebar-layout":"default","site-content-layout":"","ast-site-content-layout":"default","site-content-style":"default","site-sidebar-style":"default","ast-global-header-display":"","ast-banner-title-visibility":"","ast-main-header-display":"","ast-hfb-above-header-display":"","ast-hfb-below-header-display":"","ast-hfb-mobile-header-display":"","site-post-title":"","ast-breadcrumbs-content":"","ast-featured-img":"","footer-sml-layout":"","theme-transparent-header-meta":"default","adv-header-id-meta":"","stick-header-meta":"","header-above-stick-meta":"","header-main-stick-meta":"","header-below-stick-meta":"","astra-migrate-meta-layouts":"set","ast-page-background-enabled":"default","ast-page-background-meta":{"desktop":{"background-color":"","background-image":"","background-repeat":"repeat","background-position":"center center","background-size":"auto","background-attachment":"scroll","background-type":"","background-media":"","overlay-type":"","overlay-color":"","overlay-opacity":"","overlay-gradient":""},"tablet":{"background-color":"","background-image":"","background-repeat":"repeat","background-position":"center center","background-size":"auto","background-attachment":"scroll","background-type":"","background-media":"","overlay-type":"","overlay-color":"","overlay-opacity":"","overlay-gradient":""},"mobile":{"background-color":"","background-image":"","background-repeat":"repeat","background-position":"center center","background-size":"auto","background-attachment":"scroll","background-type":"","background-media":"","overlay-type":"","overlay-color":"","overlay-opacity":"","overlay-gradient":""}},"ast-content-background-meta":{"desktop":{"background-color":"var(--ast-global-color-5)","background-image":"","background-repeat":"repeat","background-position":"center center","background-size":"auto","background-attachment":"scroll","background-type":"","background-media":"","overlay-type":"","overlay-color":"","overlay-opacity":"","overlay-gradient":""},"tablet":{"background-color":"var(--ast-global-color-5)","background-image":"","background-repeat":"repeat","background-position":"center center","background-size":"auto","background-attachment":"scroll","background-type":"","background-media":"","overlay-type":"","overlay-color":"","overlay-opacity":"","overlay-gradient":""},"mobile":{"background-color":"var(--ast-global-color-5)","background-image":"","background-repeat":"repeat","background-position":"center center","background-size":"auto","background-attachment":"scroll","background-type":"","background-media":"","overlay-type":"","overlay-color":"","overlay-opacity":"","overlay-gradient":""}},"spay_email":""},"product_cat":[162,161,163,164,165,166,146],"product_tag":[],"_links":{"self":[{"href":"https:\/\/jugueterialudico.com.ar\/index.php?rest_route=\/wp\/v2\/product\/26834"}],"collection":[{"href":"https:\/\/jugueterialudico.com.ar\/index.php?rest_route=\/wp\/v2\/product"}],"about":[{"href":"https:\/\/jugueterialudico.com.ar\/index.php?rest_route=\/wp\/v2\/types\/product"}],"replies":[{"embeddable":true,"href":"https:\/\/jugueterialudico.com.ar\/index.php?rest_route=%2Fwp%2Fv2%2Fcomments&post=26834"}],"wp:featuredmedia":[{"embeddable":true,"href":"https:\/\/jugueterialudico.com.ar\/index.php?rest_route=\/wp\/v2\/media\/26835"}],"wp:attachment":[{"href":"https:\/\/jugueterialudico.com.ar\/index.php?rest_route=%2Fwp%2Fv2%2Fmedia&parent=26834"}],"wp:term":[{"taxonomy":"product_cat","embeddable":true,"href":"https:\/\/jugueterialudico.com.ar\/index.php?rest_route=%2Fwp%2Fv2%2Fproduct_cat&post=26834"},{"taxonomy":"product_tag","embeddable":true,"href":"https:\/\/jugueterialudico.com.ar\/index.php?rest_route=%2Fwp%2Fv2%2Fproduct_tag&post=26834"}],"curies":[{"name":"wp","href":"https:\/\/api.w.org\/{rel}","templated":true}]}}