{"id":26854,"date":"2025-09-20T11:32:55","date_gmt":"2025-09-20T14:32:55","guid":{"rendered":"https:\/\/jugueterialudico.com.ar\/?post_type=product&#038;p=26854"},"modified":"2026-04-28T18:20:17","modified_gmt":"2026-04-28T21:20:17","slug":"banderas-del-mundo-011","status":"publish","type":"product","link":"https:\/\/jugueterialudico.com.ar\/?product=banderas-del-mundo-011","title":{"rendered":"BANDERAS DEL MUNDO &#8211; 011"},"content":{"rendered":"<p>El Mazo de Cartas Banderas del Mundo de Barco de Papel invita a los chicos a descubrir la diversidad de pa\u00edses y continentes mientras aprenden sobre geograf\u00eda y cultura. Cada carta presenta una bandera con informaci\u00f3n b\u00e1sica del pa\u00eds, datos curiosos y referencias sobre su ubicaci\u00f3n. Una manera divertida y educativa de explorar el mundo, ideal para casa o la escuela. Incluye un libro de actividades exclusivo para seguir aprendiendo jugando.<\/p>\n<p>&nbsp;<\/p>\n<p><strong>CARACTER\u00cdSTICAS PRINCIPALES<\/strong><\/p>\n<p>\u2022 Cartas ilustradas con las banderas de 195 pa\u00edses.<\/p>\n<p>\u2022 Informaci\u00f3n en cada tarjeta: nombre oficial, capital, poblaci\u00f3n, idioma y un dato curioso.<\/p>\n<p>\u2022 Cartas de referencia por continentes y mapamundis.<\/p>\n<p>\u2022 Actividades y consignas para reforzar la geograf\u00eda y la cultura general.<\/p>\n<p>\u2022 Estuche laminado, resistente y pr\u00e1ctico para guardar y transportar.<\/p>\n<p>&nbsp;<\/p>\n<p><strong>BENEFICIOS EDUCATIVOS<\/strong><\/p>\n<p>\u2022 Favorece el conocimiento geogr\u00e1fico y cultural.<\/p>\n<p>\u2022 Ampl\u00eda el vocabulario y la curiosidad por el mundo.<\/p>\n<p>\u2022 Estimula la memoria y la atenci\u00f3n con datos y banderas.<\/p>\n<p>\u2022 Ideal para trabajar en el aula, proyectos escolares o en familia.<\/p>\n<p>&nbsp;<\/p>\n<p><strong>CONTENIDO DEL PRODUCTO<\/strong><\/p>\n<p>\u2022 50 cartas<\/p>\n<p>\u2022 1 libro de actividades<\/p>\n<p>&nbsp;<\/p>\n<p><strong>INFORMACI\u00d3N ADICIONAL<\/strong><\/p>\n<p><strong>Tama\u00f1o de cartas:<\/strong>\u00a012 x 9 cm aprox.<\/p>\n<p><strong>Edad recomendada:<\/strong>\u00a0+4 a\u00f1os.<\/p>\n<p><strong>Jugadores:<\/strong>\u00a0individual o grupal.<\/p>\n","protected":false},"excerpt":{"rendered":"<p>El Mazo de Cartas Banderas del Mundo de Barco de Papel invita a los chicos a descubrir la diversidad de pa\u00edses y continentes mientras aprenden sobre geograf\u00eda y cultura. Cada carta presenta una bandera con informaci\u00f3n b\u00e1sica del pa\u00eds, datos curiosos y referencias sobre su ubicaci\u00f3n. Una manera divertida y educativa de explorar el mundo, [&hellip;]<\/p>\n","protected":false},"featured_media":26855,"comment_status":"open","ping_status":"closed","template":"","meta":{"site-sidebar-layout":"default","site-content-layout":"","ast-site-content-layout":"default","site-content-style":"default","site-sidebar-style":"default","ast-global-header-display":"","ast-banner-title-visibility":"","ast-main-header-display":"","ast-hfb-above-header-display":"","ast-hfb-below-header-display":"","ast-hfb-mobile-header-display":"","site-post-title":"","ast-breadcrumbs-content":"","ast-featured-img":"","footer-sml-layout":"","theme-transparent-header-meta":"default","adv-header-id-meta":"","stick-header-meta":"","header-above-stick-meta":"","header-main-stick-meta":"","header-below-stick-meta":"","astra-migrate-meta-layouts":"set","ast-page-background-enabled":"default","ast-page-background-meta":{"desktop":{"background-color":"","background-image":"","background-repeat":"repeat","background-position":"center center","background-size":"auto","background-attachment":"scroll","background-type":"","background-media":"","overlay-type":"","overlay-color":"","overlay-opacity":"","overlay-gradient":""},"tablet":{"background-color":"","background-image":"","background-repeat":"repeat","background-position":"center center","background-size":"auto","background-attachment":"scroll","background-type":"","background-media":"","overlay-type":"","overlay-color":"","overlay-opacity":"","overlay-gradient":""},"mobile":{"background-color":"","background-image":"","background-repeat":"repeat","background-position":"center center","background-size":"auto","background-attachment":"scroll","background-type":"","background-media":"","overlay-type":"","overlay-color":"","overlay-opacity":"","overlay-gradient":""}},"ast-content-background-meta":{"desktop":{"background-color":"var(--ast-global-color-5)","background-image":"","background-repeat":"repeat","background-position":"center center","background-size":"auto","background-attachment":"scroll","background-type":"","background-media":"","overlay-type":"","overlay-color":"","overlay-opacity":"","overlay-gradient":""},"tablet":{"background-color":"var(--ast-global-color-5)","background-image":"","background-repeat":"repeat","background-position":"center center","background-size":"auto","background-attachment":"scroll","background-type":"","background-media":"","overlay-type":"","overlay-color":"","overlay-opacity":"","overlay-gradient":""},"mobile":{"background-color":"var(--ast-global-color-5)","background-image":"","background-repeat":"repeat","background-position":"center center","background-size":"auto","background-attachment":"scroll","background-type":"","background-media":"","overlay-type":"","overlay-color":"","overlay-opacity":"","overlay-gradient":""}},"spay_email":""},"product_cat":[185,168,165,166,167,146,74],"product_tag":[],"_links":{"self":[{"href":"https:\/\/jugueterialudico.com.ar\/index.php?rest_route=\/wp\/v2\/product\/26854"}],"collection":[{"href":"https:\/\/jugueterialudico.com.ar\/index.php?rest_route=\/wp\/v2\/product"}],"about":[{"href":"https:\/\/jugueterialudico.com.ar\/index.php?rest_route=\/wp\/v2\/types\/product"}],"replies":[{"embeddable":true,"href":"https:\/\/jugueterialudico.com.ar\/index.php?rest_route=%2Fwp%2Fv2%2Fcomments&post=26854"}],"wp:featuredmedia":[{"embeddable":true,"href":"https:\/\/jugueterialudico.com.ar\/index.php?rest_route=\/wp\/v2\/media\/26855"}],"wp:attachment":[{"href":"https:\/\/jugueterialudico.com.ar\/index.php?rest_route=%2Fwp%2Fv2%2Fmedia&parent=26854"}],"wp:term":[{"taxonomy":"product_cat","embeddable":true,"href":"https:\/\/jugueterialudico.com.ar\/index.php?rest_route=%2Fwp%2Fv2%2Fproduct_cat&post=26854"},{"taxonomy":"product_tag","embeddable":true,"href":"https:\/\/jugueterialudico.com.ar\/index.php?rest_route=%2Fwp%2Fv2%2Fproduct_tag&post=26854"}],"curies":[{"name":"wp","href":"https:\/\/api.w.org\/{rel}","templated":true}]}}